{"id":5109,"date":"2025-12-05T13:04:05","date_gmt":"2025-12-05T13:04:05","guid":{"rendered":"https:\/\/previntegral.com\/producto\/reciclatge-en-c-20-treballs-de-construccio-i-manteniment-de-vies-ferries\/"},"modified":"2026-03-16T18:32:34","modified_gmt":"2026-03-16T18:32:34","slug":"reciclaje-en-c20-obras-de-construccion-y-mantenimiento-ferroviario","status":"publish","type":"product","link":"https:\/\/previntegral.com\/es\/producto\/reciclatge-en-c-20-treballs-de-construccio-i-manteniment-de-vies-ferries\/","title":{"rendered":"Reciclaje en C.20 \u2013 Trabajos de construcci\u00f3n y mantenimiento de v\u00edas f\u00e9rreas"},"content":{"rendered":"<p>El curso <strong>C.20<\/strong> \u2013 Los trabajos de construcci\u00f3n y mantenimiento de v\u00edas constituyen una formaci\u00f3n pr\u00e1ctica para el personal de producci\u00f3n y mantenimiento de la <strong>Acuerdo sobre metales<\/strong>. Con una duraci\u00f3n de <strong>4 horas<\/strong> y modo <strong>presencial<\/strong>, actualiza los conocimientos fundamentales en <strong>prevenci\u00f3n de riesgos laborales<\/strong> en entornos ferroviarios: tr\u00e1fico y riesgo de atropello, trabajos sobre el balasto, uso seguro de los equipos de v\u00eda y de las herramientas de corte y soldadura, vibraciones, ruido y polvo, trabajos en altura y proximidad a la catenaria, se\u00f1alizaci\u00f3n e iluminaci\u00f3n, autorizaciones de acceso, coordinaci\u00f3n de actividades y respuesta ante emergencias. Se refuerzan los procedimientos, <strong>\u00cdndice de protecci\u00f3n equivalente<\/strong> y las medidas de protecci\u00f3n colectiva, las listas de comprobaci\u00f3n y los procedimientos de bloqueo y etiquetado, de modo que lo aprendido se pueda aplicar de inmediato. El curso cumple con el requisito del convenio relativo a la formaci\u00f3n de actualizaci\u00f3n cada cuatro a\u00f1os y consolida la integraci\u00f3n de la seguridad en la organizaci\u00f3n del trabajo. Previntegral, centro acreditado por la FLC (n.\u00ba 0505080031), imparte una sesi\u00f3n din\u00e1mica con casos reales de la Especialidad C.20, destinada a mejorar la seguridad y la eficiencia en las obras y en la v\u00eda.<\/p>","protected":false},"excerpt":{"rendered":"<p>El curs C.20 \u2013 Treballs de construcci\u00f3 i manteniment de vies f\u00e8rries \u00e9s un reciclatge pr\u00e0ctic per a personal de producci\u00f3 i manteniment del Conveni del Metall. Amb una durada de 4 hores i modalitat presencial, actualitza coneixements clau en prevenci\u00f3 de riscos laborals en entorns ferroviaris: circulaci\u00f3 i risc d\u2019atropellament, treball sobre balast, \u00fas [&hellip;]<\/p>\n","protected":false},"featured_media":5111,"comment_status":"open","ping_status":"closed","template":"","meta":{"_acf_changed":false},"product_brand":[],"product_cat":[41],"product_tag":[],"class_list":{"0":"post-5109","1":"product","2":"type-product","3":"status-publish","4":"has-post-thumbnail","6":"product_cat-metall","8":"first","9":"instock","10":"virtual","11":"taxable","12":"purchasable","13":"product-type-curso"},"acf":[],"precio_regular_curso":121,"precio_bonificado_curso":127.05,"_links":{"self":[{"href":"https:\/\/previntegral.com\/es\/wp-json\/wp\/v2\/product\/5109","targetHints":{"allow":["GET"]}}],"collection":[{"href":"https:\/\/previntegral.com\/es\/wp-json\/wp\/v2\/product"}],"about":[{"href":"https:\/\/previntegral.com\/es\/wp-json\/wp\/v2\/types\/product"}],"replies":[{"embeddable":true,"href":"https:\/\/previntegral.com\/es\/wp-json\/wp\/v2\/comments?post=5109"}],"wp:featuredmedia":[{"embeddable":true,"href":"https:\/\/previntegral.com\/es\/wp-json\/wp\/v2\/media\/5111"}],"wp:attachment":[{"href":"https:\/\/previntegral.com\/es\/wp-json\/wp\/v2\/media?parent=5109"}],"wp:term":[{"taxonomy":"product_brand","embeddable":true,"href":"https:\/\/previntegral.com\/es\/wp-json\/wp\/v2\/product_brand?post=5109"},{"taxonomy":"product_cat","embeddable":true,"href":"https:\/\/previntegral.com\/es\/wp-json\/wp\/v2\/product_cat?post=5109"},{"taxonomy":"product_tag","embeddable":true,"href":"https:\/\/previntegral.com\/es\/wp-json\/wp\/v2\/product_tag?post=5109"}],"curies":[{"name":"WordPress","href":"https:\/\/api.w.org\/{rel}","templated":true}]}}