{"id":5433,"date":"2025-12-09T16:36:58","date_gmt":"2025-12-09T16:36:58","guid":{"rendered":"https:\/\/previntegral.com\/producto\/c-5-operaris-de-maquines-de-mecanitzat-per-arrencada-de-ferritja-o-per-abrasio\/"},"modified":"2026-03-16T18:32:34","modified_gmt":"2026-03-16T18:32:34","slug":"c-5-operarios-de-maquinas-de-mecanizado-para-el-arranque-de-viruta-o-el-desbaste","status":"publish","type":"product","link":"https:\/\/previntegral.com\/es\/producto\/c-5-operaris-de-maquines-de-mecanitzat-per-arrencada-de-ferritja-o-per-abrasio\/","title":{"rendered":"C.5 \u2013 Operarios de m\u00e1quinas de mecanizado por arranque de viruta o abrasivo"},"content":{"rendered":"<p>Este curso est\u00e1 dirigido a <strong>Operadores de m\u00e1quinas para el mecanizado por arranque de viruta o el mecanizado abrasivo<\/strong> del sector metal\u00fargico que necesitan una formaci\u00f3n espec\u00edfica y acreditada. Con una duraci\u00f3n de <strong>20 horas<\/strong> en modal <strong>presencial<\/strong>, combina la teor\u00eda y la pr\u00e1ctica orientadas hacia el <strong>prevenci\u00f3n de riesgos laborales<\/strong> y la seguridad en el uso de tornos, fresadoras, rectificadoras y otros equipos. Aborda los riesgos m\u00e1s comunes (riesgos de atrapamiento, proyecci\u00f3n de part\u00edculas, ruido, vibraciones y fluidos de corte), as\u00ed como la selecci\u00f3n y el uso de\u2019<strong>\u00cdndice de protecci\u00f3n equivalente<\/strong>, la organizaci\u00f3n y la se\u00f1alizaci\u00f3n del recinto, y <strong>T\u00e9cnicas de trabajo seguras<\/strong> en el montaje, ajuste, prueba y mantenimiento b\u00e1sico de herramientas. El programa refuerza el <strong>competencias<\/strong> identificar los riesgos, aplicar medidas preventivas y responder ante situaciones de emergencia, garantizando el cumplimiento de la legislaci\u00f3n vigente. <strong>Convenio colectivo estatal para el sector metal\u00fargico<\/strong>. Un curso de formaci\u00f3n fundamental para reducir los accidentes y las enfermedades laborales, mejorar la calidad del proceso y mantener al d\u00eda los conocimientos en materia de prevenci\u00f3n, tambi\u00e9n como preparaci\u00f3n para las renovaciones peri\u00f3dicas.<\/p>","protected":false},"excerpt":{"rendered":"<p>Aquest curs est\u00e0 dissenyat per a operaris de m\u00e0quines de mecanitzat per arrencada de ferritja o per abrasi\u00f3 del sector del metall que necessiten una formaci\u00f3 espec\u00edfica i homologable. Amb una durada de 20 hores en modalitat presencial, combina teoria i pr\u00e0ctica orientades a la prevenci\u00f3 de riscos laborals i a la seguretat en l\u2019\u00fas [&hellip;]<\/p>\n","protected":false},"featured_media":5435,"comment_status":"open","ping_status":"closed","template":"","meta":{"_acf_changed":false},"product_brand":[],"product_cat":[41],"product_tag":[],"class_list":{"0":"post-5433","1":"product","2":"type-product","3":"status-publish","4":"has-post-thumbnail","6":"product_cat-metall","8":"first","9":"instock","10":"virtual","11":"taxable","12":"purchasable","13":"product-type-curso"},"acf":[],"precio_regular_curso":340.01,"precio_bonificado_curso":358.16,"_links":{"self":[{"href":"https:\/\/previntegral.com\/es\/wp-json\/wp\/v2\/product\/5433","targetHints":{"allow":["GET"]}}],"collection":[{"href":"https:\/\/previntegral.com\/es\/wp-json\/wp\/v2\/product"}],"about":[{"href":"https:\/\/previntegral.com\/es\/wp-json\/wp\/v2\/types\/product"}],"replies":[{"embeddable":true,"href":"https:\/\/previntegral.com\/es\/wp-json\/wp\/v2\/comments?post=5433"}],"wp:featuredmedia":[{"embeddable":true,"href":"https:\/\/previntegral.com\/es\/wp-json\/wp\/v2\/media\/5435"}],"wp:attachment":[{"href":"https:\/\/previntegral.com\/es\/wp-json\/wp\/v2\/media?parent=5433"}],"wp:term":[{"taxonomy":"product_brand","embeddable":true,"href":"https:\/\/previntegral.com\/es\/wp-json\/wp\/v2\/product_brand?post=5433"},{"taxonomy":"product_cat","embeddable":true,"href":"https:\/\/previntegral.com\/es\/wp-json\/wp\/v2\/product_cat?post=5433"},{"taxonomy":"product_tag","embeddable":true,"href":"https:\/\/previntegral.com\/es\/wp-json\/wp\/v2\/product_tag?post=5433"}],"curies":[{"name":"WordPress","href":"https:\/\/api.w.org\/{rel}","templated":true}]}}