{"id":5436,"date":"2025-12-09T16:37:41","date_gmt":"2025-12-09T16:37:41","guid":{"rendered":"https:\/\/previntegral.com\/producto\/curs-de-seguretat-en-lus-de-carretons-elevadors\/"},"modified":"2026-03-17T08:41:15","modified_gmt":"2026-03-17T08:41:15","slug":"curso-de-seguridad-para-carretillas-elevadoras","status":"publish","type":"product","link":"https:\/\/previntegral.com\/es\/producto\/curs-de-seguretat-en-lus-de-carretons-elevadors\/","title":{"rendered":"Curso de seguridad para carretillas elevadoras"},"content":{"rendered":"<p>Este curso ofrece una formaci\u00f3n completa en <strong>Seguridad en el uso de carretillas elevadoras<\/strong>, en consonancia con el\u2019<strong>Art\u00edculo 19<\/strong> de la Ley 31\/1995 de <strong>prevenci\u00f3n de riesgos laborales<\/strong> y los criterios del Convenio <strong>Maquinaria<\/strong>. En modal <strong>presencial<\/strong> i <strong>Te\u00f3rico-pr\u00e1ctico<\/strong>, con una duraci\u00f3n de <strong>Ocho horas<\/strong> y opci\u00f3n <strong>En la empresa<\/strong>, los participantes se entrenan en situaciones reales: maniobras, apilado, carga y descarga, control de la\u2019<strong>estabilidad de carga<\/strong>, se\u00f1alizaci\u00f3n y la interacci\u00f3n segura con los peatones. Se tratan las comprobaciones previas a la puesta en marcha y el uso correcto del equipo. <strong>\u00cdndice de protecci\u00f3n equivalente<\/strong>, el <strong>dispositivos de seguridad<\/strong> de la m\u00e1quina, las normas de uso en pasillos estrechos y en pendientes, y las buenas pr\u00e1cticas para la recarga y el mantenimiento b\u00e1sico. Los alumnos adquieren la capacidad de identificar los riesgos ambientales, aplicar medidas preventivas eficaces y trabajar de forma eficiente, minimizando los incidentes y los da\u00f1os materiales. Dirigido a trabajadores que utilizan carretillas elevadoras en su trabajo diario, el programa se adapta a las necesidades de cada empresa y recomienda un curso de actualizaci\u00f3n cada cuatro a\u00f1os (cuatro horas) para mantener al d\u00eda las habilidades y los conocimientos.<\/p>","protected":false},"excerpt":{"rendered":"<p>Aquest curs proporciona una formaci\u00f3 integral en seguretat en l\u2019\u00fas de carretons elevadors, alineada amb l\u2019article 19 de la Llei 31\/1995 de prevenci\u00f3 de riscos laborals i els criteris del Conveni de Maquin\u00e0ria. En modalitat presencial i te\u00f2ric-pr\u00e0ctica, amb una durada de 8 hores i opci\u00f3 In Company, els participants entrenen en escenaris reals: maniobres [&hellip;]<\/p>\n","protected":false},"featured_media":5438,"comment_status":"open","ping_status":"closed","template":"","meta":{"_acf_changed":false},"product_brand":[],"product_cat":[53],"product_tag":[],"class_list":{"0":"post-5436","1":"product","2":"type-product","3":"status-publish","4":"has-post-thumbnail","6":"product_cat-maquinaria","8":"first","9":"instock","10":"virtual","11":"taxable","12":"purchasable","13":"product-type-curso"},"acf":[],"precio_regular_curso":248.05,"precio_bonificado_curso":266.2,"_links":{"self":[{"href":"https:\/\/previntegral.com\/es\/wp-json\/wp\/v2\/product\/5436","targetHints":{"allow":["GET"]}}],"collection":[{"href":"https:\/\/previntegral.com\/es\/wp-json\/wp\/v2\/product"}],"about":[{"href":"https:\/\/previntegral.com\/es\/wp-json\/wp\/v2\/types\/product"}],"replies":[{"embeddable":true,"href":"https:\/\/previntegral.com\/es\/wp-json\/wp\/v2\/comments?post=5436"}],"wp:featuredmedia":[{"embeddable":true,"href":"https:\/\/previntegral.com\/es\/wp-json\/wp\/v2\/media\/5438"}],"wp:attachment":[{"href":"https:\/\/previntegral.com\/es\/wp-json\/wp\/v2\/media?parent=5436"}],"wp:term":[{"taxonomy":"product_brand","embeddable":true,"href":"https:\/\/previntegral.com\/es\/wp-json\/wp\/v2\/product_brand?post=5436"},{"taxonomy":"product_cat","embeddable":true,"href":"https:\/\/previntegral.com\/es\/wp-json\/wp\/v2\/product_cat?post=5436"},{"taxonomy":"product_tag","embeddable":true,"href":"https:\/\/previntegral.com\/es\/wp-json\/wp\/v2\/product_tag?post=5436"}],"curies":[{"name":"WordPress","href":"https:\/\/api.w.org\/{rel}","templated":true}]}}