{"id":5440,"date":"2025-12-09T16:37:57","date_gmt":"2025-12-09T16:37:57","guid":{"rendered":"https:\/\/previntegral.com\/producto\/curs-de-seguretat-en-lus-de-les-plataformes-mobils-de-personal-pemp\/"},"modified":"2026-03-16T18:32:34","modified_gmt":"2026-03-16T18:32:34","slug":"curso-de-seguridad-en-el-uso-de-plataformas-moviles-para-personal","status":"publish","type":"product","link":"https:\/\/previntegral.com\/es\/producto\/curs-de-seguretat-en-lus-de-les-plataformes-mobils-de-personal-pemp\/","title":{"rendered":"Curso sobre seguridad en el uso de plataformas elevadoras m\u00f3viles de personal (PEMP)"},"content":{"rendered":"<p>Curso de seguridad para el uso de plataformas m\u00f3viles para personal (<strong>Plan m\u00e9dico de emergencia p\u00fablica<\/strong>) del acuerdo de <strong>maquinaria<\/strong> imparte formaci\u00f3n preventiva para el uso seguro de plataformas elevadoras, de conformidad con el art\u00edculo 19 de la <strong>Ley 31\/1995 sobre prevenci\u00f3n de riesgos laborales<\/strong>. En <strong>Modo presencial<\/strong> y con una duraci\u00f3n de <strong>Ocho horas<\/strong>, Combina explicaciones claras con pr\u00e1cticas intensivas en un entorno controlado. Se simulan situaciones de uso para que los estudiantes puedan adquirir experiencia y aprender a <strong>identificar riesgos<\/strong> del medio ambiente y la aplicaci\u00f3n de medidas de control eficaces. Trabajan en el <strong>Maniobra segura<\/strong> y la estabilidad de la m\u00e1quina, las comprobaciones previas al arranque y la se\u00f1alizaci\u00f3n del lugar de trabajo, as\u00ed como la <strong>dispositivos de seguridad<\/strong> y los protocolos de rescate y descenso de emergencia. Tambi\u00e9n se hace hincapi\u00e9 en la selecci\u00f3n y el uso correcto de los <strong>\u00cdndice de protecci\u00f3n equivalente<\/strong> (arneses, puntos de anclaje y l\u00edneas de vida), prevenci\u00f3n de ca\u00eddas, atrapamiento y contacto el\u00e9ctrico. Contamos con el equipo necesario para una formaci\u00f3n pedag\u00f3gica de alta calidad, garantizando un manejo seguro y eficiente.<\/p>","protected":false},"excerpt":{"rendered":"<p>El Curs de seguretat en l\u2019\u00fas de les plataformes m\u00f2bils de personal (PEMP) del conveni de maquin\u00e0ria proporciona formaci\u00f3 preventiva per a utilitzar amb seguretat les plataformes elevadores, d\u2019acord amb l\u2019article 19 de la Llei 31\/1995, de prevenci\u00f3 de riscos laborals. En modalitat presencial i amb una durada de 8 hores, combina explicacions clares amb [&hellip;]<\/p>\n","protected":false},"featured_media":5442,"comment_status":"open","ping_status":"closed","template":"","meta":{"_acf_changed":false},"product_brand":[],"product_cat":[53],"product_tag":[],"class_list":{"0":"post-5440","1":"product","2":"type-product","3":"status-publish","4":"has-post-thumbnail","6":"product_cat-maquinaria","8":"first","9":"instock","10":"virtual","11":"taxable","12":"purchasable","13":"product-type-curso"},"acf":[],"precio_regular_curso":278.3,"precio_bonificado_curso":292.82,"_links":{"self":[{"href":"https:\/\/previntegral.com\/es\/wp-json\/wp\/v2\/product\/5440","targetHints":{"allow":["GET"]}}],"collection":[{"href":"https:\/\/previntegral.com\/es\/wp-json\/wp\/v2\/product"}],"about":[{"href":"https:\/\/previntegral.com\/es\/wp-json\/wp\/v2\/types\/product"}],"replies":[{"embeddable":true,"href":"https:\/\/previntegral.com\/es\/wp-json\/wp\/v2\/comments?post=5440"}],"wp:featuredmedia":[{"embeddable":true,"href":"https:\/\/previntegral.com\/es\/wp-json\/wp\/v2\/media\/5442"}],"wp:attachment":[{"href":"https:\/\/previntegral.com\/es\/wp-json\/wp\/v2\/media?parent=5440"}],"wp:term":[{"taxonomy":"product_brand","embeddable":true,"href":"https:\/\/previntegral.com\/es\/wp-json\/wp\/v2\/product_brand?post=5440"},{"taxonomy":"product_cat","embeddable":true,"href":"https:\/\/previntegral.com\/es\/wp-json\/wp\/v2\/product_cat?post=5440"},{"taxonomy":"product_tag","embeddable":true,"href":"https:\/\/previntegral.com\/es\/wp-json\/wp\/v2\/product_tag?post=5440"}],"curies":[{"name":"WordPress","href":"https:\/\/api.w.org\/{rel}","templated":true}]}}