{"id":5443,"date":"2025-12-09T16:38:36","date_gmt":"2025-12-09T16:38:36","guid":{"rendered":"https:\/\/previntegral.com\/producto\/curs-de-seguretat-en-lus-de-ponts-grua\/"},"modified":"2026-03-16T18:32:34","modified_gmt":"2026-03-16T18:32:34","slug":"curso-de-seguridad-para-puentes-grua","status":"publish","type":"product","link":"https:\/\/previntegral.com\/es\/producto\/curs-de-seguretat-en-lus-de-ponts-grua\/","title":{"rendered":"Curso sobre seguridad en el uso de gr\u00faas p\u00f3rtico"},"content":{"rendered":"<p>Este curso sobre el uso seguro de <strong>puentes gr\u00faa<\/strong> ofrece la formaci\u00f3n y la informaci\u00f3n necesarias para trabajar con garant\u00edas de <strong>prevenci\u00f3n de riesgos<\/strong>, de conformidad con el art\u00edculo 19 de la <strong>Ley 31\/1995<\/strong> y el art\u00edculo 5 de <strong>RD 1215\/1997<\/strong>. En <strong>Modo presencial<\/strong>, es un programa <strong>Te\u00f3rico y pr\u00e1ctico<\/strong> 8 horas (adaptable seg\u00fan las necesidades) con opci\u00f3n <em>En la empresa<\/em> en las instalaciones de la empresa. Abarca las comprobaciones preliminares, el uso adecuado de los <strong>\u00cdndice de protecci\u00f3n equivalente<\/strong>, identificaci\u00f3n de riesgos medioambientales, se\u00f1alizaci\u00f3n y comunicaci\u00f3n con el se\u00f1alero, t\u00e9cnicas de estroboscopia y centrado de cargas, planificaci\u00f3n de trayectorias, zonas de exclusi\u00f3n, maniobras seguras y respuesta ante emergencias, as\u00ed como conocimientos sobre el <strong>dispositivos de seguridad<\/strong> de la gr\u00faa p\u00f3rtico. Las sesiones pr\u00e1cticas guiadas, basadas en casos reales, permiten al personal de operaci\u00f3n, mantenimiento y almac\u00e9n que utiliza habitualmente este equipo consolidar h\u00e1bitos seguros y criterios de funcionamiento eficaces. Se recomienda realizar un curso de actualizaci\u00f3n de cuatro horas cada cuatro a\u00f1os para mantener las competencias al d\u00eda y reforzar las buenas pr\u00e1cticas, especialmente en entornos del sector. <strong>Maquinaria<\/strong>.<\/p>","protected":false},"excerpt":{"rendered":"<p>Aquest curs de seguretat en l\u2019\u00fas de ponts grua aporta la formaci\u00f3 i la informaci\u00f3 necess\u00e0ries per treballar amb garanties de prevenci\u00f3 de riscos, d\u2019acord amb l\u2019article 19 de la Llei 31\/1995 i l\u2019article 5 del RD 1215\/1997. En modalitat presencial, \u00e9s un programa te\u00f2rico-pr\u00e0ctic de 8 hores (adaptable segons necessitats) amb opci\u00f3 In Company [&hellip;]<\/p>\n","protected":false},"featured_media":5446,"comment_status":"open","ping_status":"closed","template":"","meta":{"_acf_changed":false},"product_brand":[],"product_cat":[53],"product_tag":[],"class_list":{"0":"post-5443","1":"product","2":"type-product","3":"status-publish","4":"has-post-thumbnail","6":"product_cat-maquinaria","8":"first","9":"instock","10":"virtual","11":"taxable","12":"purchasable","13":"product-type-curso"},"acf":[],"precio_regular_curso":278.3,"precio_bonificado_curso":292.82,"_links":{"self":[{"href":"https:\/\/previntegral.com\/es\/wp-json\/wp\/v2\/product\/5443","targetHints":{"allow":["GET"]}}],"collection":[{"href":"https:\/\/previntegral.com\/es\/wp-json\/wp\/v2\/product"}],"about":[{"href":"https:\/\/previntegral.com\/es\/wp-json\/wp\/v2\/types\/product"}],"replies":[{"embeddable":true,"href":"https:\/\/previntegral.com\/es\/wp-json\/wp\/v2\/comments?post=5443"}],"wp:featuredmedia":[{"embeddable":true,"href":"https:\/\/previntegral.com\/es\/wp-json\/wp\/v2\/media\/5446"}],"wp:attachment":[{"href":"https:\/\/previntegral.com\/es\/wp-json\/wp\/v2\/media?parent=5443"}],"wp:term":[{"taxonomy":"product_brand","embeddable":true,"href":"https:\/\/previntegral.com\/es\/wp-json\/wp\/v2\/product_brand?post=5443"},{"taxonomy":"product_cat","embeddable":true,"href":"https:\/\/previntegral.com\/es\/wp-json\/wp\/v2\/product_cat?post=5443"},{"taxonomy":"product_tag","embeddable":true,"href":"https:\/\/previntegral.com\/es\/wp-json\/wp\/v2\/product_tag?post=5443"}],"curies":[{"name":"WordPress","href":"https:\/\/api.w.org\/{rel}","templated":true}]}}