{"id":5447,"date":"2025-12-09T16:38:54","date_gmt":"2025-12-09T16:38:54","guid":{"rendered":"https:\/\/previntegral.com\/producto\/curs-de-seguretat-en-lus-del-tractor\/"},"modified":"2026-03-16T18:32:34","modified_gmt":"2026-03-16T18:32:34","slug":"curso-de-seguridad-para-tractores-con-cargador","status":"publish","type":"product","link":"https:\/\/previntegral.com\/es\/producto\/curs-de-seguretat-en-lus-del-tractor\/","title":{"rendered":"Curso sobre seguridad en tractores"},"content":{"rendered":"<p>El Curso de Seguridad en el Uso de Tractores, vinculado a la convenci\u00f3n de <strong>Maquinaria<\/strong>, permite a los trabajadores manejar el <strong>tractor<\/strong> con criterios preventivos, de conformidad con el art\u00edculo 19 de la <strong>Ley 31\/1995<\/strong> y el art\u00edculo 5 de <strong>RD 1215\/1997<\/strong>. Se lleva a cabo en <strong>Modo presencial<\/strong>, con un enfoque <strong>te\u00f3rico-pr\u00e1ctico<\/strong> y opci\u00f3n <strong>En la empresa<\/strong>. La duraci\u00f3n est\u00e1ndar es <strong>Ocho horas<\/strong> (normalmente 6 u 8, adaptable a las necesidades de cada empresa). Dirigido a personas que utilizan tractores en entornos agr\u00edcolas, forestales o de construcci\u00f3n, el curso abarca buenas pr\u00e1cticas para maniobrar y conducir, comprobaciones previas al uso, uso correcto del <strong>\u00cdndice de protecci\u00f3n equivalente<\/strong>, identificaci\u00f3n de <strong>riesgos<\/strong> del medio ambiente y de la <strong>dispositivos de seguridad<\/strong> (ROPS\/FOPS, protecciones, se\u00f1alizaci\u00f3n), as\u00ed como el\u2019<strong>Acoplamiento de accesorios<\/strong> y enganches. Las sesiones incluyen ejercicios pr\u00e1cticos en la pista de pruebas o en las instalaciones del cliente, con resoluci\u00f3n de situaciones cr\u00edticas (volcaduras, atrapamientos). La formaci\u00f3n de actualizaci\u00f3n no es obligatoria, pero se recomienda cada cuatro a\u00f1os (cuatro horas) para actualizar los procedimientos y normativas. Se expide un certificado de finalizaci\u00f3n.<\/p>","protected":false},"excerpt":{"rendered":"<p>El Curs de seguretat en l\u2019\u00fas del tractor, vinculat al conveni de Maquin\u00e0ria, capacita els treballadors per operar el tractor amb criteris de prevenci\u00f3, d\u2019acord amb l\u2019article 19 de la Llei 31\/1995 i l\u2019article 5 del RD 1215\/1997. Es realitza en modalitat presencial, amb enfocament teoricopr\u00e0ctic i opci\u00f3 In Company. La durada est\u00e0ndard \u00e9s de [&hellip;]<\/p>\n","protected":false},"featured_media":5449,"comment_status":"open","ping_status":"closed","template":"","meta":{"_acf_changed":false},"product_brand":[],"product_cat":[53],"product_tag":[],"class_list":{"0":"post-5447","1":"product","2":"type-product","3":"status-publish","4":"has-post-thumbnail","6":"product_cat-maquinaria","8":"first","9":"instock","10":"virtual","11":"taxable","12":"purchasable","13":"product-type-curso"},"acf":[],"precio_regular_curso":278.3,"precio_bonificado_curso":292.82,"_links":{"self":[{"href":"https:\/\/previntegral.com\/es\/wp-json\/wp\/v2\/product\/5447","targetHints":{"allow":["GET"]}}],"collection":[{"href":"https:\/\/previntegral.com\/es\/wp-json\/wp\/v2\/product"}],"about":[{"href":"https:\/\/previntegral.com\/es\/wp-json\/wp\/v2\/types\/product"}],"replies":[{"embeddable":true,"href":"https:\/\/previntegral.com\/es\/wp-json\/wp\/v2\/comments?post=5447"}],"wp:featuredmedia":[{"embeddable":true,"href":"https:\/\/previntegral.com\/es\/wp-json\/wp\/v2\/media\/5449"}],"wp:attachment":[{"href":"https:\/\/previntegral.com\/es\/wp-json\/wp\/v2\/media?parent=5447"}],"wp:term":[{"taxonomy":"product_brand","embeddable":true,"href":"https:\/\/previntegral.com\/es\/wp-json\/wp\/v2\/product_brand?post=5447"},{"taxonomy":"product_cat","embeddable":true,"href":"https:\/\/previntegral.com\/es\/wp-json\/wp\/v2\/product_cat?post=5447"},{"taxonomy":"product_tag","embeddable":true,"href":"https:\/\/previntegral.com\/es\/wp-json\/wp\/v2\/product_tag?post=5447"}],"curies":[{"name":"WordPress","href":"https:\/\/api.w.org\/{rel}","templated":true}]}}