{"id":5450,"date":"2025-12-09T16:39:43","date_gmt":"2025-12-09T16:39:43","guid":{"rendered":"https:\/\/previntegral.com\/producto\/curs-de-seguretat-en-lus-de-la-pala-carregadora\/"},"modified":"2026-03-16T18:32:34","modified_gmt":"2026-03-16T18:32:34","slug":"curso-de-seguridad-para-la-pala-de-la-cargadora","status":"publish","type":"product","link":"https:\/\/previntegral.com\/es\/producto\/curs-de-seguretat-en-lus-de-la-pala-carregadora\/","title":{"rendered":"Curso de seguridad para el uso de la pala cargadora"},"content":{"rendered":"<p>El curso sobre seguridad en el uso del <strong>Pala cargadora<\/strong> ofrece a los trabajadores la formaci\u00f3n preventiva indispensable para trabajar con garant\u00edas, de conformidad con el art\u00edculo 19 de la <strong>Ley 31\/1995<\/strong> y el art\u00edculo 5 de <strong>RD 1215\/1997<\/strong>, y de acuerdo con la convenci\u00f3n de <strong>Maquinaria<\/strong>. En <strong>Modo presencial<\/strong> (con opci\u00f3n <strong>En la empresa<\/strong>) y centrarse <strong>Te\u00f3rico-pr\u00e1ctico<\/strong>, la edici\u00f3n est\u00e1ndar tiene una duraci\u00f3n de <strong>Ocho horas<\/strong>, con una duraci\u00f3n adaptable de entre 6 y 8 segundos seg\u00fan sea necesario. No se ofrece ninguna opci\u00f3n en l\u00ednea. Dirigido a los trabajadores que utilizan una pala cargadora, el curso permite a los participantes adquirir el criterio y los h\u00e1bitos de seguridad necesarios para manejar la m\u00e1quina, identificar <strong>Riesgos medioambientales<\/strong>, verificar y utilizar correctamente el <strong>dispositivos de seguridad<\/strong>, aplicar las normas de tr\u00e1fico, carga y descarga y estacionamiento, y seleccionar y utilizar correctamente el equipo adecuado <strong>\u00cdndice de protecci\u00f3n equivalente<\/strong>. Incluye la revisi\u00f3n previa a la puesta en marcha, la estabilidad y la prevenci\u00f3n de vuelcos, la se\u00f1alizaci\u00f3n y la interacci\u00f3n con los peatones, as\u00ed como la respuesta ante emergencias. La formaci\u00f3n de actualizaci\u00f3n no es obligatoria, pero se recomienda realizarla cada cuatro a\u00f1os (cuatro horas) para mantener las competencias al d\u00eda y reforzar las buenas pr\u00e1cticas.<\/p>","protected":false},"excerpt":{"rendered":"<p>El Curs de seguretat en l\u2019\u00fas de la pala carregadora proporciona als treballadors la formaci\u00f3 preventiva imprescindible per operar amb garanties, d\u2019acord amb l\u2019art. 19 de la Llei 31\/1995 i l\u2019art. 5 del RD 1215\/1997, i alineat amb el conveni de Maquin\u00e0ria. En modalitat presencial (amb opci\u00f3 In Company) i enfocament te\u00f2ric-pr\u00e0ctic, l\u2019edici\u00f3 est\u00e0ndard t\u00e9 [&hellip;]<\/p>\n","protected":false},"featured_media":5452,"comment_status":"open","ping_status":"closed","template":"","meta":{"_acf_changed":false},"product_brand":[],"product_cat":[53],"product_tag":[],"class_list":{"0":"post-5450","1":"product","2":"type-product","3":"status-publish","4":"has-post-thumbnail","6":"product_cat-maquinaria","8":"first","9":"instock","10":"virtual","11":"taxable","12":"purchasable","13":"product-type-curso"},"acf":[],"precio_regular_curso":278.3,"precio_bonificado_curso":292.82,"_links":{"self":[{"href":"https:\/\/previntegral.com\/es\/wp-json\/wp\/v2\/product\/5450","targetHints":{"allow":["GET"]}}],"collection":[{"href":"https:\/\/previntegral.com\/es\/wp-json\/wp\/v2\/product"}],"about":[{"href":"https:\/\/previntegral.com\/es\/wp-json\/wp\/v2\/types\/product"}],"replies":[{"embeddable":true,"href":"https:\/\/previntegral.com\/es\/wp-json\/wp\/v2\/comments?post=5450"}],"wp:featuredmedia":[{"embeddable":true,"href":"https:\/\/previntegral.com\/es\/wp-json\/wp\/v2\/media\/5452"}],"wp:attachment":[{"href":"https:\/\/previntegral.com\/es\/wp-json\/wp\/v2\/media?parent=5450"}],"wp:term":[{"taxonomy":"product_brand","embeddable":true,"href":"https:\/\/previntegral.com\/es\/wp-json\/wp\/v2\/product_brand?post=5450"},{"taxonomy":"product_cat","embeddable":true,"href":"https:\/\/previntegral.com\/es\/wp-json\/wp\/v2\/product_cat?post=5450"},{"taxonomy":"product_tag","embeddable":true,"href":"https:\/\/previntegral.com\/es\/wp-json\/wp\/v2\/product_tag?post=5450"}],"curies":[{"name":"WordPress","href":"https:\/\/api.w.org\/{rel}","templated":true}]}}