{"id":5456,"date":"2025-12-09T16:39:51","date_gmt":"2025-12-09T16:39:51","guid":{"rendered":"https:\/\/previntegral.com\/producto\/curs-de-seguretat-en-lus-de-la-retroexcavadora\/"},"modified":"2026-03-16T18:32:34","modified_gmt":"2026-03-16T18:32:34","slug":"curso-de-seguridad-para-retroexcavadoras","status":"publish","type":"product","link":"https:\/\/previntegral.com\/es\/producto\/curs-de-seguretat-en-lus-de-la-retroexcavadora\/","title":{"rendered":"Curso sobre seguridad en el uso de la retroexcavadora"},"content":{"rendered":"<p>El curso sobre seguridad en el uso del <strong>retroexcavadora<\/strong> proporciona la formaci\u00f3n y la informaci\u00f3n necesarias para trabajar con seguridad, de conformidad con el art\u00edculo 19 de la Ley 31\/1995, de prevenci\u00f3n de riesgos laborales. <strong>prevenci\u00f3n de riesgos laborales<\/strong> y el art\u00edculo 5 del Real Decreto 1215\/1997 sobre equipos de trabajo. En formato <strong>presencial<\/strong> i <strong>te\u00f3rico-pr\u00e1ctico<\/strong>, suele durar <strong>Ocho horas<\/strong> (tambi\u00e9n disponible en ediciones de 6 horas), con la opci\u00f3n de <strong>En la empresa<\/strong> adaptar los contenidos, los ejemplos y los ejercicios a la realidad de cada empresa <strong>Contrato de maquinaria<\/strong>. Trata sobre la identificaci\u00f3n de <strong>Riesgos medioambientales<\/strong>, las inspecciones preliminares, las <strong>dispositivos de seguridad<\/strong> del material rodante, el funcionamiento seguro, la se\u00f1alizaci\u00f3n y la cooperaci\u00f3n con el se\u00f1alero, as\u00ed como el uso adecuado de los <strong>\u00cdndice de protecci\u00f3n equivalente<\/strong>. Dirigido a los operarios de retroexcavadoras, el curso incluye ejercicios pr\u00e1cticos sobre manejo, control de la estabilidad, trabajo en pendientes y en zonas con instalaciones subterr\u00e1neas, as\u00ed como protocolos de emergencia. La formaci\u00f3n de actualizaci\u00f3n no es obligatoria, pero se recomienda realizarla cada cuatro a\u00f1os (cuatro horas) para mantener las competencias y ponerse al d\u00eda con la normativa y las mejores pr\u00e1cticas.<\/p>","protected":false},"excerpt":{"rendered":"<p>El Curs de seguretat en l\u2019\u00fas de la retroexcavadora proporciona la formaci\u00f3 i la informaci\u00f3 necess\u00e0ries per treballar amb garanties, d\u2019acord amb l\u2019article 19 de la Llei 31\/1995 de prevenci\u00f3 de riscos laborals i l\u2019article 5 del RD 1215\/1997 sobre equips de treball. En format presencial i teoricopr\u00e0ctic, t\u00e9 una durada habitual de 8 hores [&hellip;]<\/p>\n","protected":false},"featured_media":5458,"comment_status":"open","ping_status":"closed","template":"","meta":{"_acf_changed":false},"product_brand":[],"product_cat":[53],"product_tag":[],"class_list":{"0":"post-5456","1":"product","2":"type-product","3":"status-publish","4":"has-post-thumbnail","6":"product_cat-maquinaria","8":"first","9":"instock","10":"virtual","11":"taxable","12":"purchasable","13":"product-type-curso"},"acf":[],"precio_regular_curso":278.3,"precio_bonificado_curso":292.82,"_links":{"self":[{"href":"https:\/\/previntegral.com\/es\/wp-json\/wp\/v2\/product\/5456","targetHints":{"allow":["GET"]}}],"collection":[{"href":"https:\/\/previntegral.com\/es\/wp-json\/wp\/v2\/product"}],"about":[{"href":"https:\/\/previntegral.com\/es\/wp-json\/wp\/v2\/types\/product"}],"replies":[{"embeddable":true,"href":"https:\/\/previntegral.com\/es\/wp-json\/wp\/v2\/comments?post=5456"}],"wp:featuredmedia":[{"embeddable":true,"href":"https:\/\/previntegral.com\/es\/wp-json\/wp\/v2\/media\/5458"}],"wp:attachment":[{"href":"https:\/\/previntegral.com\/es\/wp-json\/wp\/v2\/media?parent=5456"}],"wp:term":[{"taxonomy":"product_brand","embeddable":true,"href":"https:\/\/previntegral.com\/es\/wp-json\/wp\/v2\/product_brand?post=5456"},{"taxonomy":"product_cat","embeddable":true,"href":"https:\/\/previntegral.com\/es\/wp-json\/wp\/v2\/product_cat?post=5456"},{"taxonomy":"product_tag","embeddable":true,"href":"https:\/\/previntegral.com\/es\/wp-json\/wp\/v2\/product_tag?post=5456"}],"curies":[{"name":"WordPress","href":"https:\/\/api.w.org\/{rel}","templated":true}]}}