{"id":5459,"date":"2025-12-09T16:40:50","date_gmt":"2025-12-09T16:40:50","guid":{"rendered":"https:\/\/previntegral.com\/producto\/c-21-treballs-d-instal%c2%b7lacions-manteniment-i-reparacio-dinfraestructures-de-telecomunicacions-tic-i-digitalitzacio\/"},"modified":"2026-03-16T18:32:34","modified_gmt":"2026-03-16T18:32:34","slug":"c-21-puestos-de-trabajo-en-instalaciones-mantenimiento-y-reparacion-de-infraestructuras-de-telecomunicaciones-tic-y-digitalizacion","status":"publish","type":"product","link":"https:\/\/previntegral.com\/es\/producto\/c-21-treballs-d-instal%c2%b7lacions-manteniment-i-reparacio-dinfraestructures-de-telecomunicacions-tic-i-digitalitzacio\/","title":{"rendered":"C.21 \u2013 Instalaci\u00f3n, mantenimiento y reparaci\u00f3n de infraestructuras de telecomunicaciones (TIC y digitalizaci\u00f3n)"},"content":{"rendered":"<p>El curso C.21 prepara a los profesionales para instalar, mantener y reparar infraestructuras de telecomunicaciones (TIC y digitalizaci\u00f3n) dentro del <strong>Acuerdo sobre metales<\/strong>, contribuyendo a la <strong>formaci\u00f3n preventiva<\/strong> Obligatorio para el trabajo. Tiene una duraci\u00f3n de <strong>20 horas<\/strong> y se lleva a cabo <strong>100% en persona<\/strong>, con una combinaci\u00f3n de teor\u00eda aplicada y sesiones pr\u00e1cticas. El programa se estructura en torno a un bloque b\u00e1sico de OHS (derechos y obligaciones, organizaci\u00f3n preventiva, se\u00f1alizaci\u00f3n, emergencias y CAE) y un bloque profesional espec\u00edfico, centrado en los riesgos inherentes a las TIC: trabajos en altura (escaleras, tejados y torres), riesgos el\u00e9ctricos de baja tensi\u00f3n y equipos bajo tensi\u00f3n, campos electromagn\u00e9ticos, corte y perforaci\u00f3n, cableado y montaje de racks, manipulaci\u00f3n de fibra \u00f3ptica y l\u00e1seres, v\u00edas p\u00fablicas y uso de\u2019<strong>\u00cdndice de protecci\u00f3n equivalente<\/strong>, <strong>Bloqueo\/Etiquetado<\/strong> y equipos de medici\u00f3n. Lo refuerzan. <strong>Procedimientos seguros<\/strong>, comprobaciones previas y buenas pr\u00e1cticas de\u2019<strong>ergonom\u00eda<\/strong>. Formaci\u00f3n acorde con el acuerdo e impartida por Previntegral., <strong>centro acreditado<\/strong> FLC (0505080031). Incluye criterios para <strong>Reciclaje cada 4 a\u00f1os<\/strong> de conformidad con la legislaci\u00f3n vigente.<\/p>","protected":false},"excerpt":{"rendered":"<p>El curs C.21 prepara professionals que instal\u00b7len, mantenen i reparen infraestructures de telecomunicacions (TIC i digitalitzaci\u00f3) dins del Conveni del Metall, aportant la formaci\u00f3 preventiva obligat\u00f2ria per al lloc de treball. T\u00e9 una durada de 20 hores i es realitza 100% presencial, amb una combinaci\u00f3 de teoria aplicada i pr\u00e0ctiques. El programa s\u2019estructura en un [&hellip;]<\/p>\n","protected":false},"featured_media":5462,"comment_status":"open","ping_status":"closed","template":"","meta":{"_acf_changed":false},"product_brand":[],"product_cat":[41],"product_tag":[],"class_list":{"0":"post-5459","1":"product","2":"type-product","3":"status-publish","4":"has-post-thumbnail","6":"product_cat-metall","8":"first","9":"instock","10":"virtual","11":"taxable","12":"purchasable","13":"product-type-curso"},"acf":[],"precio_regular_curso":340.01,"precio_bonificado_curso":358.16,"_links":{"self":[{"href":"https:\/\/previntegral.com\/es\/wp-json\/wp\/v2\/product\/5459","targetHints":{"allow":["GET"]}}],"collection":[{"href":"https:\/\/previntegral.com\/es\/wp-json\/wp\/v2\/product"}],"about":[{"href":"https:\/\/previntegral.com\/es\/wp-json\/wp\/v2\/types\/product"}],"replies":[{"embeddable":true,"href":"https:\/\/previntegral.com\/es\/wp-json\/wp\/v2\/comments?post=5459"}],"wp:featuredmedia":[{"embeddable":true,"href":"https:\/\/previntegral.com\/es\/wp-json\/wp\/v2\/media\/5462"}],"wp:attachment":[{"href":"https:\/\/previntegral.com\/es\/wp-json\/wp\/v2\/media?parent=5459"}],"wp:term":[{"taxonomy":"product_brand","embeddable":true,"href":"https:\/\/previntegral.com\/es\/wp-json\/wp\/v2\/product_brand?post=5459"},{"taxonomy":"product_cat","embeddable":true,"href":"https:\/\/previntegral.com\/es\/wp-json\/wp\/v2\/product_cat?post=5459"},{"taxonomy":"product_tag","embeddable":true,"href":"https:\/\/previntegral.com\/es\/wp-json\/wp\/v2\/product_tag?post=5459"}],"curies":[{"name":"WordPress","href":"https:\/\/api.w.org\/{rel}","templated":true}]}}