{"id":5465,"date":"2025-12-09T16:41:28","date_gmt":"2025-12-09T16:41:28","guid":{"rendered":"https:\/\/previntegral.com\/producto\/c-26-conductors-transportistes\/"},"modified":"2026-03-16T18:32:34","modified_gmt":"2026-03-16T18:32:34","slug":"c-26-conductors-transportistes","status":"publish","type":"product","link":"https:\/\/previntegral.com\/es\/producto\/c-26-conductors-transportistes\/","title":{"rendered":"C.26 \u2013 Conductores\/transportistas"},"content":{"rendered":"<p>El curs C.26 &#8211; Conductors\/transportistes ofereix la formaci\u00f3 obligat\u00f2ria en <strong>PRL<\/strong> del Conveni del Metall per a personal que condueix i transporta mercaderies en entorns industrials. De <strong>20 horas<\/strong> y en <strong>Modo presencial<\/strong>, combina un bloc <strong>principal<\/strong> (conceptes b\u00e0sics de prevenci\u00f3, organitzaci\u00f3 preventiva, EPI i emerg\u00e8ncies) amb un bloc <strong>espec\u00edfico del sector<\/strong> orientat als riscos propis de la conducci\u00f3 i la log\u00edstica: circulaci\u00f3 interna i en via p\u00fablica, <strong>carga y descarga<\/strong>, <strong>estiba i trincatge<\/strong>, treball en molls i rampes, interacci\u00f3 amb carretons i grues, ergonomia en la conducci\u00f3 i gesti\u00f3 de la <strong>fatiga i distraccions<\/strong>. Es reforcen els procediments de treball segur, la senyalitzaci\u00f3, la inspecci\u00f3 pr\u00e8via de vehicles, el manteniment b\u00e0sic i la comunicaci\u00f3 d\u2019incid\u00e8ncies. Previntegral \u00e9s centre homologat (FLC 0505080031) i aquest curs pot complementar-se amb les <strong>8 h d\u2019especialitat d\u2019ofici<\/strong> per assolir el 100% de formaci\u00f3 exigida des de 2021. La formaci\u00f3 s\u2019ha de <strong>Renovar cada 4 a\u00f1os<\/strong> mitjan\u00e7ant un reciclatge de 4 h.<\/p>","protected":false},"excerpt":{"rendered":"<p>El curs C.26 &#8211; Conductors\/transportistes ofereix la formaci\u00f3 obligat\u00f2ria en PRL del Conveni del Metall per a personal que condueix i transporta mercaderies en entorns industrials. De 20 hores i en modalitat presencial, combina un bloc troncal (conceptes b\u00e0sics de prevenci\u00f3, organitzaci\u00f3 preventiva, EPI i emerg\u00e8ncies) amb un bloc espec\u00edfic d\u2019ofici orientat als riscos propis [&hellip;]<\/p>\n","protected":false},"featured_media":5467,"comment_status":"open","ping_status":"closed","template":"","meta":{"_acf_changed":false},"product_brand":[],"product_cat":[41],"product_tag":[],"class_list":{"0":"post-5465","1":"product","2":"type-product","3":"status-publish","4":"has-post-thumbnail","6":"product_cat-metall","8":"first","9":"instock","10":"virtual","11":"taxable","12":"purchasable","13":"product-type-curso"},"acf":[],"precio_regular_curso":340.01,"precio_bonificado_curso":358.16,"_links":{"self":[{"href":"https:\/\/previntegral.com\/es\/wp-json\/wp\/v2\/product\/5465","targetHints":{"allow":["GET"]}}],"collection":[{"href":"https:\/\/previntegral.com\/es\/wp-json\/wp\/v2\/product"}],"about":[{"href":"https:\/\/previntegral.com\/es\/wp-json\/wp\/v2\/types\/product"}],"replies":[{"embeddable":true,"href":"https:\/\/previntegral.com\/es\/wp-json\/wp\/v2\/comments?post=5465"}],"wp:featuredmedia":[{"embeddable":true,"href":"https:\/\/previntegral.com\/es\/wp-json\/wp\/v2\/media\/5467"}],"wp:attachment":[{"href":"https:\/\/previntegral.com\/es\/wp-json\/wp\/v2\/media?parent=5465"}],"wp:term":[{"taxonomy":"product_brand","embeddable":true,"href":"https:\/\/previntegral.com\/es\/wp-json\/wp\/v2\/product_brand?post=5465"},{"taxonomy":"product_cat","embeddable":true,"href":"https:\/\/previntegral.com\/es\/wp-json\/wp\/v2\/product_cat?post=5465"},{"taxonomy":"product_tag","embeddable":true,"href":"https:\/\/previntegral.com\/es\/wp-json\/wp\/v2\/product_tag?post=5465"}],"curies":[{"name":"WordPress","href":"https:\/\/api.w.org\/{rel}","templated":true}]}}