{"id":5469,"date":"2025-12-09T16:41:40","date_gmt":"2025-12-09T16:41:40","guid":{"rendered":"https:\/\/previntegral.com\/producto\/c-28-operadors-de-pontgrua\/"},"modified":"2026-03-16T18:32:34","modified_gmt":"2026-03-16T18:32:34","slug":"c-28-operadors-de-pontgrua","status":"publish","type":"product","link":"https:\/\/previntegral.com\/es\/producto\/c-28-operadors-de-pontgrua\/","title":{"rendered":"C.28 \u2013 Operadores de gr\u00faa"},"content":{"rendered":"<p>El curs C.28 \u2013 Operadors de <strong>pontgrua<\/strong> dona compliment al Conveni del Metall, aportant formaci\u00f3 espec\u00edfica en <strong>prevenci\u00f3n de riesgos laborales<\/strong> per a personal de producci\u00f3 i manteniment que manipula c\u00e0rregues suspeses. T\u00e9 una durada de <strong>20 horas<\/strong> en <strong>Modo presencial<\/strong> i combina un bloc troncal de PRL amb continguts t\u00e8cnics propis de la conducci\u00f3 de pontgrua: normativa i <strong>se\u00f1alizaci\u00f3n<\/strong>, components i dispositius de seguretat, verificacions pr\u00e8vies, <strong>Accesorios de elevaci\u00f3n<\/strong> i <strong>eslingatge<\/strong>, c\u00e0lcul b\u00e0sic de c\u00e0rregues i centre de gravetat, <strong>Maniobras seguras<\/strong> i comunicaci\u00f3 amb el senyalista. S\u2019hi tracten els principals riscos (caiguda de c\u00e0rregues, atrapaments, cops, bolcada) i les <strong>medidas preventivas<\/strong>, EPI, permisos de treball i protocols d\u2019emerg\u00e8ncia, amb exercicis pr\u00e0ctics orientats a situacions reals de planta. Des de 2021 \u00e9s obligatori acreditar el 100% d\u2019<strong>Especialidades artesanales<\/strong>; aquest curs cobreix el m\u00f2dul de 20 h i, si escau, es pot complementar amb 8 h espec\u00edfiques. Previntegral \u00e9s centre homologat per la <strong>Comisionado Federal de Tierras<\/strong> (n\u00fam. 0505080031). Reciclatge recomanat cada <strong>cuatro a\u00f1os<\/strong> (4 h).<\/p>","protected":false},"excerpt":{"rendered":"<p>El curs C.28 \u2013 Operadors de pontgrua dona compliment al Conveni del Metall, aportant formaci\u00f3 espec\u00edfica en prevenci\u00f3 de riscos laborals per a personal de producci\u00f3 i manteniment que manipula c\u00e0rregues suspeses. T\u00e9 una durada de 20 hores en modalitat presencial i combina un bloc troncal de PRL amb continguts t\u00e8cnics propis de la conducci\u00f3 [&hellip;]<\/p>\n","protected":false},"featured_media":5471,"comment_status":"open","ping_status":"closed","template":"","meta":{"_acf_changed":false},"product_brand":[],"product_cat":[41],"product_tag":[],"class_list":{"0":"post-5469","1":"product","2":"type-product","3":"status-publish","4":"has-post-thumbnail","6":"product_cat-metall","8":"first","9":"instock","10":"virtual","11":"taxable","12":"purchasable","13":"product-type-curso"},"acf":[],"precio_regular_curso":340.01,"precio_bonificado_curso":358.16,"_links":{"self":[{"href":"https:\/\/previntegral.com\/es\/wp-json\/wp\/v2\/product\/5469","targetHints":{"allow":["GET"]}}],"collection":[{"href":"https:\/\/previntegral.com\/es\/wp-json\/wp\/v2\/product"}],"about":[{"href":"https:\/\/previntegral.com\/es\/wp-json\/wp\/v2\/types\/product"}],"replies":[{"embeddable":true,"href":"https:\/\/previntegral.com\/es\/wp-json\/wp\/v2\/comments?post=5469"}],"wp:featuredmedia":[{"embeddable":true,"href":"https:\/\/previntegral.com\/es\/wp-json\/wp\/v2\/media\/5471"}],"wp:attachment":[{"href":"https:\/\/previntegral.com\/es\/wp-json\/wp\/v2\/media?parent=5469"}],"wp:term":[{"taxonomy":"product_brand","embeddable":true,"href":"https:\/\/previntegral.com\/es\/wp-json\/wp\/v2\/product_brand?post=5469"},{"taxonomy":"product_cat","embeddable":true,"href":"https:\/\/previntegral.com\/es\/wp-json\/wp\/v2\/product_cat?post=5469"},{"taxonomy":"product_tag","embeddable":true,"href":"https:\/\/previntegral.com\/es\/wp-json\/wp\/v2\/product_tag?post=5469"}],"curies":[{"name":"WordPress","href":"https:\/\/api.w.org\/{rel}","templated":true}]}}