{"id":5479,"date":"2025-12-09T16:42:51","date_gmt":"2025-12-09T16:42:51","guid":{"rendered":"https:\/\/previntegral.com\/producto\/especialitat-en-treballs-de-demolicio-i-rehabilitacio\/"},"modified":"2026-03-16T18:32:34","modified_gmt":"2026-03-16T18:32:34","slug":"especializados-en-trabajos-de-demolicion-y-remodelacion","status":"publish","type":"product","link":"https:\/\/previntegral.com\/es\/producto\/especialitat-en-treballs-de-demolicio-i-rehabilitacio\/","title":{"rendered":"Especializados en trabajos de demolici\u00f3n y remodelaci\u00f3n."},"content":{"rendered":"<p>El curso <strong>Trabajos de demolici\u00f3n y remodelaci\u00f3n<\/strong> le proporciona los conocimientos clave sobre <strong>prevenci\u00f3n de riesgos laborales<\/strong> para trabajar de forma segura en una obra. Dise\u00f1ado de acuerdo con la <strong>Convenio colectivo para el sector de la construcci\u00f3n<\/strong>, tiene una duraci\u00f3n de <strong>6 horas<\/strong> y es 100% <strong>presencial<\/strong>. Esto <strong>especialidad<\/strong> Complementa la formaci\u00f3n b\u00e1sica y le ayuda a identificar y gestionar los riesgos comunes en las tareas de <strong>Demolici\u00f3n y rehabilitaci\u00f3n<\/strong>Ca\u00eddas desde altura, proyectiles y materiales que caen, polvo y ruido, uso de herramientas y equipos, y gesti\u00f3n de residuos. Practicar\u00e1s procedimientos seguros, selecci\u00f3n de EPI, se\u00f1alizaci\u00f3n, coordinaci\u00f3n de actividades y requisitos de la <strong>Contrato de prevenci\u00f3n<\/strong>, con una metodolog\u00eda pr\u00e1ctica basada en casos reales y simulaciones. El curso es impartido por un centro acreditado por la <strong>Fundaci\u00f3n Laboral de la Construcci\u00f3n<\/strong>, garantizando un contenido actualizado y aplicable. Dirigido a operarios, capataces y personal de obra, es ideal para reforzar habilidades, validar competencias y mejorar la eficiencia en la obra.<\/p>","protected":false},"excerpt":{"rendered":"<p>El curs Treballs de demolici\u00f3 i rehabilitaci\u00f3 et proporciona els coneixements clau de prevenci\u00f3 de riscos laborals per treballar amb seguretat a obra. Dissenyat segons el Conveni Col\u00b7lectiu del Sector de la Construcci\u00f3, t\u00e9 una durada de 6 hores i \u00e9s 100% presencial. Aquesta especialitat complementa la formaci\u00f3 b\u00e0sica i t\u2019ajuda a identificar i gestionar [&hellip;]<\/p>\n","protected":false},"featured_media":5481,"comment_status":"open","ping_status":"closed","template":"","meta":{"_acf_changed":false},"product_brand":[],"product_cat":[38],"product_tag":[],"class_list":{"0":"post-5479","1":"product","2":"type-product","3":"status-publish","4":"has-post-thumbnail","6":"product_cat-construccio","8":"first","9":"instock","10":"virtual","11":"taxable","12":"purchasable","13":"product-type-curso"},"acf":[],"precio_regular_curso":150.04,"precio_bonificado_curso":157.3,"_links":{"self":[{"href":"https:\/\/previntegral.com\/es\/wp-json\/wp\/v2\/product\/5479","targetHints":{"allow":["GET"]}}],"collection":[{"href":"https:\/\/previntegral.com\/es\/wp-json\/wp\/v2\/product"}],"about":[{"href":"https:\/\/previntegral.com\/es\/wp-json\/wp\/v2\/types\/product"}],"replies":[{"embeddable":true,"href":"https:\/\/previntegral.com\/es\/wp-json\/wp\/v2\/comments?post=5479"}],"wp:featuredmedia":[{"embeddable":true,"href":"https:\/\/previntegral.com\/es\/wp-json\/wp\/v2\/media\/5481"}],"wp:attachment":[{"href":"https:\/\/previntegral.com\/es\/wp-json\/wp\/v2\/media?parent=5479"}],"wp:term":[{"taxonomy":"product_brand","embeddable":true,"href":"https:\/\/previntegral.com\/es\/wp-json\/wp\/v2\/product_brand?post=5479"},{"taxonomy":"product_cat","embeddable":true,"href":"https:\/\/previntegral.com\/es\/wp-json\/wp\/v2\/product_cat?post=5479"},{"taxonomy":"product_tag","embeddable":true,"href":"https:\/\/previntegral.com\/es\/wp-json\/wp\/v2\/product_tag?post=5479"}],"curies":[{"name":"WordPress","href":"https:\/\/api.w.org\/{rel}","templated":true}]}}