{"id":5482,"date":"2025-12-09T16:43:43","date_gmt":"2025-12-09T16:43:43","guid":{"rendered":"https:\/\/previntegral.com\/producto\/nivell-basic-de-prevencio-en-la-construccio\/"},"modified":"2026-03-16T18:32:34","modified_gmt":"2026-03-16T18:32:34","slug":"nivel-basico-de-prevencion-en-la-construccion","status":"publish","type":"product","link":"https:\/\/previntegral.com\/es\/producto\/nivell-basic-de-prevencio-en-la-construccio\/","title":{"rendered":"Nivel b\u00e1sico de prevenci\u00f3n en la construcci\u00f3n"},"content":{"rendered":"<p>Este curso de <strong>nivel b\u00e1sico<\/strong> de prevenci\u00f3n en el <strong>Sector de la construcci\u00f3n<\/strong> Est\u00e1 dirigido a los trabajadores que tienen que asumir <strong>funciones preventivas<\/strong> iniciales \u2014funcionarios, supervisores, operarios y representantes de seguridad\u2014 y quieren reforzar su cultura de seguridad. Tiene una duraci\u00f3n total de <strong>60 horas<\/strong> en <strong>modalidad mixta<\/strong>, combinando <strong>20 horas de contacto presencial<\/strong> orientado hacia pr\u00e1cticas y simulaciones con <strong>40 horas en l\u00ednea<\/strong> flexible para que puedas aprender a tu propio ritmo. El programa proporciona las habilidades necesarias para identificar los riesgos en el lugar de trabajo y aplicar medidas de <strong>prevenci\u00f3n de riesgos laborales<\/strong>, utilizar el EPI, organizar las emergencias y promover h\u00e1bitos seguros, todo ello de conformidad con la <strong>convenio colectivo<\/strong> del sector y la legislaci\u00f3n vigente. Incluye conceptos de coordinaci\u00f3n de actividades empresariales, se\u00f1alizaci\u00f3n, documentaci\u00f3n y planificaci\u00f3n preventiva. La formaci\u00f3n es impartida por un centro acreditado por la <strong>Fundaci\u00f3n Laboral de la Construcci\u00f3n<\/strong>, garantizando la calidad y la validez oficial. Ideal tanto para nuevos empleados como para profesionales que necesitan actualizar sus conocimientos y acreditar la formaci\u00f3n obligatoria dentro de la empresa, con una metodolog\u00eda pr\u00e1ctica y orientada al trabajo.<\/p>","protected":false},"excerpt":{"rendered":"<p>Aquest curs de nivell b\u00e0sic de prevenci\u00f3 en el sector de la construcci\u00f3 est\u00e0 adre\u00e7at a treballadors que han d\u2019assumir funcions preventives inicials \u2014oficials, encarregats, personal d\u2019obra i delegats de prevenci\u00f3\u2014 i volen refor\u00e7ar la seva cultura de seguretat. T\u00e9 una durada total de 60 hores en modalitat mixta, combinant 20 hores presencials orientades a [&hellip;]<\/p>\n","protected":false},"featured_media":5484,"comment_status":"open","ping_status":"closed","template":"","meta":{"_acf_changed":false},"product_brand":[],"product_cat":[38],"product_tag":[],"class_list":{"0":"post-5482","1":"product","2":"type-product","3":"status-publish","4":"has-post-thumbnail","6":"product_cat-construccio","8":"first","9":"instock","10":"virtual","11":"taxable","12":"purchasable","13":"product-type-curso"},"acf":[],"precio_regular_curso":436.81,"precio_bonificado_curso":459.8,"_links":{"self":[{"href":"https:\/\/previntegral.com\/es\/wp-json\/wp\/v2\/product\/5482","targetHints":{"allow":["GET"]}}],"collection":[{"href":"https:\/\/previntegral.com\/es\/wp-json\/wp\/v2\/product"}],"about":[{"href":"https:\/\/previntegral.com\/es\/wp-json\/wp\/v2\/types\/product"}],"replies":[{"embeddable":true,"href":"https:\/\/previntegral.com\/es\/wp-json\/wp\/v2\/comments?post=5482"}],"wp:featuredmedia":[{"embeddable":true,"href":"https:\/\/previntegral.com\/es\/wp-json\/wp\/v2\/media\/5484"}],"wp:attachment":[{"href":"https:\/\/previntegral.com\/es\/wp-json\/wp\/v2\/media?parent=5482"}],"wp:term":[{"taxonomy":"product_brand","embeddable":true,"href":"https:\/\/previntegral.com\/es\/wp-json\/wp\/v2\/product_brand?post=5482"},{"taxonomy":"product_cat","embeddable":true,"href":"https:\/\/previntegral.com\/es\/wp-json\/wp\/v2\/product_cat?post=5482"},{"taxonomy":"product_tag","embeddable":true,"href":"https:\/\/previntegral.com\/es\/wp-json\/wp\/v2\/product_tag?post=5482"}],"curies":[{"name":"WordPress","href":"https:\/\/api.w.org\/{rel}","templated":true}]}}