{"id":5485,"date":"2025-12-09T16:43:59","date_gmt":"2025-12-09T16:43:59","guid":{"rendered":"https:\/\/previntegral.com\/producto\/formacio-de-prevencio-de-riscos-laborals-en-treballs-de-silvicultura\/"},"modified":"2026-03-16T18:32:34","modified_gmt":"2026-03-16T18:32:34","slug":"formacion-en-prevencion-de-riesgos-laborales-en-trabajos-silvicolas","status":"publish","type":"product","link":"https:\/\/previntegral.com\/es\/producto\/formacio-de-prevencio-de-riscos-laborals-en-treballs-de-silvicultura\/","title":{"rendered":"Formaci\u00f3n en seguridad para trabajos forestales"},"content":{"rendered":"<p>Este curso de formaci\u00f3n en prevenci\u00f3n de riesgos laborales para trabajos silv\u00edcolas ofrece la <strong>Formaci\u00f3n te\u00f3rica y pr\u00e1ctica<\/strong> exigido por el\u2019<strong>Art\u00edculo 19 de la Ley 31\/1995<\/strong> y el <strong>Resoluci\u00f3n EMO\/634\/2013<\/strong>, aplicable al convenio del sector forestal. En <strong>Modalidad presencial (20 horas)<\/strong>, Combina explicaciones, demostraciones y ejercicios pr\u00e1cticos in situ para identificar peligros, evaluar riesgos y aplicar medidas preventivas en tareas como la tala, el desramado y la trituraci\u00f3n de residuos. Abarca el uso seguro de la motosierra y la desbrozadora, as\u00ed como la selecci\u00f3n y el mantenimiento de\u2019<strong>\u00cdndice de protecci\u00f3n equivalente<\/strong>, ergonom\u00eda, la se\u00f1alizaci\u00f3n de las zonas de trabajo, la gesti\u00f3n de pendientes y las operaciones con cabrestantes, as\u00ed como los protocolos para\u2019<strong>emergencia<\/strong> y primeros auxilios b\u00e1sicos. Dirigido a todo el personal del sector forestal catal\u00e1n \u2014tanto dentro como fuera de las obras\u2014, facilita la acreditaci\u00f3n de la formaci\u00f3n exigida en los procesos de <strong>Contrataci\u00f3n y subcontrataci\u00f3n<\/strong> y refuerza las habilidades necesarias para trabajar de forma segura, eficaz y respetuosa con el medio ambiente.<\/p>","protected":false},"excerpt":{"rendered":"<p>Aquest curs de Formaci\u00f3 de prevenci\u00f3 de riscos laborals en treballs de silvicultura proporciona la formaci\u00f3 teoricopr\u00e0ctica exigida per l\u2019article 19 de la Llei 31\/1995 i la Resoluci\u00f3 EMO\/634\/2013, d\u2019aplicaci\u00f3 al conveni del sector forestal. En modalitat presencial (20 h), combina explicacions, demostracions i pr\u00e0ctiques sobre el terreny per identificar perills, avaluar riscos i aplicar [&hellip;]<\/p>\n","protected":false},"featured_media":5487,"comment_status":"open","ping_status":"closed","template":"","meta":{"_acf_changed":false},"product_brand":[],"product_cat":[39],"product_tag":[],"class_list":{"0":"post-5485","1":"product","2":"type-product","3":"status-publish","4":"has-post-thumbnail","6":"product_cat-forestal","8":"first","9":"instock","10":"virtual","11":"taxable","12":"purchasable","13":"product-type-curso"},"acf":[],"precio_regular_curso":340.01,"precio_bonificado_curso":358.16,"_links":{"self":[{"href":"https:\/\/previntegral.com\/es\/wp-json\/wp\/v2\/product\/5485","targetHints":{"allow":["GET"]}}],"collection":[{"href":"https:\/\/previntegral.com\/es\/wp-json\/wp\/v2\/product"}],"about":[{"href":"https:\/\/previntegral.com\/es\/wp-json\/wp\/v2\/types\/product"}],"replies":[{"embeddable":true,"href":"https:\/\/previntegral.com\/es\/wp-json\/wp\/v2\/comments?post=5485"}],"wp:featuredmedia":[{"embeddable":true,"href":"https:\/\/previntegral.com\/es\/wp-json\/wp\/v2\/media\/5487"}],"wp:attachment":[{"href":"https:\/\/previntegral.com\/es\/wp-json\/wp\/v2\/media?parent=5485"}],"wp:term":[{"taxonomy":"product_brand","embeddable":true,"href":"https:\/\/previntegral.com\/es\/wp-json\/wp\/v2\/product_brand?post=5485"},{"taxonomy":"product_cat","embeddable":true,"href":"https:\/\/previntegral.com\/es\/wp-json\/wp\/v2\/product_cat?post=5485"},{"taxonomy":"product_tag","embeddable":true,"href":"https:\/\/previntegral.com\/es\/wp-json\/wp\/v2\/product_tag?post=5485"}],"curies":[{"name":"WordPress","href":"https:\/\/api.w.org\/{rel}","templated":true}]}}