{"id":5488,"date":"2025-12-09T16:44:31","date_gmt":"2025-12-09T16:44:31","guid":{"rendered":"https:\/\/previntegral.com\/producto\/formacio-dus-i-maneig-de-maquinaria-forestal-mecanica-desbrossadora\/"},"modified":"2026-03-16T18:32:34","modified_gmt":"2026-03-16T18:32:34","slug":"formacion-en-el-manejo-de-motosierras-y-maquinaria-forestal-mecanica-desbrozadoras","status":"publish","type":"product","link":"https:\/\/previntegral.com\/es\/producto\/formacio-dus-i-maneig-de-maquinaria-forestal-mecanica-desbrossadora\/","title":{"rendered":"Formaci\u00f3n en el uso y manejo de maquinaria forestal: mec\u00e1nica, desbrozadora."},"content":{"rendered":"<p>Dirigida al personal del sector forestal catal\u00e1n, esta formaci\u00f3n <strong>100% presencial (20 horas)<\/strong> proporciona la base te\u00f3rica y pr\u00e1ctica para operar con <strong>maquinaria forestal<\/strong> de forma segura, prestando especial atenci\u00f3n a la <strong>desbrozadora<\/strong> y su <strong>mec\u00e1nica<\/strong>. De conformidad con el art\u00edculo 19 de la Ley 31\/1995 sobre <strong>prevenci\u00f3n de riesgos laborales<\/strong> y de la Ley 32\/2006, y en consonancia con la <strong>Resoluci\u00f3n EMO\/634\/2013<\/strong>, Se abordan los riesgos laborales y las medidas preventivas exigidas por el convenio. Trabajaremos en la puesta en marcha, los ajustes de corte, <strong>mantenimiento preventivo<\/strong>, detecci\u00f3n de fallos, carburaci\u00f3n y mezclas, as\u00ed como t\u00e9cnicas seguras de despeje en diferentes entornos y en diversas pendientes. El uso correcto de\u2019<strong>\u00cdndice de protecci\u00f3n equivalente<\/strong>, la se\u00f1alizaci\u00f3n, el <strong>Protocolos de emergencia<\/strong> y el <strong>ergonom\u00eda<\/strong> para minimizar lesiones, vibraciones y ruido. Con una metodolog\u00eda eminentemente pr\u00e1ctica en equipos reales, los alumnos consolidan h\u00e1bitos de trabajo seguros y eficientes, mejoran la productividad y ganan autonom\u00eda tanto en la obra como en el bosque, garantizando el cumplimiento del marco normativo vigente. <strong>sector forestal<\/strong>.<\/p>","protected":false},"excerpt":{"rendered":"<p>Adre\u00e7ada al personal del sector forestal de Catalunya, aquesta formaci\u00f3 100% presencial (20 hores) proporciona la base teoricopr\u00e0ctica per operar amb maquin\u00e0ria forestal amb seguretat, amb especial atenci\u00f3 a la desbrossadora i la seva mec\u00e0nica. En compliment de l\u2019Article 19 de la Llei 31\/1995 de prevenci\u00f3 de riscos laborals i de la Llei 32\/2006, i [&hellip;]<\/p>\n","protected":false},"featured_media":5492,"comment_status":"open","ping_status":"closed","template":"","meta":{"_acf_changed":false},"product_brand":[],"product_cat":[39],"product_tag":[],"class_list":{"0":"post-5488","1":"product","2":"type-product","3":"status-publish","4":"has-post-thumbnail","6":"product_cat-forestal","8":"first","9":"instock","10":"virtual","11":"taxable","12":"purchasable","13":"product-type-curso"},"acf":[],"precio_regular_curso":340.01,"precio_bonificado_curso":358.16,"_links":{"self":[{"href":"https:\/\/previntegral.com\/es\/wp-json\/wp\/v2\/product\/5488","targetHints":{"allow":["GET"]}}],"collection":[{"href":"https:\/\/previntegral.com\/es\/wp-json\/wp\/v2\/product"}],"about":[{"href":"https:\/\/previntegral.com\/es\/wp-json\/wp\/v2\/types\/product"}],"replies":[{"embeddable":true,"href":"https:\/\/previntegral.com\/es\/wp-json\/wp\/v2\/comments?post=5488"}],"wp:featuredmedia":[{"embeddable":true,"href":"https:\/\/previntegral.com\/es\/wp-json\/wp\/v2\/media\/5492"}],"wp:attachment":[{"href":"https:\/\/previntegral.com\/es\/wp-json\/wp\/v2\/media?parent=5488"}],"wp:term":[{"taxonomy":"product_brand","embeddable":true,"href":"https:\/\/previntegral.com\/es\/wp-json\/wp\/v2\/product_brand?post=5488"},{"taxonomy":"product_cat","embeddable":true,"href":"https:\/\/previntegral.com\/es\/wp-json\/wp\/v2\/product_cat?post=5488"},{"taxonomy":"product_tag","embeddable":true,"href":"https:\/\/previntegral.com\/es\/wp-json\/wp\/v2\/product_tag?post=5488"}],"curies":[{"name":"WordPress","href":"https:\/\/api.w.org\/{rel}","templated":true}]}}