{"id":5489,"date":"2025-12-09T16:44:32","date_gmt":"2025-12-09T16:44:32","guid":{"rendered":"https:\/\/previntegral.com\/producto\/formacio-de-maquinaria-forestal-processadora\/"},"modified":"2026-03-16T18:32:34","modified_gmt":"2026-03-16T18:32:34","slug":"formacion-sobre-maquinaria-forestal-de-procesamiento","status":"publish","type":"product","link":"https:\/\/previntegral.com\/es\/producto\/formacio-de-maquinaria-forestal-processadora\/","title":{"rendered":"Formaci\u00f3n en maquinaria forestal: procesador"},"content":{"rendered":"<p>El curso \u00abMaquinaria forestal: formaci\u00f3n para operadores de procesadoras\u00bb es un curso de 20 horas (20 h) impartido en formato presencial. <strong>presencial<\/strong>, dirigido a profesionales del sector forestal que trabajan con <strong>procesadores<\/strong> tanto dentro como fuera de la obra. El programa da cumplimiento al art\u00edculo 19 de la <strong>Ley 31\/95<\/strong> de la prevenci\u00f3n de riesgos laborales y a <strong>Ley 32\/2006<\/strong> sobre la subcontrataci\u00f3n, con un contenido acorde con el <strong>Resoluci\u00f3n EMO\/634\/2013<\/strong>. Mediante una metodolog\u00eda te\u00f3rico-pr\u00e1ctica, los participantes adquieren <strong>competencias<\/strong> para el funcionamiento seguro de la m\u00e1quina, la planificaci\u00f3n del trabajo, la se\u00f1alizaci\u00f3n, la comunicaci\u00f3n y el trabajo en equipo; as\u00ed como en <strong>mantenimiento preventivo<\/strong>, la ergonom\u00eda y la gesti\u00f3n de emergencias. Aborda el <strong>riesgos espec\u00edficos<\/strong> la tala, el procesamiento y la manipulaci\u00f3n de la madera, la estabilidad de los taludes, los factores medioambientales y el uso de EPI, con especial \u00e9nfasis en <strong>procedimientos operativos<\/strong> y la normativa vigente. Al finalizar, los alumnos obtienen una acreditaci\u00f3n \u00fatil para acreditar su formaci\u00f3n en seguridad y salud en el trabajo ante las principales empresas y subcontratistas, lo que refuerza <strong>seguridad<\/strong>, eficiencia y productividad en las tareas forestales.<\/p>","protected":false},"excerpt":{"rendered":"<p>La Formaci\u00f3 de maquin\u00e0ria forestal: processadora \u00e9s un curs de 20 hores (20 h), en modalitat presencial, orientat a professionals del sector forestal que operen amb processadores tant dins com fora de l\u2019\u00e0mbit d\u2019obres. El programa dona compliment a l\u2019article 19 de la Llei 31\/95 de prevenci\u00f3 de riscos laborals i a la Llei 32\/2006 [&hellip;]<\/p>\n","protected":false},"featured_media":5493,"comment_status":"open","ping_status":"closed","template":"","meta":{"_acf_changed":false},"product_brand":[],"product_cat":[39],"product_tag":[],"class_list":{"0":"post-5489","1":"product","2":"type-product","3":"status-publish","4":"has-post-thumbnail","6":"product_cat-forestal","8":"first","9":"instock","10":"virtual","11":"taxable","12":"purchasable","13":"product-type-curso"},"acf":[],"precio_regular_curso":340.01,"precio_bonificado_curso":358.16,"_links":{"self":[{"href":"https:\/\/previntegral.com\/es\/wp-json\/wp\/v2\/product\/5489","targetHints":{"allow":["GET"]}}],"collection":[{"href":"https:\/\/previntegral.com\/es\/wp-json\/wp\/v2\/product"}],"about":[{"href":"https:\/\/previntegral.com\/es\/wp-json\/wp\/v2\/types\/product"}],"replies":[{"embeddable":true,"href":"https:\/\/previntegral.com\/es\/wp-json\/wp\/v2\/comments?post=5489"}],"wp:featuredmedia":[{"embeddable":true,"href":"https:\/\/previntegral.com\/es\/wp-json\/wp\/v2\/media\/5493"}],"wp:attachment":[{"href":"https:\/\/previntegral.com\/es\/wp-json\/wp\/v2\/media?parent=5489"}],"wp:term":[{"taxonomy":"product_brand","embeddable":true,"href":"https:\/\/previntegral.com\/es\/wp-json\/wp\/v2\/product_brand?post=5489"},{"taxonomy":"product_cat","embeddable":true,"href":"https:\/\/previntegral.com\/es\/wp-json\/wp\/v2\/product_cat?post=5489"},{"taxonomy":"product_tag","embeddable":true,"href":"https:\/\/previntegral.com\/es\/wp-json\/wp\/v2\/product_tag?post=5489"}],"curies":[{"name":"WordPress","href":"https:\/\/api.w.org\/{rel}","templated":true}]}}