{"id":5494,"date":"2025-12-09T16:45:32","date_gmt":"2025-12-09T16:45:32","guid":{"rendered":"https:\/\/previntegral.com\/producto\/formacio-de-maquinaria-forestal-tractor-forestal\/"},"modified":"2026-03-16T18:32:34","modified_gmt":"2026-03-16T18:32:34","slug":"formacion-sobre-maquinaria-forestal-y-tractores","status":"publish","type":"product","link":"https:\/\/previntegral.com\/es\/producto\/formacio-de-maquinaria-forestal-tractor-forestal\/","title":{"rendered":"Formaci\u00f3n en maquinaria forestal: tractor forestal"},"content":{"rendered":"<p>Este curso de 20 horas sobre <strong>Modo presencial<\/strong> Est\u00e1 dise\u00f1ado para formar al personal del sector forestal en el uso seguro y eficiente de <strong>tractor forestal<\/strong>. Combina la teor\u00eda y la pr\u00e1ctica para cumplir con el art\u00edculo 19 de la Ley 31\/95 y la Ley 32\/2006, que exigen formaci\u00f3n en <strong>prevenci\u00f3n de riesgos laborales<\/strong> y la acreditaci\u00f3n prevista en el <strong>Resoluci\u00f3n EMO\/634\/2013<\/strong>. Nos encargaremos de las inspecciones previas a la puesta en servicio, la puesta en servicio, la <strong>Maniobras seguras<\/strong> en terrenos irregulares, la carga y el transporte de madera, el uso del cabrestante y sus accesorios, as\u00ed como la se\u00f1alizaci\u00f3n y la organizaci\u00f3n del lugar de trabajo. Se reforzar\u00e1n los h\u00e1bitos de prevenci\u00f3n: evaluaci\u00f3n de riesgos, uso de\u2026\u2019<strong>\u00cdndice de protecci\u00f3n equivalente<\/strong>, ergonom\u00eda, factores ambientales (pendientes, condiciones del terreno y condiciones meteorol\u00f3gicas) y protocolos de emergencia. Dirigido a operarios, jefes de equipo y trabajadores aut\u00f3nomos que realizan tareas dentro o fuera de la obra, los participantes adquirir\u00e1n las habilidades necesarias para trabajar de forma segura, reducir los incidentes y mejorar la productividad. No disponible en l\u00ednea. Al finalizar, se entregar\u00e1 un certificado de asistencia\/realizaci\u00f3n v\u00e1lido para el <strong>Sector forestal<\/strong>.<\/p>","protected":false},"excerpt":{"rendered":"<p>Aquest curs de 20 hores en modalitat presencial est\u00e0 dissenyat per capacitar el personal del sector forestal en l\u2019\u00fas segur i eficient del tractor forestal. Combina teoria i pr\u00e0ctica per donar compliment a l\u2019article 19 de la Llei 31\/95 i a la Llei 32\/2006, exigint la formaci\u00f3 en prevenci\u00f3 de riscos laborals i l\u2019acreditaci\u00f3 prevista [&hellip;]<\/p>\n","protected":false},"featured_media":5496,"comment_status":"open","ping_status":"closed","template":"","meta":{"_acf_changed":false},"product_brand":[],"product_cat":[39],"product_tag":[],"class_list":{"0":"post-5494","1":"product","2":"type-product","3":"status-publish","4":"has-post-thumbnail","6":"product_cat-forestal","8":"first","9":"instock","10":"virtual","11":"taxable","12":"purchasable","13":"product-type-curso"},"acf":[],"precio_regular_curso":340.01,"precio_bonificado_curso":358.16,"_links":{"self":[{"href":"https:\/\/previntegral.com\/es\/wp-json\/wp\/v2\/product\/5494","targetHints":{"allow":["GET"]}}],"collection":[{"href":"https:\/\/previntegral.com\/es\/wp-json\/wp\/v2\/product"}],"about":[{"href":"https:\/\/previntegral.com\/es\/wp-json\/wp\/v2\/types\/product"}],"replies":[{"embeddable":true,"href":"https:\/\/previntegral.com\/es\/wp-json\/wp\/v2\/comments?post=5494"}],"wp:featuredmedia":[{"embeddable":true,"href":"https:\/\/previntegral.com\/es\/wp-json\/wp\/v2\/media\/5496"}],"wp:attachment":[{"href":"https:\/\/previntegral.com\/es\/wp-json\/wp\/v2\/media?parent=5494"}],"wp:term":[{"taxonomy":"product_brand","embeddable":true,"href":"https:\/\/previntegral.com\/es\/wp-json\/wp\/v2\/product_brand?post=5494"},{"taxonomy":"product_cat","embeddable":true,"href":"https:\/\/previntegral.com\/es\/wp-json\/wp\/v2\/product_cat?post=5494"},{"taxonomy":"product_tag","embeddable":true,"href":"https:\/\/previntegral.com\/es\/wp-json\/wp\/v2\/product_tag?post=5494"}],"curies":[{"name":"WordPress","href":"https:\/\/api.w.org\/{rel}","templated":true}]}}