{"id":5497,"date":"2025-12-09T16:46:15","date_gmt":"2025-12-09T16:46:15","guid":{"rendered":"https:\/\/previntegral.com\/producto\/formacio-dus-i-maneig-del-cable-en-operacions-forestals\/"},"modified":"2026-03-16T18:32:34","modified_gmt":"2026-03-16T18:32:34","slug":"formacion-sobre-el-uso-y-la-manipulacion-de-cables-en-operaciones-forestales","status":"publish","type":"product","link":"https:\/\/previntegral.com\/es\/producto\/formacio-dus-i-maneig-del-cable-en-operacions-forestals\/","title":{"rendered":"Formaci\u00f3n sobre el uso y manejo de cables en operaciones forestales."},"content":{"rendered":"<p>Esta formaci\u00f3n espec\u00edfica en <strong>Uso y manipulaci\u00f3n del cable<\/strong> En el \u00e1mbito de las operaciones forestales, dota a los profesionales de las competencias necesarias para trabajar con seguridad en las tareas de extracci\u00f3n, transporte y concentraci\u00f3n de madera mediante cabrestantes y sistemas de cables. Dise\u00f1ado de conformidad con la\u2019<strong>Art\u00edculo 19 de la Ley 31\/1995<\/strong> y el <strong>Ley 32\/2006<\/strong>, y de conformidad con el convenio del sector forestal, cumple con las <strong>Resoluci\u00f3n EMO\/634\/2013<\/strong> para acreditar el <strong>prevenci\u00f3n de riesgos laborales<\/strong>. En <strong>20 horas<\/strong> y en <strong>Modo presencial<\/strong> (no disponible en l\u00ednea), combinamos la teor\u00eda y la formaci\u00f3n pr\u00e1ctica para dominar la inspecci\u00f3n y el mantenimiento de cables, el montaje de poleas y anclajes, el c\u00e1lculo b\u00e1sico de cargas y tensiones, la organizaci\u00f3n segura del trabajo, la se\u00f1alizaci\u00f3n y el uso de\u2019<strong>\u00cdndice de protecci\u00f3n equivalente<\/strong> Protocolos de emergencia y rescate. Dirigido a todo el personal del sector forestal catal\u00e1n, tanto dentro como fuera del \u00e1mbito de las obras de construcci\u00f3n, el curso contribuye a reducir los incidentes, mejorar la eficiencia y cumplir los requisitos de formaci\u00f3n del convenio colectivo.<\/p>","protected":false},"excerpt":{"rendered":"<p>Aquesta formaci\u00f3 espec\u00edfica en \u00fas i maneig del cable en operacions forestals dota els professionals de les compet\u00e8ncies per treballar amb seguretat en extracci\u00f3, arrossegament i concentraci\u00f3 de fusta amb cabrestant i sistemes de cable. Dissenyada d\u2019acord amb l\u2019Article 19 de la Llei 31\/1995 i la Llei 32\/2006, i d\u2019acord amb el conveni del sector [&hellip;]<\/p>\n","protected":false},"featured_media":5501,"comment_status":"open","ping_status":"closed","template":"","meta":{"_acf_changed":false},"product_brand":[],"product_cat":[39],"product_tag":[],"class_list":{"0":"post-5497","1":"product","2":"type-product","3":"status-publish","4":"has-post-thumbnail","6":"product_cat-forestal","8":"first","9":"instock","10":"virtual","11":"taxable","12":"purchasable","13":"product-type-curso"},"acf":[],"precio_regular_curso":340.01,"precio_bonificado_curso":358.16,"_links":{"self":[{"href":"https:\/\/previntegral.com\/es\/wp-json\/wp\/v2\/product\/5497","targetHints":{"allow":["GET"]}}],"collection":[{"href":"https:\/\/previntegral.com\/es\/wp-json\/wp\/v2\/product"}],"about":[{"href":"https:\/\/previntegral.com\/es\/wp-json\/wp\/v2\/types\/product"}],"replies":[{"embeddable":true,"href":"https:\/\/previntegral.com\/es\/wp-json\/wp\/v2\/comments?post=5497"}],"wp:featuredmedia":[{"embeddable":true,"href":"https:\/\/previntegral.com\/es\/wp-json\/wp\/v2\/media\/5501"}],"wp:attachment":[{"href":"https:\/\/previntegral.com\/es\/wp-json\/wp\/v2\/media?parent=5497"}],"wp:term":[{"taxonomy":"product_brand","embeddable":true,"href":"https:\/\/previntegral.com\/es\/wp-json\/wp\/v2\/product_brand?post=5497"},{"taxonomy":"product_cat","embeddable":true,"href":"https:\/\/previntegral.com\/es\/wp-json\/wp\/v2\/product_cat?post=5497"},{"taxonomy":"product_tag","embeddable":true,"href":"https:\/\/previntegral.com\/es\/wp-json\/wp\/v2\/product_tag?post=5497"}],"curies":[{"name":"WordPress","href":"https:\/\/api.w.org\/{rel}","templated":true}]}}