{"id":5498,"date":"2025-12-09T16:46:16","date_gmt":"2025-12-09T16:46:16","guid":{"rendered":"https:\/\/previntegral.com\/producto\/formacio-de-tala-i-poda-en-treballs-forestals-formacio-de-tala-i-poda-en-altures\/"},"modified":"2026-03-16T18:32:34","modified_gmt":"2026-03-16T18:32:34","slug":"formacion-en-tala-y-poda-en-trabajos-forestales-formacion-en-tala-y-poda-en-altura","status":"publish","type":"product","link":"https:\/\/previntegral.com\/es\/producto\/formacio-de-tala-i-poda-en-treballs-forestals-formacio-de-tala-i-poda-en-altures\/","title":{"rendered":"Formaci\u00f3n en tala y poda en trabajos forestales. Formaci\u00f3n en tala y poda en altura."},"content":{"rendered":"<p>El curso de formaci\u00f3n sobre tala y poda para silvicultura y trabajos en altura es un curso <strong>presencial<\/strong> de <strong>8 de la tarde<\/strong> que proporciona al personal del sector forestal de Catalu\u00f1a el <strong>Formaci\u00f3n te\u00f3rica y pr\u00e1ctica<\/strong> necesario identificar y evitar los riesgos de su lugar de trabajo, de conformidad con el art\u00edculo 19 de la Ley 31\/1995. Tambi\u00e9n cumple con la Ley 32\/2006 y la Resoluci\u00f3n EMO\/634\/2013, garantizando la acreditaci\u00f3n de la formaci\u00f3n exigida por el acuerdo de la <strong>sector forestal<\/strong>. Aborda t\u00e9cnicas seguras de <strong>Tala dirigida<\/strong>, <strong>poda<\/strong> i <strong>Poda de alto nivel<\/strong>, uso y mantenimiento del <strong>Motosierra<\/strong>, evaluaci\u00f3n previa del \u00e1rbol y del terreno, planificaci\u00f3n y se\u00f1alizaci\u00f3n de la obra. Sistemas de <strong>escalador<\/strong>, <strong>anclajes<\/strong> i <strong>aparejo<\/strong> para el descenso controlado de ramas y troncos, selecci\u00f3n de\u2019<strong>\u00cdndice de protecci\u00f3n equivalente<\/strong>, control de riesgos espec\u00edficos (tensiones en la madera, l\u00edneas el\u00e9ctricas, meteorolog\u00eda) y protocolos de emergencia y <strong>Rescate en altura<\/strong>. Dirigido a operarios, aut\u00f3nomos y capataces que realizan trabajos dentro y fuera de las obras de construcci\u00f3n, el curso da prioridad a la <strong>buenas pr\u00e1cticas<\/strong> y la eficiencia operativa mediante ejercicios en un entorno real.<\/p>","protected":false},"excerpt":{"rendered":"<p>La Formaci\u00f3 de tala i poda en treballs forestals i en altures \u00e9s un curs presencial de 20 h que dota el personal del sector forestal de Catalunya de la formaci\u00f3 teoricopr\u00e0ctica necess\u00e0ria per con\u00e8ixer i evitar els riscos del seu lloc de treball, d\u2019acord amb l\u2019article 19 de la Llei 31\/1995. Respon igualment a [&hellip;]<\/p>\n","protected":false},"featured_media":5502,"comment_status":"open","ping_status":"closed","template":"","meta":{"_acf_changed":false},"product_brand":[],"product_cat":[39],"product_tag":[],"class_list":{"0":"post-5498","1":"product","2":"type-product","3":"status-publish","4":"has-post-thumbnail","6":"product_cat-forestal","8":"first","9":"instock","10":"virtual","11":"taxable","12":"purchasable","13":"product-type-curso"},"acf":[],"precio_regular_curso":340.01,"precio_bonificado_curso":358.16,"_links":{"self":[{"href":"https:\/\/previntegral.com\/es\/wp-json\/wp\/v2\/product\/5498","targetHints":{"allow":["GET"]}}],"collection":[{"href":"https:\/\/previntegral.com\/es\/wp-json\/wp\/v2\/product"}],"about":[{"href":"https:\/\/previntegral.com\/es\/wp-json\/wp\/v2\/types\/product"}],"replies":[{"embeddable":true,"href":"https:\/\/previntegral.com\/es\/wp-json\/wp\/v2\/comments?post=5498"}],"wp:featuredmedia":[{"embeddable":true,"href":"https:\/\/previntegral.com\/es\/wp-json\/wp\/v2\/media\/5502"}],"wp:attachment":[{"href":"https:\/\/previntegral.com\/es\/wp-json\/wp\/v2\/media?parent=5498"}],"wp:term":[{"taxonomy":"product_brand","embeddable":true,"href":"https:\/\/previntegral.com\/es\/wp-json\/wp\/v2\/product_brand?post=5498"},{"taxonomy":"product_cat","embeddable":true,"href":"https:\/\/previntegral.com\/es\/wp-json\/wp\/v2\/product_cat?post=5498"},{"taxonomy":"product_tag","embeddable":true,"href":"https:\/\/previntegral.com\/es\/wp-json\/wp\/v2\/product_tag?post=5498"}],"curies":[{"name":"WordPress","href":"https:\/\/api.w.org\/{rel}","templated":true}]}}