{"id":5503,"date":"2025-12-09T16:46:47","date_gmt":"2025-12-09T16:46:47","guid":{"rendered":"https:\/\/previntegral.com\/producto\/instal%c2%b7lacions-reparacions-muntatges-estructures-metal%c2%b7liques-serralleria-i-fusteria-metal%c2%b7lica\/"},"modified":"2026-03-16T18:32:34","modified_gmt":"2026-03-16T18:32:34","slug":"instalaciones-reparaciones-montajes-estructuras-metalicas-cerrajeria-y-carpinteria","status":"publish","type":"product","link":"https:\/\/previntegral.com\/es\/producto\/instal%c2%b7lacions-reparacions-muntatges-estructures-metal%c2%b7liques-serralleria-i-fusteria-metal%c2%b7lica\/","title":{"rendered":"Instalaciones, reparaciones, montajes, estructuras met\u00e1licas, ferreter\u00eda y carpinter\u00eda met\u00e1lica."},"content":{"rendered":"<p>Este curso ofrece la formaci\u00f3n espec\u00edfica que exige <strong>Convenio Colectivo del Sector Metal\u00fargico<\/strong> para trabajar en obras de construcci\u00f3n. Especializado en instalaciones, reparaciones, montajes, estructuras met\u00e1licas, herrajes y carpinter\u00eda met\u00e1lica, combina sus conocimientos de <strong>prevenci\u00f3n de riesgos<\/strong> y procedimientos de funcionamiento seguros. Tiene una duraci\u00f3n de <strong>8 de la tarde<\/strong>, en modalidad <strong>presencial<\/strong>, y la imparte <strong>Previntegral?<\/strong>, un centro acreditado por la <strong>Comisionado Federal de Tierras<\/strong> (n.\u00ba 0505080031). El itinerario se estructura en un <strong>parte del tronco<\/strong> de 14 horas (riesgos y medidas preventivas, equipos de trabajo y EPI, ca\u00eddas, emergencias, se\u00f1alizaci\u00f3n y coordinaci\u00f3n de actividades) y un <strong>especialidad<\/strong> Curso de 6 horas centrado en el corte y la soldadura, el montaje y la fijaci\u00f3n de perfiles, la manipulaci\u00f3n de materiales y las buenas pr\u00e1cticas en ebanister\u00eda y carpinter\u00eda met\u00e1lica. Dirigido a todo el personal de metalurgia que acceda al \u201ccentro de obras de construcci\u00f3n\u201d. El convenio colectivo prev\u00e9 4 horas de formaci\u00f3n de actualizaci\u00f3n cada 4 a\u00f1os. Si la actividad lo requiere, esto se complementa con formaci\u00f3n espec\u00edfica (por ejemplo, <strong>Plan m\u00e9dico de emergencia p\u00fablica<\/strong> o retirada de\u2019<strong>amianto<\/strong>).<\/p>","protected":false},"excerpt":{"rendered":"<p>Aquest curs proporciona la formaci\u00f3 espec\u00edfica exigida pel Conveni Col\u00b7lectiu del Sector del Metall per treballar en obres de construcci\u00f3. Orientat a tasques d\u2019instal\u00b7lacions, reparacions, muntatges, estructures met\u00e0l\u00b7liques, serralleria i fusteria met\u00e0l\u00b7lica, combina coneixements de prevenci\u00f3 de riscos i procediments operatius segurs. T\u00e9 una durada de 20 h, en modalitat presencial, i \u00e9s impartit per [&hellip;]<\/p>\n","protected":false},"featured_media":5505,"comment_status":"open","ping_status":"closed","template":"","meta":{"_acf_changed":false},"product_brand":[],"product_cat":[52],"product_tag":[],"class_list":{"0":"post-5503","1":"product","2":"type-product","3":"status-publish","4":"has-post-thumbnail","6":"product_cat-metall-obra","8":"first","9":"instock","10":"virtual","11":"taxable","12":"purchasable","13":"product-type-curso"},"acf":[],"precio_regular_curso":340.01,"precio_bonificado_curso":358.16,"_links":{"self":[{"href":"https:\/\/previntegral.com\/es\/wp-json\/wp\/v2\/product\/5503","targetHints":{"allow":["GET"]}}],"collection":[{"href":"https:\/\/previntegral.com\/es\/wp-json\/wp\/v2\/product"}],"about":[{"href":"https:\/\/previntegral.com\/es\/wp-json\/wp\/v2\/types\/product"}],"replies":[{"embeddable":true,"href":"https:\/\/previntegral.com\/es\/wp-json\/wp\/v2\/comments?post=5503"}],"wp:featuredmedia":[{"embeddable":true,"href":"https:\/\/previntegral.com\/es\/wp-json\/wp\/v2\/media\/5505"}],"wp:attachment":[{"href":"https:\/\/previntegral.com\/es\/wp-json\/wp\/v2\/media?parent=5503"}],"wp:term":[{"taxonomy":"product_brand","embeddable":true,"href":"https:\/\/previntegral.com\/es\/wp-json\/wp\/v2\/product_brand?post=5503"},{"taxonomy":"product_cat","embeddable":true,"href":"https:\/\/previntegral.com\/es\/wp-json\/wp\/v2\/product_cat?post=5503"},{"taxonomy":"product_tag","embeddable":true,"href":"https:\/\/previntegral.com\/es\/wp-json\/wp\/v2\/product_tag?post=5503"}],"curies":[{"name":"WordPress","href":"https:\/\/api.w.org\/{rel}","templated":true}]}}