{"id":5507,"date":"2025-12-09T16:47:29","date_gmt":"2025-12-09T16:47:29","guid":{"rendered":"https:\/\/previntegral.com\/producto\/formacio-per-a-directius-dempresa-de-la-construccio-2\/"},"modified":"2026-03-23T13:44:25","modified_gmt":"2026-03-23T13:44:25","slug":"formacion-para-directivos-de-una-empresa-constructora-2","status":"publish","type":"product","link":"https:\/\/previntegral.com\/es\/producto\/formacio-per-a-directius-dempresa-de-la-construccio-2\/","title":{"rendered":"Formaci\u00f3n para directivos de empresas del sector metal-construcci\u00f3n"},"content":{"rendered":"<p>El curso \u201cFormaci\u00f3n para directivos de empresas constructoras\u201d cumple los requisitos de formaci\u00f3n establecidos por la <strong>Ley 32\/2006<\/strong> regulador de la subcontrataci\u00f3n y a los requisitos de la <strong>Convenio colectivo para la industria metal\u00fargica<\/strong> para trabajos in situ. Dise\u00f1ado para <strong>gerentes<\/strong> de las empresas de los sectores de la construcci\u00f3n y la metalurgia que participan en el proyecto, se ocupa de las responsabilidades legales, las <strong>subcontrataci\u00f3n<\/strong>, el <strong>Coordinaci\u00f3n de actividades empresariales (CAE)<\/strong>, control documental y gesti\u00f3n de la <strong>seguridad y salud<\/strong> a los proyectos. El <strong>Modo en l\u00ednea (100%)<\/strong> y la duraci\u00f3n de <strong>10 horas<\/strong> Permiten un progreso flexible a trav\u00e9s de un campus virtual y casos pr\u00e1cticos, sin necesidad de desplazarse. Previntegral es un centro acreditado por la <strong>Fundaci\u00f3n para el Trabajo en la Construcci\u00f3n (CLF)<\/strong>, n.\u00ba 0505080031, que garantiza la validez y la trazabilidad de la formaci\u00f3n. Una vez completada, podr\u00e1 demostrar el cumplimiento a los clientes y a la autoridad de inspecci\u00f3n, minimizar los riesgos, reforzar la toma de decisiones in situ y establecer criterios eficaces para controlar a los subcontratistas y proveedores.<\/p>","protected":false},"excerpt":{"rendered":"<p>El curs \u201cFormaci\u00f3 per a directius d\u2019empresa de la construcci\u00f3\u201d dona resposta a l\u2019obligaci\u00f3 formativa establerta per la Llei 32\/2006 reguladora de la subcontractaci\u00f3 i a les exig\u00e8ncies del Conveni Col\u00b7lectiu del Metall per a treballs en obra. Dissenyat per a directius d\u2019empreses del sector de la construcci\u00f3 i del metall que intervenen a obra, [&hellip;]<\/p>\n","protected":false},"featured_media":5512,"comment_status":"open","ping_status":"closed","template":"","meta":{"_acf_changed":false},"product_brand":[],"product_cat":[52],"product_tag":[],"class_list":{"0":"post-5507","1":"product","2":"type-product","3":"status-publish","4":"has-post-thumbnail","6":"product_cat-metall-obra","8":"first","9":"instock","10":"virtual","11":"taxable","12":"purchasable","13":"product-type-curso"},"acf":[],"precio_regular_curso":108.9,"precio_bonificado_curso":108.9,"_links":{"self":[{"href":"https:\/\/previntegral.com\/es\/wp-json\/wp\/v2\/product\/5507","targetHints":{"allow":["GET"]}}],"collection":[{"href":"https:\/\/previntegral.com\/es\/wp-json\/wp\/v2\/product"}],"about":[{"href":"https:\/\/previntegral.com\/es\/wp-json\/wp\/v2\/types\/product"}],"replies":[{"embeddable":true,"href":"https:\/\/previntegral.com\/es\/wp-json\/wp\/v2\/comments?post=5507"}],"wp:featuredmedia":[{"embeddable":true,"href":"https:\/\/previntegral.com\/es\/wp-json\/wp\/v2\/media\/5512"}],"wp:attachment":[{"href":"https:\/\/previntegral.com\/es\/wp-json\/wp\/v2\/media?parent=5507"}],"wp:term":[{"taxonomy":"product_brand","embeddable":true,"href":"https:\/\/previntegral.com\/es\/wp-json\/wp\/v2\/product_brand?post=5507"},{"taxonomy":"product_cat","embeddable":true,"href":"https:\/\/previntegral.com\/es\/wp-json\/wp\/v2\/product_cat?post=5507"},{"taxonomy":"product_tag","embeddable":true,"href":"https:\/\/previntegral.com\/es\/wp-json\/wp\/v2\/product_tag?post=5507"}],"curies":[{"name":"WordPress","href":"https:\/\/api.w.org\/{rel}","templated":true}]}}