{"id":5518,"date":"2025-12-09T16:49:45","date_gmt":"2025-12-09T16:49:45","guid":{"rendered":"https:\/\/previntegral.com\/producto\/ferralla-2\/"},"modified":"2026-03-16T18:32:34","modified_gmt":"2026-03-16T18:32:34","slug":"chatarra-2","status":"publish","type":"product","link":"https:\/\/previntegral.com\/es\/producto\/ferralla-2\/","title":{"rendered":"Chatarra"},"content":{"rendered":"<p>El curso de <strong>Chatarra<\/strong> Est\u00e1 dirigido al personal del sector metal\u00fargico que trabaja en obras de construcci\u00f3n y que necesita la certificaci\u00f3n de formaci\u00f3n exigida por <strong>Convenio colectivo estatal para la industria metal\u00fargica<\/strong> para acceder al lugar de trabajo. La formaci\u00f3n es <strong>presencial<\/strong> (no disponible en l\u00ednea) y tiene una duraci\u00f3n total de <strong>8 de la tarde<\/strong>, estructurado en 14 horas de un componente b\u00e1sico com\u00fan y 6 horas de la especialidad de ferreter\u00eda. Abordan el <strong>riesgos espec\u00edficos<\/strong> del montaje de armaduras: corte y doblado seguros, almacenamiento y apilado de barras y mallas, colocaci\u00f3n en encofrados, trabajos en altura, elevaci\u00f3n y <strong>se\u00f1alizaci\u00f3n<\/strong>, uso de herramientas y maquinaria (dobladoras, cortadoras), <strong>Equipo de protecci\u00f3n personal<\/strong> y las medidas de protecci\u00f3n colectiva, la coordinaci\u00f3n de actividades y la respuesta ante emergencias, de conformidad con la <strong>De polo largo a riel<\/strong> y los procedimientos del acuerdo. La parte principal puede validarse si ya la tienes. Formaci\u00f3n impartida por Previntegral, un centro acreditado por la <strong>Comisionado Federal de Tierras<\/strong> (n.\u00ba 0505080031), con una certificaci\u00f3n v\u00e1lida en vigor. El acuerdo exige <strong>reciclaje<\/strong> 4 horas cada 4 a\u00f1os y formaci\u00f3n adicional para tareas espec\u00edficas.<\/p>","protected":false},"excerpt":{"rendered":"<p>El curs de Ferralla s\u2019adre\u00e7a al personal del sector del metall que treballa en obres de construcci\u00f3 i necessita la credencial formativa exigida pel Conveni col\u00b7lectiu estatal del metall per accedir al centre de treball. La formaci\u00f3 \u00e9s presencial (no disponible en l\u00ednia) i t\u00e9 una durada total de 20 h, estructurades en 14 h [&hellip;]<\/p>\n","protected":false},"featured_media":5520,"comment_status":"open","ping_status":"closed","template":"","meta":{"_acf_changed":false},"product_brand":[],"product_cat":[52],"product_tag":[],"class_list":{"0":"post-5518","1":"product","2":"type-product","3":"status-publish","4":"has-post-thumbnail","6":"product_cat-metall-obra","8":"first","9":"instock","10":"virtual","11":"taxable","12":"purchasable","13":"product-type-curso"},"acf":[],"precio_regular_curso":340.01,"precio_bonificado_curso":358.16,"_links":{"self":[{"href":"https:\/\/previntegral.com\/es\/wp-json\/wp\/v2\/product\/5518","targetHints":{"allow":["GET"]}}],"collection":[{"href":"https:\/\/previntegral.com\/es\/wp-json\/wp\/v2\/product"}],"about":[{"href":"https:\/\/previntegral.com\/es\/wp-json\/wp\/v2\/types\/product"}],"replies":[{"embeddable":true,"href":"https:\/\/previntegral.com\/es\/wp-json\/wp\/v2\/comments?post=5518"}],"wp:featuredmedia":[{"embeddable":true,"href":"https:\/\/previntegral.com\/es\/wp-json\/wp\/v2\/media\/5520"}],"wp:attachment":[{"href":"https:\/\/previntegral.com\/es\/wp-json\/wp\/v2\/media?parent=5518"}],"wp:term":[{"taxonomy":"product_brand","embeddable":true,"href":"https:\/\/previntegral.com\/es\/wp-json\/wp\/v2\/product_brand?post=5518"},{"taxonomy":"product_cat","embeddable":true,"href":"https:\/\/previntegral.com\/es\/wp-json\/wp\/v2\/product_cat?post=5518"},{"taxonomy":"product_tag","embeddable":true,"href":"https:\/\/previntegral.com\/es\/wp-json\/wp\/v2\/product_tag?post=5518"}],"curies":[{"name":"WordPress","href":"https:\/\/api.w.org\/{rel}","templated":true}]}}