{"id":5521,"date":"2025-12-09T16:49:53","date_gmt":"2025-12-09T16:49:53","guid":{"rendered":"https:\/\/previntegral.com\/producto\/instal%c2%b7lacio-dascensors\/"},"modified":"2026-03-16T18:32:34","modified_gmt":"2026-03-16T18:32:34","slug":"instalacion-de-ascensores","status":"publish","type":"product","link":"https:\/\/previntegral.com\/es\/producto\/instal%c2%b7lacio-dascensors\/","title":{"rendered":"Instalaci\u00f3n de ascensor"},"content":{"rendered":"<p>El curso de instalaci\u00f3n de ascensores est\u00e1 dise\u00f1ado para cumplir los requisitos de la <strong>Convenio colectivo para el sector metal\u00fargico<\/strong> para trabajar en <strong>trabajos de construcci\u00f3n<\/strong> y para facilitar el acceso seguro a los lugares de trabajo. Tiene una duraci\u00f3n de <strong>20 horas<\/strong> en <strong>Modo presencial<\/strong> y se imparte en Previntegral, un centro acreditado por la FLC (n.\u00ba 0505080031). El programa sigue la estructura oficial: 14 horas de <strong>parte com\u00fan o troncal<\/strong> (organizaci\u00f3n de la prevenci\u00f3n, derechos y obligaciones, <strong>Coordinaci\u00f3n de actividades empresariales<\/strong>, equipos <strong>\u00cdndice de protecci\u00f3n equivalente<\/strong>, se\u00f1alizaci\u00f3n y riesgos generales del sector) y 6 horas de\u2019<strong>especialidad<\/strong> dirigido al sector de la instalaci\u00f3n de ascensores: procedimientos seguros para <strong>Instalaci\u00f3n y puesta en marcha<\/strong>, trabajas en <strong>altura<\/strong>, maniobras con equipos auxiliares, riesgos el\u00e9ctricos y mec\u00e1nicos, y respuesta ante emergencias. Si ya has superado la parte troncal, solo tendr\u00e1s que completar el curso de especializaci\u00f3n de seis horas. Esta formaci\u00f3n acredita el <strong>prevenci\u00f3n de riesgos laborales<\/strong> que el sector necesita y que es renovable mediante <strong>Reciclaje cada 4 a\u00f1os<\/strong> (4 horas). Es posible que se requiera formaci\u00f3n adicional para tareas espec\u00edficas (por ejemplo, PEMP o amianto).<\/p>","protected":false},"excerpt":{"rendered":"<p>El curs Instal\u00b7laci\u00f3 d\u2019ascensors est\u00e0 dissenyat per complir les exig\u00e8ncies del Conveni col\u00b7lectiu del metall per a treballs en obra de construcci\u00f3 i facilitar l\u2019acc\u00e9s segur als centres de treball. T\u00e9 una durada de 20 hores en modalitat presencial i s\u2019imparteix a Previntegral, centre homologat per la FLC (n\u00fam. 0505080031). El programa segueix l\u2019estructura oficial: [&hellip;]<\/p>\n","protected":false},"featured_media":5525,"comment_status":"open","ping_status":"closed","template":"","meta":{"_acf_changed":false},"product_brand":[],"product_cat":[52],"product_tag":[],"class_list":{"0":"post-5521","1":"product","2":"type-product","3":"status-publish","4":"has-post-thumbnail","6":"product_cat-metall-obra","8":"first","9":"instock","10":"virtual","11":"taxable","12":"purchasable","13":"product-type-curso"},"acf":[],"precio_regular_curso":340.01,"precio_bonificado_curso":358.16,"_links":{"self":[{"href":"https:\/\/previntegral.com\/es\/wp-json\/wp\/v2\/product\/5521","targetHints":{"allow":["GET"]}}],"collection":[{"href":"https:\/\/previntegral.com\/es\/wp-json\/wp\/v2\/product"}],"about":[{"href":"https:\/\/previntegral.com\/es\/wp-json\/wp\/v2\/types\/product"}],"replies":[{"embeddable":true,"href":"https:\/\/previntegral.com\/es\/wp-json\/wp\/v2\/comments?post=5521"}],"wp:featuredmedia":[{"embeddable":true,"href":"https:\/\/previntegral.com\/es\/wp-json\/wp\/v2\/media\/5525"}],"wp:attachment":[{"href":"https:\/\/previntegral.com\/es\/wp-json\/wp\/v2\/media?parent=5521"}],"wp:term":[{"taxonomy":"product_brand","embeddable":true,"href":"https:\/\/previntegral.com\/es\/wp-json\/wp\/v2\/product_brand?post=5521"},{"taxonomy":"product_cat","embeddable":true,"href":"https:\/\/previntegral.com\/es\/wp-json\/wp\/v2\/product_cat?post=5521"},{"taxonomy":"product_tag","embeddable":true,"href":"https:\/\/previntegral.com\/es\/wp-json\/wp\/v2\/product_tag?post=5521"}],"curies":[{"name":"WordPress","href":"https:\/\/api.w.org\/{rel}","templated":true}]}}