{"id":5522,"date":"2025-12-09T16:49:54","date_gmt":"2025-12-09T16:49:54","guid":{"rendered":"https:\/\/previntegral.com\/producto\/treballs-de-construccio-i-manteniment-de-vies-ferries\/"},"modified":"2026-03-16T18:32:34","modified_gmt":"2026-03-16T18:32:34","slug":"trabajos-de-construccion-y-mantenimiento-de-vias-ferreas","status":"publish","type":"product","link":"https:\/\/previntegral.com\/es\/producto\/treballs-de-construccio-i-manteniment-de-vies-ferries\/","title":{"rendered":"Construcci\u00f3n y mantenimiento de l\u00edneas ferroviarias"},"content":{"rendered":"<p>Este curso <strong>presencial<\/strong> de <strong>20 horas<\/strong> prepara al personal del sector del metal que trabaja en obras ferroviarias para acceder al centro de trabajo y operar con seguridad, de acuerdo con el <strong>Acuerdo sobre metales<\/strong> y las exigencias de la construcci\u00f3n. La formaci\u00f3n de convenio se divide en una <strong>parte del tronco<\/strong> de 14 horas, com\u00fan para todos los oficios (PRL b\u00e1sica, derechos y deberes, organizaci\u00f3n preventiva, riesgos generales de obra, equipos de trabajo y <strong>se\u00f1alizaci\u00f3n<\/strong>), y una <strong>especialidad<\/strong> de 6 horas <strong>Construcci\u00f3n y mantenimiento de l\u00edneas ferroviarias<\/strong>: montaje y mantenimiento de v\u00eda, trabajo sobre balasto, corte y manipulaci\u00f3n de carriles y traviesas, protecci\u00f3n de la zona de v\u00eda, trabajos en proximidad de circulaci\u00f3n y l\u00edneas electrificadas, uso seguro de maquinaria ferroviaria y protocolos d\u2019<strong>emergencia<\/strong>. Incluye contenido pr\u00e1ctico adaptado a la obra. Si desarrollas tareas como la retirada de\u2019<strong>amianto<\/strong> o uso de <strong>Plan m\u00e9dico de emergencia p\u00fablica<\/strong>, necesitar\u00e1s formaci\u00f3n adicional. La formaci\u00f3n debe <strong>Renovar cada 4 a\u00f1os<\/strong> (reciclaje de 4 h). Impartido por Previntegral, centro homologado por la <strong>Comisionado Federal de Tierras<\/strong> n\u00fam. 0505080031. Modalidad: 100% presencial (no disponible en l\u00ednea).<\/p>","protected":false},"excerpt":{"rendered":"<p>Aquest curs presencial de 20 hores prepara el personal del sector del metall que treballa en obres ferrovi\u00e0ries per accedir al centre de treball i operar amb seguretat, d\u2019acord amb el Conveni del Metall i les exig\u00e8ncies de la construcci\u00f3. La formaci\u00f3 de conveni es divideix en una part troncal de 14 h, comuna per [&hellip;]<\/p>\n","protected":false},"featured_media":5526,"comment_status":"open","ping_status":"closed","template":"","meta":{"_acf_changed":false},"product_brand":[],"product_cat":[52],"product_tag":[],"class_list":{"0":"post-5522","1":"product","2":"type-product","3":"status-publish","4":"has-post-thumbnail","6":"product_cat-metall-obra","8":"first","9":"instock","10":"virtual","11":"taxable","12":"purchasable","13":"product-type-curso"},"acf":[],"precio_regular_curso":340.01,"precio_bonificado_curso":358.16,"_links":{"self":[{"href":"https:\/\/previntegral.com\/es\/wp-json\/wp\/v2\/product\/5522","targetHints":{"allow":["GET"]}}],"collection":[{"href":"https:\/\/previntegral.com\/es\/wp-json\/wp\/v2\/product"}],"about":[{"href":"https:\/\/previntegral.com\/es\/wp-json\/wp\/v2\/types\/product"}],"replies":[{"embeddable":true,"href":"https:\/\/previntegral.com\/es\/wp-json\/wp\/v2\/comments?post=5522"}],"wp:featuredmedia":[{"embeddable":true,"href":"https:\/\/previntegral.com\/es\/wp-json\/wp\/v2\/media\/5526"}],"wp:attachment":[{"href":"https:\/\/previntegral.com\/es\/wp-json\/wp\/v2\/media?parent=5522"}],"wp:term":[{"taxonomy":"product_brand","embeddable":true,"href":"https:\/\/previntegral.com\/es\/wp-json\/wp\/v2\/product_brand?post=5522"},{"taxonomy":"product_cat","embeddable":true,"href":"https:\/\/previntegral.com\/es\/wp-json\/wp\/v2\/product_cat?post=5522"},{"taxonomy":"product_tag","embeddable":true,"href":"https:\/\/previntegral.com\/es\/wp-json\/wp\/v2\/product_tag?post=5522"}],"curies":[{"name":"WordPress","href":"https:\/\/api.w.org\/{rel}","templated":true}]}}