{"id":5527,"date":"2025-12-09T16:50:15","date_gmt":"2025-12-09T16:50:15","guid":{"rendered":"https:\/\/previntegral.com\/producto\/treballs-en-gasoductes-i-xarxes-de-distribucio-de-gasos-combustibles\/"},"modified":"2026-03-16T18:32:35","modified_gmt":"2026-03-16T18:32:35","slug":"trabaja-en-gasoductos-y-redes-de-distribucion-de-gases-combustibles","status":"publish","type":"product","link":"https:\/\/previntegral.com\/es\/producto\/treballs-en-gasoductes-i-xarxes-de-distribucio-de-gasos-combustibles\/","title":{"rendered":"Trabajos en gasoductos y redes para la distribuci\u00f3n de gases combustibles."},"content":{"rendered":"<p>Este curso de <strong>20 horas<\/strong>, en <strong>Modo presencial<\/strong> (no disponible en l\u00ednea), ofrece la formaci\u00f3n exigida por <strong>Acuerdo sobre metales<\/strong> para acceder y trabajar de forma segura en las obras de construcci\u00f3n. Se estructura en un <strong>Parte central (14 h)<\/strong>, de car\u00e1cter general y v\u00e1lidas para futuras administraciones, en las que se traten <strong>PRL<\/strong>, coordinaci\u00f3n de actividades, organizaci\u00f3n del trabajo, situaciones de emergencia, derechos y obligaciones; y un <strong>Especializaci\u00f3n (6 h)<\/strong> centrado en <strong>Trabajos en gasoductos y redes para la distribuci\u00f3n de gases combustibles.<\/strong>riesgos espec\u00edficos, atm\u00f3sferas explosivas, purga e inertizaci\u00f3n, pruebas de estanqueidad, trabajos de excavaci\u00f3n, se\u00f1alizaci\u00f3n, permisos de trabajo, equipos de medici\u00f3n y <strong>\u00cdndice de protecci\u00f3n equivalente<\/strong>. El curso incluye procedimientos de estiba y maniobra, control de fugas y buenas pr\u00e1cticas en espacios potencialmente confinados. Previntegral es un centro acreditado por la <strong>Comisionado Federal de Tierras<\/strong> (n.\u00ba 0505080031) y, una vez finalizado, recibir\u00e1 un certificado v\u00e1lido en virtud del convenio. Si realiza tareas especiales (por ejemplo, <strong>Plan m\u00e9dico de emergencia p\u00fablica<\/strong> o amianto), ser\u00e1 necesario realizar una formaci\u00f3n adicional. El acuerdo establece <strong>Reciclaje cada 4 a\u00f1os<\/strong>.<\/p>","protected":false},"excerpt":{"rendered":"<p>Aquest curs de 20 hores, en modalitat presencial (no disponible en l\u00ednia), proporciona la formaci\u00f3 exigida pel Conveni del Metall per accedir i treballar amb seguretat en obres de construcci\u00f3. S\u2019estructura en una part troncal (14 h), comuna i v\u00e0lida per a futurs oficis, on es tracten PRL, coordinaci\u00f3 d\u2019activitats, organitzaci\u00f3 de l\u2019obra, emerg\u00e8ncies, drets [&hellip;]<\/p>\n","protected":false},"featured_media":5530,"comment_status":"open","ping_status":"closed","template":"","meta":{"_acf_changed":false},"product_brand":[],"product_cat":[52],"product_tag":[],"class_list":{"0":"post-5527","1":"product","2":"type-product","3":"status-publish","4":"has-post-thumbnail","6":"product_cat-metall-obra","8":"first","9":"instock","10":"virtual","11":"taxable","12":"purchasable","13":"product-type-curso"},"acf":[],"precio_regular_curso":340.01,"precio_bonificado_curso":358.16,"_links":{"self":[{"href":"https:\/\/previntegral.com\/es\/wp-json\/wp\/v2\/product\/5527","targetHints":{"allow":["GET"]}}],"collection":[{"href":"https:\/\/previntegral.com\/es\/wp-json\/wp\/v2\/product"}],"about":[{"href":"https:\/\/previntegral.com\/es\/wp-json\/wp\/v2\/types\/product"}],"replies":[{"embeddable":true,"href":"https:\/\/previntegral.com\/es\/wp-json\/wp\/v2\/comments?post=5527"}],"wp:featuredmedia":[{"embeddable":true,"href":"https:\/\/previntegral.com\/es\/wp-json\/wp\/v2\/media\/5530"}],"wp:attachment":[{"href":"https:\/\/previntegral.com\/es\/wp-json\/wp\/v2\/media?parent=5527"}],"wp:term":[{"taxonomy":"product_brand","embeddable":true,"href":"https:\/\/previntegral.com\/es\/wp-json\/wp\/v2\/product_brand?post=5527"},{"taxonomy":"product_cat","embeddable":true,"href":"https:\/\/previntegral.com\/es\/wp-json\/wp\/v2\/product_cat?post=5527"},{"taxonomy":"product_tag","embeddable":true,"href":"https:\/\/previntegral.com\/es\/wp-json\/wp\/v2\/product_tag?post=5527"}],"curies":[{"name":"WordPress","href":"https:\/\/api.w.org\/{rel}","templated":true}]}}