{"id":5535,"date":"2025-12-09T16:51:38","date_gmt":"2025-12-09T16:51:38","guid":{"rendered":"https:\/\/previntegral.com\/producto\/especialitat-en-operadors-daparells-elevadors-2\/"},"modified":"2026-03-16T18:32:35","modified_gmt":"2026-03-16T18:32:35","slug":"especializacion-en-operadores-de-carretillas-elevadoras-2","status":"publish","type":"product","link":"https:\/\/previntegral.com\/es\/producto\/especialitat-en-operadors-daparells-elevadors-2\/","title":{"rendered":"Especializaci\u00f3n en operadores de carretillas elevadoras"},"content":{"rendered":"<p>El curso de\u2019<strong>Operadores de equipos de elevaci\u00f3n<\/strong> es una formaci\u00f3n de <strong>6 horas<\/strong> en modal <strong>presencial<\/strong>, dirigido a profesionales del sector metal\u00fargico que trabajan en <em>trabajos de construcci\u00f3n<\/em> y debe certificar la especialidad prevista en <strong>Acuerdo sobre metales<\/strong>. Cumple con los requisitos de formaci\u00f3n para acceder al <em>Centro de trabajo<\/em> y utilizar los equipos de elevaci\u00f3n de forma segura, reforzando la prevenci\u00f3n de conformidad con los art\u00edculos 18 y 19 de la LPRL. Aborda la <strong>Maniobra segura<\/strong> y el <strong>estabilidad de carga<\/strong>, comprobaciones previas, uso de <em>se\u00f1alizaci\u00f3n<\/em>, rutas y zonas de exclusi\u00f3n, interacci\u00f3n con otras profesiones, medidas de emergencia y criterios de <strong>Mantenimiento b\u00e1sico<\/strong>, as\u00ed como la coordinaci\u00f3n de las actividades in situ. Esta especializaci\u00f3n de 6 horas completa el componente b\u00e1sico de 14 horas (si ya lo tienes, valida tu oficio; si no, puedes hacerlo m\u00e1s adelante). Formaci\u00f3n impartida por Previntegral, <strong>Centro acreditado por la FLC<\/strong> N.\u00ba 0505080031. Recuerde que el acuerdo establece un <strong>Reciclaje cada 4 a\u00f1os<\/strong> (4 h). Para tareas espec\u00edficas como <em>Plan m\u00e9dico de emergencia p\u00fablica<\/em>, Se requiere formaci\u00f3n adicional.<\/p>","protected":false},"excerpt":{"rendered":"<p>El curs d\u2019Operadors d\u2019aparells elevadors \u00e9s una formaci\u00f3 de 6 hores en modalitat presencial, orientada a professionals del sector del metall que treballen en obra de construcci\u00f3 i han d\u2019acreditar l\u2019especialitat prevista al Conveni del Metall. Dona resposta a les obligacions formatives per accedir al centre de treball i operar amb seguretat equips d\u2019elevaci\u00f3, refor\u00e7ant [&hellip;]<\/p>\n","protected":false},"featured_media":5539,"comment_status":"open","ping_status":"closed","template":"","meta":{"_acf_changed":false},"product_brand":[],"product_cat":[52],"product_tag":[],"class_list":{"0":"post-5535","1":"product","2":"type-product","3":"status-publish","4":"has-post-thumbnail","6":"product_cat-metall-obra","8":"first","9":"instock","10":"virtual","11":"taxable","12":"purchasable","13":"product-type-curso"},"acf":[],"precio_regular_curso":150.04,"precio_bonificado_curso":157.3,"_links":{"self":[{"href":"https:\/\/previntegral.com\/es\/wp-json\/wp\/v2\/product\/5535","targetHints":{"allow":["GET"]}}],"collection":[{"href":"https:\/\/previntegral.com\/es\/wp-json\/wp\/v2\/product"}],"about":[{"href":"https:\/\/previntegral.com\/es\/wp-json\/wp\/v2\/types\/product"}],"replies":[{"embeddable":true,"href":"https:\/\/previntegral.com\/es\/wp-json\/wp\/v2\/comments?post=5535"}],"wp:featuredmedia":[{"embeddable":true,"href":"https:\/\/previntegral.com\/es\/wp-json\/wp\/v2\/media\/5539"}],"wp:attachment":[{"href":"https:\/\/previntegral.com\/es\/wp-json\/wp\/v2\/media?parent=5535"}],"wp:term":[{"taxonomy":"product_brand","embeddable":true,"href":"https:\/\/previntegral.com\/es\/wp-json\/wp\/v2\/product_brand?post=5535"},{"taxonomy":"product_cat","embeddable":true,"href":"https:\/\/previntegral.com\/es\/wp-json\/wp\/v2\/product_cat?post=5535"},{"taxonomy":"product_tag","embeddable":true,"href":"https:\/\/previntegral.com\/es\/wp-json\/wp\/v2\/product_tag?post=5535"}],"curies":[{"name":"WordPress","href":"https:\/\/api.w.org\/{rel}","templated":true}]}}