{"id":5536,"date":"2025-12-09T16:51:38","date_gmt":"2025-12-09T16:51:38","guid":{"rendered":"https:\/\/previntegral.com\/producto\/delegats-de-prevencio-4\/"},"modified":"2026-03-16T18:32:35","modified_gmt":"2026-03-16T18:32:35","slug":"delegados-de-prevencion-4","status":"publish","type":"product","link":"https:\/\/previntegral.com\/es\/producto\/delegats-de-prevencio-4\/","title":{"rendered":"Delegados de prevenci\u00f3n"},"content":{"rendered":"<p>El curso \u00abDelegados de prevenci\u00f3n\u00bb es un programa de formaci\u00f3n. <strong>100% en persona<\/strong> de <strong>50 horas<\/strong> dirigido a los trabajadores designados como <strong>Representantes de salud y seguridad<\/strong> en empresas de los sectores metal\u00fargico y de la construcci\u00f3n. Al tratarse de una formaci\u00f3n obligatoria seg\u00fan la normativa vigente, proporciona una base s\u00f3lida en <strong>Salud y seguridad en el trabajo<\/strong>, el marco de la <strong>Ley sobre la prevenci\u00f3n de riesgos laborales<\/strong> y los convenios del sector metal\u00fargico y de la construcci\u00f3n, as\u00ed como los derechos y obligaciones de los trabajadores. Trabajar\u00e1s en el <strong>gesti\u00f3n preventiva<\/strong> en la empresa, la identificaci\u00f3n y comunicaci\u00f3n de riesgos, la lectura de la evaluaci\u00f3n de riesgos y la planificaci\u00f3n preventiva, la <strong>T\u00e9cnicas preventivas<\/strong> los m\u00e1s utilizados y el <strong>Coordinaci\u00f3n de actividades empresariales<\/strong> en talleres y en las propias instalaciones. La metodolog\u00eda combina explicaciones pr\u00e1cticas, resoluci\u00f3n de problemas basados en casos reales y simulaciones de inspecciones y reuniones. Al finalizar, estar\u00e1 preparado para desempe\u00f1ar su funci\u00f3n con buen criterio, impulsar mejoras, velar por la salud de los trabajadores y colaborar de forma eficaz con los servicios de prevenci\u00f3n.<\/p>","protected":false},"excerpt":{"rendered":"<p>El curs Delegats de Prevenci\u00f3 \u00e9s una formaci\u00f3 100% presencial de 50 hores adre\u00e7ada a persones treballadores designades com a delegats\/delegades de prevenci\u00f3 en empreses del sector metall i d\u2019obra. Essent una formaci\u00f3 obligat\u00f2ria segons la normativa vigent, proporciona una base s\u00f2lida en seguretat i salut laboral, el marc de la Llei de Prevenci\u00f3 de [&hellip;]<\/p>\n","protected":false},"featured_media":5540,"comment_status":"open","ping_status":"closed","template":"","meta":{"_acf_changed":false},"product_brand":[],"product_cat":[52],"product_tag":[],"class_list":{"0":"post-5536","1":"product","2":"type-product","3":"status-publish","4":"has-post-thumbnail","6":"product_cat-metall-obra","8":"first","9":"instock","10":"virtual","11":"taxable","12":"purchasable","13":"product-type-curso"},"acf":[],"precio_regular_curso":724.79,"precio_bonificado_curso":762.3,"_links":{"self":[{"href":"https:\/\/previntegral.com\/es\/wp-json\/wp\/v2\/product\/5536","targetHints":{"allow":["GET"]}}],"collection":[{"href":"https:\/\/previntegral.com\/es\/wp-json\/wp\/v2\/product"}],"about":[{"href":"https:\/\/previntegral.com\/es\/wp-json\/wp\/v2\/types\/product"}],"replies":[{"embeddable":true,"href":"https:\/\/previntegral.com\/es\/wp-json\/wp\/v2\/comments?post=5536"}],"wp:featuredmedia":[{"embeddable":true,"href":"https:\/\/previntegral.com\/es\/wp-json\/wp\/v2\/media\/5540"}],"wp:attachment":[{"href":"https:\/\/previntegral.com\/es\/wp-json\/wp\/v2\/media?parent=5536"}],"wp:term":[{"taxonomy":"product_brand","embeddable":true,"href":"https:\/\/previntegral.com\/es\/wp-json\/wp\/v2\/product_brand?post=5536"},{"taxonomy":"product_cat","embeddable":true,"href":"https:\/\/previntegral.com\/es\/wp-json\/wp\/v2\/product_cat?post=5536"},{"taxonomy":"product_tag","embeddable":true,"href":"https:\/\/previntegral.com\/es\/wp-json\/wp\/v2\/product_tag?post=5536"}],"curies":[{"name":"WordPress","href":"https:\/\/api.w.org\/{rel}","templated":true}]}}