{"id":5542,"date":"2025-12-09T16:52:07","date_gmt":"2025-12-09T16:52:07","guid":{"rendered":"https:\/\/previntegral.com\/producto\/especialitat-en-ferralla-2\/"},"modified":"2026-03-16T18:32:35","modified_gmt":"2026-03-16T18:32:35","slug":"especialidad-en-chatarra-2","status":"publish","type":"product","link":"https:\/\/previntegral.com\/es\/producto\/especialitat-en-ferralla-2\/","title":{"rendered":"Especializados en ferreter\u00eda"},"content":{"rendered":"<p>El curso de <strong>Chatarra<\/strong> (6 h) es la formaci\u00f3n especializada del <strong>Acuerdo General sobre Metales<\/strong> para alguien que trabaja en <strong>Obras de construcci\u00f3n<\/strong> con armadura de acero. Dirigido a operarios que cortan, doblan, montan e instalan estructuras de acero, su objetivo es certificar la formaci\u00f3n exigida por el convenio colectivo para acceder al lugar de trabajo y trabajar con seguridad. El modo es <strong>presencial<\/strong> (no disponible en l\u00ednea), con un enfoque pr\u00e1ctico en riesgos espec\u00edficos: <strong>cortes, enredos, ca\u00eddas desde diferentes niveles, cargas y manejo de gr\u00faas<\/strong>, uso de EPI, se\u00f1alizaci\u00f3n, orden y limpieza, equipos de corte y doblado, y procedimientos de montaje y anclaje de barras de refuerzo. Si ya dispone del <strong>Parte central de 14 horas<\/strong>, Este curso completa las 20 horas de la formaci\u00f3n profesional; de lo contrario, deber\u00e1 realizarlo para obtener la formaci\u00f3n completa prevista en el convenio. La formaci\u00f3n debe actualizarse cada <strong>cuatro a\u00f1os<\/strong> con un curso de actualizaci\u00f3n de 4 horas. Impartido por Previntegral, un centro acreditado por la <strong>Comisionado Federal de Tierras<\/strong> (n.\u00ba 0505080031).<\/p>","protected":false},"excerpt":{"rendered":"<p>El curs de Ferralla (6 h) \u00e9s la formaci\u00f3 d\u2019especialitat del Conveni General del Metall per a qui realitza treballs en obres de construcci\u00f3 amb armadures d\u2019acer. Orientat a operaris que tallen, dobleguen, munten i col\u00b7loquen ferralla, t\u00e9 com a finalitat acreditar la formaci\u00f3 exigida pel conveni per accedir al centre de treball i treballar [&hellip;]<\/p>\n","protected":false},"featured_media":5544,"comment_status":"open","ping_status":"closed","template":"","meta":{"_acf_changed":false},"product_brand":[],"product_cat":[52],"product_tag":[],"class_list":{"0":"post-5542","1":"product","2":"type-product","3":"status-publish","4":"has-post-thumbnail","6":"product_cat-metall-obra","8":"first","9":"instock","10":"virtual","11":"taxable","12":"purchasable","13":"product-type-curso"},"acf":[],"precio_regular_curso":150.04,"precio_bonificado_curso":157.3,"_links":{"self":[{"href":"https:\/\/previntegral.com\/es\/wp-json\/wp\/v2\/product\/5542","targetHints":{"allow":["GET"]}}],"collection":[{"href":"https:\/\/previntegral.com\/es\/wp-json\/wp\/v2\/product"}],"about":[{"href":"https:\/\/previntegral.com\/es\/wp-json\/wp\/v2\/types\/product"}],"replies":[{"embeddable":true,"href":"https:\/\/previntegral.com\/es\/wp-json\/wp\/v2\/comments?post=5542"}],"wp:featuredmedia":[{"embeddable":true,"href":"https:\/\/previntegral.com\/es\/wp-json\/wp\/v2\/media\/5544"}],"wp:attachment":[{"href":"https:\/\/previntegral.com\/es\/wp-json\/wp\/v2\/media?parent=5542"}],"wp:term":[{"taxonomy":"product_brand","embeddable":true,"href":"https:\/\/previntegral.com\/es\/wp-json\/wp\/v2\/product_brand?post=5542"},{"taxonomy":"product_cat","embeddable":true,"href":"https:\/\/previntegral.com\/es\/wp-json\/wp\/v2\/product_cat?post=5542"},{"taxonomy":"product_tag","embeddable":true,"href":"https:\/\/previntegral.com\/es\/wp-json\/wp\/v2\/product_tag?post=5542"}],"curies":[{"name":"WordPress","href":"https:\/\/api.w.org\/{rel}","templated":true}]}}