{"id":5545,"date":"2025-12-09T16:52:40","date_gmt":"2025-12-09T16:52:40","guid":{"rendered":"https:\/\/previntegral.com\/producto\/especialitat-en-instal%c2%b7lacio-dascensors\/"},"modified":"2026-03-16T18:32:35","modified_gmt":"2026-03-16T18:32:35","slug":"especializados-en-la-instalacion-de-ascensores","status":"publish","type":"product","link":"https:\/\/previntegral.com\/es\/producto\/especialitat-en-instal%c2%b7lacio-dascensors\/","title":{"rendered":"Especializados en la instalaci\u00f3n de ascensores"},"content":{"rendered":"<p>El curso de\u2019<strong>Instalaci\u00f3n de ascensor<\/strong> Es una formaci\u00f3n. <strong>presencial<\/strong> de <strong>6 horas<\/strong> dirigido a los profesionales del metal que trabajan en <strong>Obras de construcci\u00f3n<\/strong> y deben cumplir con la <strong>Convenio colectivo para la industria metal\u00fargica<\/strong>. Corresponde al\u2019<strong>Especialidad de 6 horas<\/strong> y complementa el <em>parte del tronco<\/em> de <strong>2 de la tarde<\/strong>; Si ya cuenta con la cualificaci\u00f3n b\u00e1sica, este m\u00f3dulo le acredita como operador de elevadores de obra. Abordaremos los riesgos espec\u00edficos de la instalaci\u00f3n: ca\u00eddas al vac\u00edo, <strong>Trabajar en altura<\/strong>, operaciones de elevaci\u00f3n, riesgos el\u00e9ctricos y mec\u00e1nicos, <strong>env\u00edo<\/strong>, seguridad de las herramientas, protecciones colectivas y <strong>\u00cdndice de protecci\u00f3n equivalente<\/strong>, coordinaci\u00f3n de actividades, se\u00f1alizaci\u00f3n y protocolos de emergencia y rescate en el hueco\/foso del ascensor. Esta formaci\u00f3n es necesaria para acceder al \u201ccentro de trabajo de la construcci\u00f3n\u201d y debe renovarse cada cuatro a\u00f1os con un <strong>Reciclaje de 4 horas<\/strong>. Modo <strong>100% en persona<\/strong> (no disponible en l\u00ednea). Si realiza tareas con <strong>Plan m\u00e9dico de emergencia p\u00fablica<\/strong> o retirada de\u2019<strong>amianto<\/strong>, se requiere formaci\u00f3n adicional espec\u00edfica. Impartido por Previntegral, <strong>Centro acreditado por la FLC<\/strong> n.\u00ba 0505080031.<\/p>","protected":false},"excerpt":{"rendered":"<p>El curs d\u2019Instal\u00b7laci\u00f3 d\u2019ascensors \u00e9s una formaci\u00f3 presencial de 6 hores adre\u00e7ada a professionals del metall que treballen en obres de construcci\u00f3 i necessiten complir el Conveni Col\u00b7lectiu del Metall. Correspon a l\u2019especialitat de 6 h i complementa la part troncal de 14 h; si ja disposes de la troncal, aquest m\u00f2dul t\u2019acredita l\u2019ofici d\u2019ascensorista [&hellip;]<\/p>\n","protected":false},"featured_media":5547,"comment_status":"open","ping_status":"closed","template":"","meta":{"_acf_changed":false},"product_brand":[],"product_cat":[52],"product_tag":[],"class_list":{"0":"post-5545","1":"product","2":"type-product","3":"status-publish","4":"has-post-thumbnail","6":"product_cat-metall-obra","8":"first","9":"instock","10":"virtual","11":"taxable","12":"purchasable","13":"product-type-curso"},"acf":[],"precio_regular_curso":150.04,"precio_bonificado_curso":157.3,"_links":{"self":[{"href":"https:\/\/previntegral.com\/es\/wp-json\/wp\/v2\/product\/5545","targetHints":{"allow":["GET"]}}],"collection":[{"href":"https:\/\/previntegral.com\/es\/wp-json\/wp\/v2\/product"}],"about":[{"href":"https:\/\/previntegral.com\/es\/wp-json\/wp\/v2\/types\/product"}],"replies":[{"embeddable":true,"href":"https:\/\/previntegral.com\/es\/wp-json\/wp\/v2\/comments?post=5545"}],"wp:featuredmedia":[{"embeddable":true,"href":"https:\/\/previntegral.com\/es\/wp-json\/wp\/v2\/media\/5547"}],"wp:attachment":[{"href":"https:\/\/previntegral.com\/es\/wp-json\/wp\/v2\/media?parent=5545"}],"wp:term":[{"taxonomy":"product_brand","embeddable":true,"href":"https:\/\/previntegral.com\/es\/wp-json\/wp\/v2\/product_brand?post=5545"},{"taxonomy":"product_cat","embeddable":true,"href":"https:\/\/previntegral.com\/es\/wp-json\/wp\/v2\/product_cat?post=5545"},{"taxonomy":"product_tag","embeddable":true,"href":"https:\/\/previntegral.com\/es\/wp-json\/wp\/v2\/product_tag?post=5545"}],"curies":[{"name":"WordPress","href":"https:\/\/api.w.org\/{rel}","templated":true}]}}