{"id":5548,"date":"2025-12-09T16:53:40","date_gmt":"2025-12-09T16:53:40","guid":{"rendered":"https:\/\/previntegral.com\/producto\/especialitat-en-treballs-de-construccio-i-manteniment-de-vies-ferries\/"},"modified":"2026-03-16T18:32:35","modified_gmt":"2026-03-16T18:32:35","slug":"especializados-en-la-construccion-y-mantenimiento-de-lineas-ferroviarias-2","status":"publish","type":"product","link":"https:\/\/previntegral.com\/es\/producto\/especialitat-en-treballs-de-construccio-i-manteniment-de-vies-ferries\/","title":{"rendered":"Especializados en la construcci\u00f3n y mantenimiento de v\u00edas f\u00e9rreas."},"content":{"rendered":"<p>Formaci\u00f3n <strong>presencial<\/strong> de <strong>6 horas<\/strong> dirigido al personal metal\u00fargico que va a intervenir en <strong>Construcci\u00f3n y mantenimiento de l\u00edneas ferroviarias<\/strong> en las obras de construcci\u00f3n. Da efecto a las obligaciones de la <strong>Acuerdo sobre metales<\/strong> acceder al \u201ccentro de obras de construcci\u00f3n\u201d y realizar all\u00ed tareas con garant\u00edas. Se abordan los riesgos espec\u00edficos del entorno ferroviario: <strong>Se\u00f1alizaci\u00f3n y orientaci\u00f3n<\/strong> de la ruta, coordinaci\u00f3n del acceso, salvaguardias colectivas, gesti\u00f3n de la <strong>Riesgo de ser atropellado<\/strong> y de <strong>l\u00ednea a\u00e9rea<\/strong>, usted est\u00e1 certificado en maquinaria ferroviaria, manejo de ra\u00edles y traviesas, y protocolos de emergencia. Este curso corresponde al\u2019<strong>Especializaci\u00f3n (6 h)<\/strong> por profesi\u00f3n; para obtener la acreditaci\u00f3n completa, primero debe tener la <strong>Parte central (14 h)<\/strong> del acuerdo. La formaci\u00f3n debe renovarse cada cuatro a\u00f1os mediante un curso de actualizaci\u00f3n de cuatro horas. Impartimos la formaci\u00f3n como centro acreditado por la <strong>Comisionado Federal de Tierras<\/strong> (Fundaci\u00f3n para el Trabajo en la Construcci\u00f3n), n.\u00ba 0505080031, con instructores especializados y formaci\u00f3n pr\u00e1ctica adaptada a la construcci\u00f3n ferroviaria. No disponible en l\u00ednea.<\/p>","protected":false},"excerpt":{"rendered":"<p>Formaci\u00f3 presencial de 6 hores adre\u00e7ada al personal del metall que hagi d\u2019intervenir en treballs de construcci\u00f3 i manteniment de vies f\u00e8rries dins d\u2019obres de construcci\u00f3. Dona compliment a les obligacions del Conveni del Metall per accedir al \u201ccentre de treball obra de construcci\u00f3\u201d i desenvolupar-hi tasques amb garanties. S\u2019hi aborden riscos espec\u00edfics de l\u2019entorn [&hellip;]<\/p>\n","protected":false},"featured_media":5550,"comment_status":"open","ping_status":"closed","template":"","meta":{"_acf_changed":false},"product_brand":[],"product_cat":[52],"product_tag":[],"class_list":{"0":"post-5548","1":"product","2":"type-product","3":"status-publish","4":"has-post-thumbnail","6":"product_cat-metall-obra","8":"first","9":"instock","10":"virtual","11":"taxable","12":"purchasable","13":"product-type-curso"},"acf":[],"precio_regular_curso":150.04,"precio_bonificado_curso":157.3,"_links":{"self":[{"href":"https:\/\/previntegral.com\/es\/wp-json\/wp\/v2\/product\/5548","targetHints":{"allow":["GET"]}}],"collection":[{"href":"https:\/\/previntegral.com\/es\/wp-json\/wp\/v2\/product"}],"about":[{"href":"https:\/\/previntegral.com\/es\/wp-json\/wp\/v2\/types\/product"}],"replies":[{"embeddable":true,"href":"https:\/\/previntegral.com\/es\/wp-json\/wp\/v2\/comments?post=5548"}],"wp:featuredmedia":[{"embeddable":true,"href":"https:\/\/previntegral.com\/es\/wp-json\/wp\/v2\/media\/5550"}],"wp:attachment":[{"href":"https:\/\/previntegral.com\/es\/wp-json\/wp\/v2\/media?parent=5548"}],"wp:term":[{"taxonomy":"product_brand","embeddable":true,"href":"https:\/\/previntegral.com\/es\/wp-json\/wp\/v2\/product_brand?post=5548"},{"taxonomy":"product_cat","embeddable":true,"href":"https:\/\/previntegral.com\/es\/wp-json\/wp\/v2\/product_cat?post=5548"},{"taxonomy":"product_tag","embeddable":true,"href":"https:\/\/previntegral.com\/es\/wp-json\/wp\/v2\/product_tag?post=5548"}],"curies":[{"name":"WordPress","href":"https:\/\/api.w.org\/{rel}","templated":true}]}}