{"id":5551,"date":"2025-12-09T16:54:21","date_gmt":"2025-12-09T16:54:21","guid":{"rendered":"https:\/\/previntegral.com\/producto\/especialitat-en-operadors-dequips-manuals-2\/"},"modified":"2026-03-16T18:32:35","modified_gmt":"2026-03-16T18:32:35","slug":"especializacion-en-operadores-de-equipos-manuales-2","status":"publish","type":"product","link":"https:\/\/previntegral.com\/es\/producto\/especialitat-en-operadors-dequips-manuals-2\/","title":{"rendered":"Especializaci\u00f3n en operadores de equipos manuales"},"content":{"rendered":"<p>El curso de Operadores de equipos de manipulaci\u00f3n manual est\u00e1 dirigido al personal del sector metal\u00fargico que trabaja en obras de construcci\u00f3n y necesita certificar su competencia. <strong>Formaci\u00f3n espec\u00edfica<\/strong> para acceder al lugar de trabajo, de conformidad con el Convenio Colectivo Estatal del Sector Metal\u00fargico. Con una duraci\u00f3n de <strong>6 horas<\/strong> y modo <strong>presencial<\/strong> (no en l\u00ednea), esta especializaci\u00f3n completa las 20 horas del acuerdo: se a\u00f1ade a la parte <strong>principal<\/strong> a partir de las 14:00 h; si ya lo tienes, este m\u00f3dulo te permite obtener la acreditaci\u00f3n en el oficio de\u2019<strong>Operador de equipos manuales<\/strong>. Aprender\u00e1s a utilizar de forma segura taladros, amoladoras, taladros percutores y destornilladores el\u00e9ctricos; an\u00e1lisis de <strong>riesgos espec\u00edficos<\/strong> (cortes, proyecciones, vibraciones, ruido, electricidad), selecci\u00f3n de\u2019<strong>\u00cdndice de protecci\u00f3n equivalente<\/strong>, comprobaciones previas, mantenimiento b\u00e1sico, ergonom\u00eda y <strong>Procedimientos de trabajo<\/strong> y coordinaci\u00f3n in situ. Formaci\u00f3n impartida por Previntegral, un centro acreditado por la <strong>Comisionado Federal de Tierras<\/strong> (n.\u00ba 0505080031), con validez en todo el estado para cumplir con las obligaciones de formaci\u00f3n del acuerdo. Recuerde que el acuerdo estipula <strong>reciclaje<\/strong> de 4 horas cada 4 a\u00f1os. Si realizas tareas con <strong>Plan m\u00e9dico de emergencia p\u00fablica<\/strong> o retirada de\u2019<strong>amianto<\/strong>, se requerir\u00e1 formaci\u00f3n adicional espec\u00edfica.<\/p>","protected":false},"excerpt":{"rendered":"<p>El curs Operadors d\u2019equips manuals est\u00e0 adre\u00e7at al personal del sector del metall que treballa en obres de construcci\u00f3 i necessita acreditar la seva formaci\u00f3 espec\u00edfica per accedir al centre de treball, d\u2019acord amb el Conveni Col\u00b7lectiu Estatal del Metall. Amb una durada de 6 h i modalitat presencial (no en l\u00ednia), aquesta especialitat completa [&hellip;]<\/p>\n","protected":false},"featured_media":5553,"comment_status":"open","ping_status":"closed","template":"","meta":{"_acf_changed":false},"product_brand":[],"product_cat":[52],"product_tag":[],"class_list":{"0":"post-5551","1":"product","2":"type-product","3":"status-publish","4":"has-post-thumbnail","6":"product_cat-metall-obra","8":"first","9":"instock","10":"virtual","11":"taxable","12":"purchasable","13":"product-type-curso"},"acf":[],"precio_regular_curso":150.04,"precio_bonificado_curso":157.3,"_links":{"self":[{"href":"https:\/\/previntegral.com\/es\/wp-json\/wp\/v2\/product\/5551","targetHints":{"allow":["GET"]}}],"collection":[{"href":"https:\/\/previntegral.com\/es\/wp-json\/wp\/v2\/product"}],"about":[{"href":"https:\/\/previntegral.com\/es\/wp-json\/wp\/v2\/types\/product"}],"replies":[{"embeddable":true,"href":"https:\/\/previntegral.com\/es\/wp-json\/wp\/v2\/comments?post=5551"}],"wp:featuredmedia":[{"embeddable":true,"href":"https:\/\/previntegral.com\/es\/wp-json\/wp\/v2\/media\/5553"}],"wp:attachment":[{"href":"https:\/\/previntegral.com\/es\/wp-json\/wp\/v2\/media?parent=5551"}],"wp:term":[{"taxonomy":"product_brand","embeddable":true,"href":"https:\/\/previntegral.com\/es\/wp-json\/wp\/v2\/product_brand?post=5551"},{"taxonomy":"product_cat","embeddable":true,"href":"https:\/\/previntegral.com\/es\/wp-json\/wp\/v2\/product_cat?post=5551"},{"taxonomy":"product_tag","embeddable":true,"href":"https:\/\/previntegral.com\/es\/wp-json\/wp\/v2\/product_tag?post=5551"}],"curies":[{"name":"WordPress","href":"https:\/\/api.w.org\/{rel}","templated":true}]}}