{"id":5554,"date":"2025-12-09T16:54:26","date_gmt":"2025-12-09T16:54:26","guid":{"rendered":"https:\/\/previntegral.com\/producto\/especialitat-en-treballs-de-manteniment-de-maquinaria-i-vehicles-en-obres-de-construccio\/"},"modified":"2026-03-16T18:32:35","modified_gmt":"2026-03-16T18:32:35","slug":"especializados-en-el-mantenimiento-de-maquinaria-y-vehiculos-en-obras-de-construccion","status":"publish","type":"product","link":"https:\/\/previntegral.com\/es\/producto\/especialitat-en-treballs-de-manteniment-de-maquinaria-i-vehicles-en-obres-de-construccio\/","title":{"rendered":"Especializados en el mantenimiento de maquinaria y veh\u00edculos en obras de construcci\u00f3n."},"content":{"rendered":"<p>Este curso de <strong>6 horas<\/strong>, en <strong>Modo presencial<\/strong>, est\u00e1 dise\u00f1ado para el personal del sector metal\u00fargico que realiza <strong>Mantenimiento de maquinaria y veh\u00edculos<\/strong> en obras de construcci\u00f3n. Proporciona el <strong>Formaci\u00f3n espec\u00edfica<\/strong> Requerido por el Convenio Colectivo Estatal de la Industria Metal\u00fargica, Nuevas Tecnolog\u00edas y Servicios para acceder y trabajar con seguridad en el lugar de trabajo \u201cobra\u201d. Forma parte del itinerario de 20 horas del convenio colectivo (14 horas de contenido b\u00e1sico + 6 horas de especializaci\u00f3n) y completa el perfil de quienes ya han cursado la parte com\u00fan. Abarca el <strong>riesgos espec\u00edficos<\/strong> del mantenimiento in situ, procedimientos para <strong>Trabajo seguro<\/strong>, <strong>Asignaci\u00f3n de energ\u00edas<\/strong>, uso de\u2019<strong>\u00cdndice de protecci\u00f3n equivalente<\/strong>, interacci\u00f3n con <strong>maquinaria m\u00f3vil<\/strong> y zonas de tr\u00e1fico, as\u00ed como <strong>Coordinaci\u00f3n de actividades<\/strong> y respuesta ante emergencias. Formaci\u00f3n impartida por Previntegral, un centro acreditado por la <strong>Comisionado Federal de Tierras<\/strong> (n.\u00ba 0505080031). Una vez completado, recibir\u00e1 una acreditaci\u00f3n conforme a la normativa; recuerde que es obligatoria. <strong>Renu\u00e9velo cada 4 a\u00f1os.<\/strong> con el curso de actualizaci\u00f3n de 4 horas.<\/p>","protected":false},"excerpt":{"rendered":"<p>Aquest curs de 6 hores, en modalitat presencial, est\u00e0 dissenyat per al personal del sector del metall que realitza manteniment de maquin\u00e0ria i vehicles en obres de construcci\u00f3. Proporciona la formaci\u00f3 espec\u00edfica exigida pel Conveni col\u00b7lectiu estatal de la ind\u00fastria, les noves tecnologies i els serveis del sector del metall per poder accedir i operar [&hellip;]<\/p>\n","protected":false},"featured_media":5556,"comment_status":"open","ping_status":"closed","template":"","meta":{"_acf_changed":false},"product_brand":[],"product_cat":[52],"product_tag":[],"class_list":{"0":"post-5554","1":"product","2":"type-product","3":"status-publish","4":"has-post-thumbnail","6":"product_cat-metall-obra","8":"first","9":"instock","10":"virtual","11":"taxable","12":"purchasable","13":"product-type-curso"},"acf":[],"precio_regular_curso":150.04,"precio_bonificado_curso":157.3,"_links":{"self":[{"href":"https:\/\/previntegral.com\/es\/wp-json\/wp\/v2\/product\/5554","targetHints":{"allow":["GET"]}}],"collection":[{"href":"https:\/\/previntegral.com\/es\/wp-json\/wp\/v2\/product"}],"about":[{"href":"https:\/\/previntegral.com\/es\/wp-json\/wp\/v2\/types\/product"}],"replies":[{"embeddable":true,"href":"https:\/\/previntegral.com\/es\/wp-json\/wp\/v2\/comments?post=5554"}],"wp:featuredmedia":[{"embeddable":true,"href":"https:\/\/previntegral.com\/es\/wp-json\/wp\/v2\/media\/5556"}],"wp:attachment":[{"href":"https:\/\/previntegral.com\/es\/wp-json\/wp\/v2\/media?parent=5554"}],"wp:term":[{"taxonomy":"product_brand","embeddable":true,"href":"https:\/\/previntegral.com\/es\/wp-json\/wp\/v2\/product_brand?post=5554"},{"taxonomy":"product_cat","embeddable":true,"href":"https:\/\/previntegral.com\/es\/wp-json\/wp\/v2\/product_cat?post=5554"},{"taxonomy":"product_tag","embeddable":true,"href":"https:\/\/previntegral.com\/es\/wp-json\/wp\/v2\/product_tag?post=5554"}],"curies":[{"name":"WordPress","href":"https:\/\/api.w.org\/{rel}","templated":true}]}}