{"id":5557,"date":"2025-12-09T16:55:31","date_gmt":"2025-12-09T16:55:31","guid":{"rendered":"https:\/\/previntegral.com\/producto\/especialitat-en-treballs-daillament-i-impermeabilitzacio-2\/"},"modified":"2026-03-16T18:32:35","modified_gmt":"2026-03-16T18:32:35","slug":"especializados-en-alicatado-e-impermeabilizacion-2","status":"publish","type":"product","link":"https:\/\/previntegral.com\/es\/producto\/especialitat-en-treballs-daillament-i-impermeabilitzacio-2\/","title":{"rendered":"Especializados en trabajos de aislamiento e impermeabilizaci\u00f3n."},"content":{"rendered":"<p>Este curso de <strong>6 horas<\/strong> de los trabajos de aislamiento e impermeabilizaci\u00f3n es el\u2019<strong>especialidad<\/strong> del convenio colectivo de construcci\u00f3n para los trabajadores metal\u00fargicos que trabajan en la obra. Sobre una base contractual. <strong>presencial<\/strong> \u2014no disponible en l\u00ednea\u2014combina conocimientos t\u00e9cnicos y pr\u00e1cticas sobre procedimientos seguros de aislamiento e impermeabilizaci\u00f3n. Da efecto a la <strong>Acuerdo sobre metales<\/strong> y proporciona las habilidades necesarias para identificar y controlar los riesgos en tejados y fachadas, en el manejo de membranas y adhesivos, puntos calientes, anclajes, organizaci\u00f3n y se\u00f1alizaci\u00f3n de la obra, uso de EPI y protecciones colectivas, y respuesta ante emergencias. Se integra en el programa de 20 horas: si ya ha completado el <strong>Parte central (14 h)<\/strong>, Con esta especializaci\u00f3n completas la formaci\u00f3n profesional; de lo contrario, debe cursarse antes o despu\u00e9s. Para trabajar con <strong>amianto<\/strong> o uso de <strong>Plan m\u00e9dico de emergencia p\u00fablica<\/strong>, se requiere formaci\u00f3n adicional espec\u00edfica. El acuerdo establece <strong>Reciclar cada 4 horas cada 4 a\u00f1os.<\/strong>. Impartido por Previntegral, un centro acreditado por la <strong>Comisionado Federal de Tierras<\/strong> (n.\u00ba 0505080031), y dirigida a todos los trabajadores metal\u00fargicos que acceden a obras de construcci\u00f3n.<\/p>","protected":false},"excerpt":{"rendered":"<p>Aquest curs de 6 hores de Treballs d\u2019a\u00efllament i impermeabilitzaci\u00f3 \u00e9s l\u2019especialitat del conveni de la construcci\u00f3 per a personal del metall que treballa a obra. En modalitat presencial \u2014no disponible en l\u00ednia\u2014, combina criteri t\u00e8cnic i pr\u00e0ctiques sobre procediments segurs d\u2019a\u00efllament i impermeabilitzaci\u00f3. D\u00f3na compliment al Conveni del Metall i capacita per identificar i [&hellip;]<\/p>\n","protected":false},"featured_media":5562,"comment_status":"open","ping_status":"closed","template":"","meta":{"_acf_changed":false},"product_brand":[],"product_cat":[52],"product_tag":[],"class_list":{"0":"post-5557","1":"product","2":"type-product","3":"status-publish","4":"has-post-thumbnail","6":"product_cat-metall-obra","8":"first","9":"instock","10":"virtual","11":"taxable","12":"purchasable","13":"product-type-curso"},"acf":[],"precio_regular_curso":150.04,"precio_bonificado_curso":157.3,"_links":{"self":[{"href":"https:\/\/previntegral.com\/es\/wp-json\/wp\/v2\/product\/5557","targetHints":{"allow":["GET"]}}],"collection":[{"href":"https:\/\/previntegral.com\/es\/wp-json\/wp\/v2\/product"}],"about":[{"href":"https:\/\/previntegral.com\/es\/wp-json\/wp\/v2\/types\/product"}],"replies":[{"embeddable":true,"href":"https:\/\/previntegral.com\/es\/wp-json\/wp\/v2\/comments?post=5557"}],"wp:featuredmedia":[{"embeddable":true,"href":"https:\/\/previntegral.com\/es\/wp-json\/wp\/v2\/media\/5562"}],"wp:attachment":[{"href":"https:\/\/previntegral.com\/es\/wp-json\/wp\/v2\/media?parent=5557"}],"wp:term":[{"taxonomy":"product_brand","embeddable":true,"href":"https:\/\/previntegral.com\/es\/wp-json\/wp\/v2\/product_brand?post=5557"},{"taxonomy":"product_cat","embeddable":true,"href":"https:\/\/previntegral.com\/es\/wp-json\/wp\/v2\/product_cat?post=5557"},{"taxonomy":"product_tag","embeddable":true,"href":"https:\/\/previntegral.com\/es\/wp-json\/wp\/v2\/product_tag?post=5557"}],"curies":[{"name":"WordPress","href":"https:\/\/api.w.org\/{rel}","templated":true}]}}