{"id":5563,"date":"2025-12-09T16:55:47","date_gmt":"2025-12-09T16:55:47","guid":{"rendered":"https:\/\/previntegral.com\/producto\/especialitat-en-treballs-en-gasoductes-i-xarxes-de-distribucio-de-gasos-combustibles\/"},"modified":"2026-03-16T18:32:35","modified_gmt":"2026-03-16T18:32:35","slug":"especializados-en-trabajos-en-gasoductos-y-redes-de-distribucion-de-gases-combustibles","status":"publish","type":"product","link":"https:\/\/previntegral.com\/es\/producto\/especialitat-en-treballs-en-gasoductes-i-xarxes-de-distribucio-de-gasos-combustibles\/","title":{"rendered":"Especializados en obras relacionadas con gasoductos y redes de distribuci\u00f3n de gases combustibles."},"content":{"rendered":"<p>Formaci\u00f3n <strong>presencial<\/strong> de <strong>6 horas<\/strong> dirigido al personal metal\u00fargico que lo lleva a cabo <strong>Trabajos en gasoductos y redes para la distribuci\u00f3n de gases combustibles.<\/strong> en obras de construcci\u00f3n. Este curso cumple con los requisitos de <strong>Convenio Colectivo del Sector Metal\u00fargico<\/strong> y es el\u2019<strong>especialidad<\/strong> que complementa la parte <strong>Comuna de 14 horas<\/strong> (20 horas en total). Si ya tienes el m\u00f3dulo b\u00e1sico, esta especializaci\u00f3n te permite acceder al componente pr\u00e1ctico; si no es as\u00ed, tendr\u00e1s que completarlo. Trabajaremos en la identificaci\u00f3n de <strong>riesgos espec\u00edficos<\/strong> (tuber\u00edas, servicios subterr\u00e1neos, fugas), <strong>A prueba de explosiones<\/strong> y atm\u00f3sferas peligrosas, procedimientos para <strong>Bloqueo\/Etiquetado<\/strong> y permisos de trabajo, uso de equipos de detecci\u00f3n de gas, ventilaci\u00f3n, <strong>\u00cdndice de protecci\u00f3n equivalente<\/strong> y medidas de emergencia. Incluye buenas pr\u00e1cticas en materia de instalaci\u00f3n, mantenimiento y reparaci\u00f3n, as\u00ed como se\u00f1alizaci\u00f3n y coordinaci\u00f3n de actividades. La formaci\u00f3n debe ser <strong>Renovar cada 4 a\u00f1os<\/strong> con un plazo de entrega de 4 horas. Previntegral es un centro. <strong>FLC homologado<\/strong> (n.\u00ba 0505080031). Modo: solo <strong>presencial<\/strong> (no disponible en l\u00ednea). Recomendamos completar, cuando corresponda, otra formaci\u00f3n espec\u00edfica (por ejemplo, PEMP o amianto) seg\u00fan las tareas.<\/p>","protected":false},"excerpt":{"rendered":"<p>Formaci\u00f3 presencial de 6 hores adre\u00e7ada al personal del metall que realitza treballs en gasoductes i xarxes de distribuci\u00f3 de gasos combustibles en obres de construcci\u00f3. Aquest curs dona compliment al Conveni Col\u00b7lectiu del Sector del Metall i \u00e9s l\u2019especialitat que complementa la part comuna de 14 h (20 h en total). Si ja disposes [&hellip;]<\/p>\n","protected":false},"featured_media":5568,"comment_status":"open","ping_status":"closed","template":"","meta":{"_acf_changed":false},"product_brand":[],"product_cat":[52],"product_tag":[],"class_list":{"0":"post-5563","1":"product","2":"type-product","3":"status-publish","4":"has-post-thumbnail","6":"product_cat-metall-obra","8":"first","9":"instock","10":"virtual","11":"taxable","12":"purchasable","13":"product-type-curso"},"acf":[],"precio_regular_curso":150.04,"precio_bonificado_curso":157.3,"_links":{"self":[{"href":"https:\/\/previntegral.com\/es\/wp-json\/wp\/v2\/product\/5563","targetHints":{"allow":["GET"]}}],"collection":[{"href":"https:\/\/previntegral.com\/es\/wp-json\/wp\/v2\/product"}],"about":[{"href":"https:\/\/previntegral.com\/es\/wp-json\/wp\/v2\/types\/product"}],"replies":[{"embeddable":true,"href":"https:\/\/previntegral.com\/es\/wp-json\/wp\/v2\/comments?post=5563"}],"wp:featuredmedia":[{"embeddable":true,"href":"https:\/\/previntegral.com\/es\/wp-json\/wp\/v2\/media\/5568"}],"wp:attachment":[{"href":"https:\/\/previntegral.com\/es\/wp-json\/wp\/v2\/media?parent=5563"}],"wp:term":[{"taxonomy":"product_brand","embeddable":true,"href":"https:\/\/previntegral.com\/es\/wp-json\/wp\/v2\/product_brand?post=5563"},{"taxonomy":"product_cat","embeddable":true,"href":"https:\/\/previntegral.com\/es\/wp-json\/wp\/v2\/product_cat?post=5563"},{"taxonomy":"product_tag","embeddable":true,"href":"https:\/\/previntegral.com\/es\/wp-json\/wp\/v2\/product_tag?post=5563"}],"curies":[{"name":"WordPress","href":"https:\/\/api.w.org\/{rel}","templated":true}]}}