{"id":5569,"date":"2025-12-09T16:56:03","date_gmt":"2025-12-09T16:56:03","guid":{"rendered":"https:\/\/previntegral.com\/producto\/especialitat-en-treballs-en-dinstal%c2%b7lacions-de-telecomunicacions\/"},"modified":"2026-03-16T18:32:35","modified_gmt":"2026-03-16T18:32:35","slug":"especializados-en-trabajos-de-instalaciones-de-telecomunicaciones","status":"publish","type":"product","link":"https:\/\/previntegral.com\/es\/producto\/especialitat-en-treballs-en-dinstal%c2%b7lacions-de-telecomunicacions\/","title":{"rendered":"Especializados en trabajos de instalaci\u00f3n de telecomunicaciones."},"content":{"rendered":"<p>Formaci\u00f3n espec\u00edfica de <strong>6 horas<\/strong> en <strong>Modo presencial<\/strong> para los profesionales del sector metal\u00fargico que realizan <strong>Trabajas en instalaciones de telecomunicaciones.<\/strong> dentro de las obras de construcci\u00f3n. El curso cumple con los requisitos de <strong>Convenio General del Sector Metal\u00fargico<\/strong> y permite un acceso seguro al lugar de trabajo, abordando los riesgos y las medidas de <strong>prevenci\u00f3n de riesgos laborales<\/strong> espec\u00edfico sobre cableado y fibra \u00f3ptica, sistemas de conductos, salas t\u00e9cnicas, trabajos en altura con escaleras y plataformas ligeras, riesgos el\u00e9ctricos, planificaci\u00f3n de tareas y coordinaci\u00f3n con otros oficios. Este curso de formaci\u00f3n corresponde al\u2019<strong>Especializaci\u00f3n (6 h)<\/strong> y complementa el <strong>Parte central (14 h)<\/strong>, que solo es necesario tomar una vez. Si la actividad incluye la operaci\u00f3n de <strong>Plan m\u00e9dico de emergencia p\u00fablica<\/strong> Para la eliminaci\u00f3n del amianto, se requerir\u00e1 una formaci\u00f3n adicional espec\u00edfica. De conformidad con el acuerdo, se deber\u00e1 impartir dicha formaci\u00f3n. <strong>Renovar cada 4 a\u00f1os<\/strong> con un periodo de reciclaje de 4 horas. Previntegral es un centro acreditado por la <strong>Comisionado Federal de Tierras<\/strong> (n.\u00ba 0505080031), lo que garantiza que el contenido del sitio web est\u00e9 actualizado y orientado a la pr\u00e1ctica.<\/p>","protected":false},"excerpt":{"rendered":"<p>Formaci\u00f3 espec\u00edfica de 6 hores en modalitat presencial per a professionals del sector del metall que realitzen treballs en instal\u00b7lacions de telecomunicacions dins d\u2019obres de construcci\u00f3. El curs dona compliment al Conveni General del Sector del Metall i capacita per accedir amb garanties al centre de treball, abordant riscos i mesures de prevenci\u00f3 de riscos [&hellip;]<\/p>\n","protected":false},"featured_media":5573,"comment_status":"open","ping_status":"closed","template":"","meta":{"_acf_changed":false},"product_brand":[],"product_cat":[52],"product_tag":[],"class_list":{"0":"post-5569","1":"product","2":"type-product","3":"status-publish","4":"has-post-thumbnail","6":"product_cat-metall-obra","8":"first","9":"instock","10":"virtual","11":"taxable","12":"purchasable","13":"product-type-curso"},"acf":[],"precio_regular_curso":150.04,"precio_bonificado_curso":157.3,"_links":{"self":[{"href":"https:\/\/previntegral.com\/es\/wp-json\/wp\/v2\/product\/5569","targetHints":{"allow":["GET"]}}],"collection":[{"href":"https:\/\/previntegral.com\/es\/wp-json\/wp\/v2\/product"}],"about":[{"href":"https:\/\/previntegral.com\/es\/wp-json\/wp\/v2\/types\/product"}],"replies":[{"embeddable":true,"href":"https:\/\/previntegral.com\/es\/wp-json\/wp\/v2\/comments?post=5569"}],"wp:featuredmedia":[{"embeddable":true,"href":"https:\/\/previntegral.com\/es\/wp-json\/wp\/v2\/media\/5573"}],"wp:attachment":[{"href":"https:\/\/previntegral.com\/es\/wp-json\/wp\/v2\/media?parent=5569"}],"wp:term":[{"taxonomy":"product_brand","embeddable":true,"href":"https:\/\/previntegral.com\/es\/wp-json\/wp\/v2\/product_brand?post=5569"},{"taxonomy":"product_cat","embeddable":true,"href":"https:\/\/previntegral.com\/es\/wp-json\/wp\/v2\/product_cat?post=5569"},{"taxonomy":"product_tag","embeddable":true,"href":"https:\/\/previntegral.com\/es\/wp-json\/wp\/v2\/product_tag?post=5569"}],"curies":[{"name":"WordPress","href":"https:\/\/api.w.org\/{rel}","templated":true}]}}