{"id":5570,"date":"2025-12-09T16:56:03","date_gmt":"2025-12-09T16:56:03","guid":{"rendered":"https:\/\/previntegral.com\/producto\/especialitat-en-muntatge-destructures-tubulars-2\/"},"modified":"2026-03-16T18:32:35","modified_gmt":"2026-03-16T18:32:35","slug":"especializacion-en-el-montaje-destructivo-de-estructuras-tubulares-2","status":"publish","type":"product","link":"https:\/\/previntegral.com\/es\/producto\/especialitat-en-muntatge-destructures-tubulars-2\/","title":{"rendered":"Especialidad en Montaje de estructuras tubulares"},"content":{"rendered":"<p>Formaci\u00f3n especializada en <strong>6 horas<\/strong> dirigido a los metal\u00fargicos que realizan trabajos de <strong>Montaje de estructuras tubulares<\/strong> en construcci\u00f3n. De conformidad con el <strong>Acuerdo sobre metales<\/strong>, Es la formaci\u00f3n necesaria para acceder y realizar trabajos en la obra de forma segura. En formato modular. <strong>presencial<\/strong> (no disponible en l\u00ednea) y con un enfoque pr\u00e1ctico, abordaremos la planificaci\u00f3n del montaje, la estabilidad y el anclaje, las verificaciones e inspecciones, el uso de\u2019<strong>\u00cdndice de protecci\u00f3n equivalente<\/strong>, Se\u00f1alizaci\u00f3n, riesgos espec\u00edficos (ca\u00eddas desde altura, atrapamientos, ca\u00edda de objetos) y medidas preventivas, as\u00ed como normativa aplicable y coordinaci\u00f3n de las actividades empresariales. Si ya dispone del componente b\u00e1sico de 14 horas, este m\u00f3dulo de 6 horas completa la especialidad; de lo contrario, deber\u00e1 realizar la formaci\u00f3n de 20 horas (14 + 6). Impartido por Previntegral, centro acreditado por la <strong>Comisionado Federal de Tierras<\/strong> N.\u00ba 0505080031. Recuerde que el acuerdo estipula <strong>reciclaje<\/strong> Cada 4 a\u00f1os. Para tareas como PEMP o amianto, se requiere formaci\u00f3n espec\u00edfica adicional.<\/p>","protected":false},"excerpt":{"rendered":"<p>Formaci\u00f3 d\u2019especialitat de 6 hores adre\u00e7ada al personal del metall que realitza treballs de muntatge d\u2019estructures tubulars en obra. D\u2019acord amb el Conveni del Metall, \u00e9s la formaci\u00f3 necess\u00e0ria per accedir i desenvolupar l\u2019activitat al centre de treball obra de construcci\u00f3 amb seguretat. En modalitat presencial (no disponible en l\u00ednia) i amb enfocament pr\u00e0ctic, abordarem [&hellip;]<\/p>\n","protected":false},"featured_media":5574,"comment_status":"open","ping_status":"closed","template":"","meta":{"_acf_changed":false},"product_brand":[],"product_cat":[52],"product_tag":[],"class_list":{"0":"post-5570","1":"product","2":"type-product","3":"status-publish","4":"has-post-thumbnail","6":"product_cat-metall-obra","8":"first","9":"instock","10":"virtual","11":"taxable","12":"purchasable","13":"product-type-curso"},"acf":[],"precio_regular_curso":150.04,"precio_bonificado_curso":157.3,"_links":{"self":[{"href":"https:\/\/previntegral.com\/es\/wp-json\/wp\/v2\/product\/5570","targetHints":{"allow":["GET"]}}],"collection":[{"href":"https:\/\/previntegral.com\/es\/wp-json\/wp\/v2\/product"}],"about":[{"href":"https:\/\/previntegral.com\/es\/wp-json\/wp\/v2\/types\/product"}],"replies":[{"embeddable":true,"href":"https:\/\/previntegral.com\/es\/wp-json\/wp\/v2\/comments?post=5570"}],"wp:featuredmedia":[{"embeddable":true,"href":"https:\/\/previntegral.com\/es\/wp-json\/wp\/v2\/media\/5574"}],"wp:attachment":[{"href":"https:\/\/previntegral.com\/es\/wp-json\/wp\/v2\/media?parent=5570"}],"wp:term":[{"taxonomy":"product_brand","embeddable":true,"href":"https:\/\/previntegral.com\/es\/wp-json\/wp\/v2\/product_brand?post=5570"},{"taxonomy":"product_cat","embeddable":true,"href":"https:\/\/previntegral.com\/es\/wp-json\/wp\/v2\/product_cat?post=5570"},{"taxonomy":"product_tag","embeddable":true,"href":"https:\/\/previntegral.com\/es\/wp-json\/wp\/v2\/product_tag?post=5570"}],"curies":[{"name":"WordPress","href":"https:\/\/api.w.org\/{rel}","templated":true}]}}