{"id":5575,"date":"2025-12-09T16:56:57","date_gmt":"2025-12-09T16:56:57","guid":{"rendered":"https:\/\/previntegral.com\/producto\/reciclatge-en-treballs-de-construccio-i-manteniment-de-vies-ferries\/"},"modified":"2026-03-17T09:32:56","modified_gmt":"2026-03-17T09:32:56","slug":"reciclaje-en-trabajos-de-construccion-y-mantenimiento-de-vias-ferreas","status":"publish","type":"product","link":"https:\/\/previntegral.com\/es\/producto\/reciclatge-en-treballs-de-construccio-i-manteniment-de-vies-ferries\/","title":{"rendered":"Reciclaje en obras de construcci\u00f3n y mantenimiento ferroviario"},"content":{"rendered":"<p>Formaci\u00f3n <strong>presencial<\/strong> de 4<strong>\u00a0horas<\/strong> dise\u00f1ada para profesionales del sector metal\u00fargico que intervienen en <strong>Construcci\u00f3n y mantenimiento de l\u00edneas ferroviarias<\/strong> en obra. Esta acci\u00f3n corresponde al reciclaje del convenio y complementa la formaci\u00f3n inicial de 20 o 6 horas, dando respuesta a las obligaciones del <strong>Acuerdo sobre metales<\/strong> para poder acceder al centro de trabajo obra de construcci\u00f3n. Trabajaremos los <strong>riesgos espec\u00edficos<\/strong> del montaje y mantenimiento de v\u00eda, manipulaci\u00f3n de ra\u00edles y traviesas, trabajos sobre balasto, uso seguro de <strong>maquinaria de v\u00eda<\/strong> i equipements auxiliaires, <strong>se\u00f1alizaci\u00f3n<\/strong> la se\u00f1alizaci\u00f3n de la zona de trabajo, coordinaci\u00f3n de actividades, emergencias y medidas ante trabajos en proximidad de instalaciones electrificadas, as\u00ed como elecci\u00f3n y uso de\u2019<strong>\u00cdndice de protecci\u00f3n equivalente<\/strong> protecciones colectivas. Metodolog\u00eda pr\u00e1ctica y orientada a caso real, impartida por <strong>Previntegral?<\/strong>, un centro acreditado por la <strong>Comisionado Federal de Tierras<\/strong> (n\u00famero 0505080031). Si realizas tareas adicionales (p. ej. PEMP o amianto) es necesaria formaci\u00f3n espec\u00edfica. Recuerda lo <strong>Reciclaje cada 4 a\u00f1os<\/strong> previsto en el convenio.<\/p>","protected":false},"excerpt":{"rendered":"<p>Formaci\u00f3 presencial de 4\u00a0hores dissenyada per a professionals del sector metall que intervenen en treballs de construcci\u00f3 i manteniment de vies f\u00e8rries en obra. Aquesta acci\u00f3 correspon al reciclatge del conveni i complementa la formaci\u00f3 inicial de 20 o 6 hores, donant resposta a les obligacions del conveni del metall per poder accedir al centre [&hellip;]<\/p>\n","protected":false},"featured_media":5577,"comment_status":"open","ping_status":"closed","template":"","meta":{"_acf_changed":false},"product_brand":[],"product_cat":[52],"product_tag":[],"class_list":{"0":"post-5575","1":"product","2":"type-product","3":"status-publish","4":"has-post-thumbnail","6":"product_cat-metall-obra","8":"first","9":"instock","10":"virtual","11":"taxable","12":"purchasable","13":"product-type-curso"},"acf":[],"precio_regular_curso":121,"precio_bonificado_curso":127.05,"_links":{"self":[{"href":"https:\/\/previntegral.com\/es\/wp-json\/wp\/v2\/product\/5575","targetHints":{"allow":["GET"]}}],"collection":[{"href":"https:\/\/previntegral.com\/es\/wp-json\/wp\/v2\/product"}],"about":[{"href":"https:\/\/previntegral.com\/es\/wp-json\/wp\/v2\/types\/product"}],"replies":[{"embeddable":true,"href":"https:\/\/previntegral.com\/es\/wp-json\/wp\/v2\/comments?post=5575"}],"wp:featuredmedia":[{"embeddable":true,"href":"https:\/\/previntegral.com\/es\/wp-json\/wp\/v2\/media\/5577"}],"wp:attachment":[{"href":"https:\/\/previntegral.com\/es\/wp-json\/wp\/v2\/media?parent=5575"}],"wp:term":[{"taxonomy":"product_brand","embeddable":true,"href":"https:\/\/previntegral.com\/es\/wp-json\/wp\/v2\/product_brand?post=5575"},{"taxonomy":"product_cat","embeddable":true,"href":"https:\/\/previntegral.com\/es\/wp-json\/wp\/v2\/product_cat?post=5575"},{"taxonomy":"product_tag","embeddable":true,"href":"https:\/\/previntegral.com\/es\/wp-json\/wp\/v2\/product_tag?post=5575"}],"curies":[{"name":"WordPress","href":"https:\/\/api.w.org\/{rel}","templated":true}]}}