{"id":5578,"date":"2025-12-09T16:57:51","date_gmt":"2025-12-09T16:57:51","guid":{"rendered":"https:\/\/previntegral.com\/producto\/reciclatge-en-treballs-de-manteniment-de-maquinaria-i-vehicles-en-obres-de-construccio\/"},"modified":"2026-03-16T18:32:35","modified_gmt":"2026-03-16T18:32:35","slug":"reciclaje-en-trabajos-de-mantenimiento-de-maquinaria-y-vehiculos-en-obras-de-construccion","status":"publish","type":"product","link":"https:\/\/previntegral.com\/es\/producto\/reciclatge-en-treballs-de-manteniment-de-maquinaria-i-vehicles-en-obres-de-construccio\/","title":{"rendered":"Reciclaje en trabajos de mantenimiento de maquinaria y veh\u00edculos en obras de construcci\u00f3n"},"content":{"rendered":"<p>El curso \u00abMantenimiento de maquinaria y veh\u00edculos en obras de construcci\u00f3n\u00bb es la formaci\u00f3n especializada de <strong>6 horas<\/strong> para los metal\u00fargicos que trabajan en la obra. Es obligatorio, seg\u00fan el Convenio Colectivo Estatal de la Industria Metal\u00fargica, acceder a la obra y realizar tareas de mantenimiento con garant\u00edas. La modalidad es <strong>presencial<\/strong> (no disponible en l\u00ednea) y se imparte en Previntegral, un centro acreditado por la <strong>Comisionado Federal de Tierras<\/strong> (n.\u00ba 0505080031). El programa abarca riesgos y medidas preventivas: atrapamientos, vuelcos y atropellos, trabajos en altura y trabajos en caliente, productos qu\u00edmicos. Aborda procedimientos clave como el <strong>Bloqueo y etiquetado (LOTO)<\/strong>, <strong>mantenimiento preventivo<\/strong>, uso de\u2019<strong>Equipo de protecci\u00f3n personal<\/strong>, se\u00f1alizaci\u00f3n, permisos de trabajo, emergencias y coordinaci\u00f3n de actividades. Si ya tienes la pieza <strong>Comuna de 14 horas<\/strong>, Esta especialidad de 6 horas lo completa; de lo contrario, se debe tomar el paquete de 20 horas. El acuerdo requiere <strong>Reciclar cada 4 horas cada 4 a\u00f1os.<\/strong>. Formaci\u00f3n espec\u00edfica (amianto, <strong>Plan m\u00e9dico de emergencia p\u00fablica<\/strong>) se imparten en cursos separados.<\/p>","protected":false},"excerpt":{"rendered":"<p>El curs Treballs de manteniment de maquin\u00e0ria i vehicles en obres de construcci\u00f3 \u00e9s la formaci\u00f3 d\u2019especialitat de 6 hores per al personal del metall que treballa a obra. \u00c9s obligat\u00f2ria segons el Conveni col\u00b7lectiu estatal del metall per accedir a l\u2019obra i desenvolupar tasques de manteniment amb garanties. La modalitat \u00e9s presencial (no disponible [&hellip;]<\/p>\n","protected":false},"featured_media":5580,"comment_status":"open","ping_status":"closed","template":"","meta":{"_acf_changed":false},"product_brand":[],"product_cat":[52],"product_tag":[],"class_list":{"0":"post-5578","1":"product","2":"type-product","3":"status-publish","4":"has-post-thumbnail","6":"product_cat-metall-obra","8":"first","9":"instock","10":"virtual","11":"taxable","12":"purchasable","13":"product-type-curso"},"acf":[],"precio_regular_curso":150.04,"precio_bonificado_curso":157.3,"_links":{"self":[{"href":"https:\/\/previntegral.com\/es\/wp-json\/wp\/v2\/product\/5578","targetHints":{"allow":["GET"]}}],"collection":[{"href":"https:\/\/previntegral.com\/es\/wp-json\/wp\/v2\/product"}],"about":[{"href":"https:\/\/previntegral.com\/es\/wp-json\/wp\/v2\/types\/product"}],"replies":[{"embeddable":true,"href":"https:\/\/previntegral.com\/es\/wp-json\/wp\/v2\/comments?post=5578"}],"wp:featuredmedia":[{"embeddable":true,"href":"https:\/\/previntegral.com\/es\/wp-json\/wp\/v2\/media\/5580"}],"wp:attachment":[{"href":"https:\/\/previntegral.com\/es\/wp-json\/wp\/v2\/media?parent=5578"}],"wp:term":[{"taxonomy":"product_brand","embeddable":true,"href":"https:\/\/previntegral.com\/es\/wp-json\/wp\/v2\/product_brand?post=5578"},{"taxonomy":"product_cat","embeddable":true,"href":"https:\/\/previntegral.com\/es\/wp-json\/wp\/v2\/product_cat?post=5578"},{"taxonomy":"product_tag","embeddable":true,"href":"https:\/\/previntegral.com\/es\/wp-json\/wp\/v2\/product_tag?post=5578"}],"curies":[{"name":"WordPress","href":"https:\/\/api.w.org\/{rel}","templated":true}]}}