{"id":5581,"date":"2025-12-09T16:58:07","date_gmt":"2025-12-09T16:58:07","guid":{"rendered":"https:\/\/previntegral.com\/producto\/reciclatge-en-treballs-en-gasoductes-i-xarxes-de-distribucio-de-gasos-combustibles\/"},"modified":"2026-03-17T09:34:47","modified_gmt":"2026-03-17T09:34:47","slug":"reciclaje-en-obras-de-gasoductos-y-redes-de-distribucion-de-gases-combustibles","status":"publish","type":"product","link":"https:\/\/previntegral.com\/es\/producto\/reciclatge-en-treballs-en-gasoductes-i-xarxes-de-distribucio-de-gasos-combustibles\/","title":{"rendered":"Reciclaje en obras en gasoductos y redes de gases combustibles"},"content":{"rendered":"<p>Formaci\u00f3n <strong>presencial<\/strong> de 4<strong>\u00a0horas<\/strong> dise\u00f1ada para profesionales del sector metal\u00fargico que intervienen en <strong>Trabajos en gasoductos y redes para la distribuci\u00f3n de gases combustibles.<\/strong>\u00a0en obra. Esta acci\u00f3n corresponde al reciclaje del convenio y complementa la formaci\u00f3n inicial de 20 o 6 horas, dando respuesta a las obligaciones del <strong>Acuerdo sobre metales<\/strong> para acceder a la obra. Aborda el <strong>riesgos espec\u00edficos<\/strong> del servicio: fugas, inflamabilidad y <strong>A prueba de explosiones<\/strong>, trabajos de excavaci\u00f3n y se\u00f1alizaci\u00f3n, <strong>Espacios confinados<\/strong>, aislamientos y purgas, pruebas de estanqueidad, permisos para <strong>trabajos en caliente<\/strong> Y, con toda calma, sabes que puedes confiar en tus herramientas y <strong>\u00cdndice de protecci\u00f3n equivalente<\/strong>, Procedimientos de emergencia (detecci\u00f3n y medici\u00f3n de gases, ventilaci\u00f3n y evacuaci\u00f3n) y coordinaci\u00f3n con el responsable de la obra y el CAE. Dirigido al personal de instalaci\u00f3n, mantenimiento y operaci\u00f3n del sector metal\u00fargico que participa en <strong>Obras de construcci\u00f3n<\/strong>. La preintegral es <strong>Centro acreditado por la FLC<\/strong> (n.\u00ba 0505080031). Recuerde que el acuerdo establece <strong>Reciclaje cada 4 a\u00f1os<\/strong> (4 h). Si no has realizado el curso b\u00e1sico, deber\u00e1s cumplir con el requisito mediante el curso de 20 horas (14 h + 6 h).<\/p>","protected":false},"excerpt":{"rendered":"<p>Formaci\u00f3 presencial de 4\u00a0hores dissenyada per a professionals del sector metall que intervenen en treballs en gasoductes i xarxes de distribuci\u00f3 de gasos combustibles\u00a0en obra. Aquesta acci\u00f3 correspon al reciclatge del conveni i complementa la formaci\u00f3 inicial de 20 o 6 hores, donant resposta a les obligacions del conveni del metall per poder accedir al [&hellip;]<\/p>\n","protected":false},"featured_media":5583,"comment_status":"open","ping_status":"closed","template":"","meta":{"_acf_changed":false},"product_brand":[],"product_cat":[52],"product_tag":[],"class_list":{"0":"post-5581","1":"product","2":"type-product","3":"status-publish","4":"has-post-thumbnail","6":"product_cat-metall-obra","8":"first","9":"instock","10":"virtual","11":"taxable","12":"purchasable","13":"product-type-curso"},"acf":[],"precio_regular_curso":121,"precio_bonificado_curso":127.05,"_links":{"self":[{"href":"https:\/\/previntegral.com\/es\/wp-json\/wp\/v2\/product\/5581","targetHints":{"allow":["GET"]}}],"collection":[{"href":"https:\/\/previntegral.com\/es\/wp-json\/wp\/v2\/product"}],"about":[{"href":"https:\/\/previntegral.com\/es\/wp-json\/wp\/v2\/types\/product"}],"replies":[{"embeddable":true,"href":"https:\/\/previntegral.com\/es\/wp-json\/wp\/v2\/comments?post=5581"}],"wp:featuredmedia":[{"embeddable":true,"href":"https:\/\/previntegral.com\/es\/wp-json\/wp\/v2\/media\/5583"}],"wp:attachment":[{"href":"https:\/\/previntegral.com\/es\/wp-json\/wp\/v2\/media?parent=5581"}],"wp:term":[{"taxonomy":"product_brand","embeddable":true,"href":"https:\/\/previntegral.com\/es\/wp-json\/wp\/v2\/product_brand?post=5581"},{"taxonomy":"product_cat","embeddable":true,"href":"https:\/\/previntegral.com\/es\/wp-json\/wp\/v2\/product_cat?post=5581"},{"taxonomy":"product_tag","embeddable":true,"href":"https:\/\/previntegral.com\/es\/wp-json\/wp\/v2\/product_tag?post=5581"}],"curies":[{"name":"WordPress","href":"https:\/\/api.w.org\/{rel}","templated":true}]}}