{"id":5584,"date":"2025-12-09T16:58:50","date_gmt":"2025-12-09T16:58:50","guid":{"rendered":"https:\/\/previntegral.com\/producto\/reciclatge-en-instal%c2%b7lacio-dascensors\/"},"modified":"2026-03-17T09:36:01","modified_gmt":"2026-03-17T09:36:01","slug":"reciclaje-en-la-estacion-de-esqui","status":"publish","type":"product","link":"https:\/\/previntegral.com\/es\/producto\/reciclatge-en-instal%c2%b7lacio-dascensors\/","title":{"rendered":"Reciclaje en la instalaci\u00f3n de ascensores"},"content":{"rendered":"<p>Formaci\u00f3n <strong>presencial<\/strong> de 4<strong>\u00a0horas<\/strong> dise\u00f1ada para profesionales del sector metal\u00fargico que intervienen en <strong>Instalaci\u00f3n de ascensor<\/strong>\u00a0en obra. Esta acci\u00f3n corresponde al reciclaje del convenio y complementa la formaci\u00f3n inicial de 20 o 6 horas, dando respuesta a las obligaciones del <strong>Acuerdo sobre metales<\/strong> para poder acceder a la obra. Trabajamos en la <strong>riesgos espec\u00edficos<\/strong> del sector: trabajar en el <strong>cabina del ascensor<\/strong>, que han bajado a distintos niveles y <strong>Trabajar en altura<\/strong>, orden y limpieza, maniobras y manipulaci\u00f3n de cargas, <strong>Riesgo el\u00e9ctrico<\/strong> (maniobras y potencia), herramientas y medios auxiliares, anclajes y protecciones colectivas, se\u00f1alizaci\u00f3n, procedimientos de emergencia y rescate, as\u00ed como el <strong>Coordinaci\u00f3n de actividades empresariales<\/strong> y derechos y obligaciones. Si realizas tareas espec\u00edficas (por ejemplo,. <strong>Eliminaci\u00f3n de amianto<\/strong> o uso de <strong>Plan m\u00e9dico de emergencia p\u00fablica<\/strong>), necesitar\u00e1s formaci\u00f3n adicional. El acuerdo establece un <strong>Reciclar cada 4 horas cada 4 a\u00f1os.<\/strong>.<\/p>","protected":false},"excerpt":{"rendered":"<p>Formaci\u00f3 presencial de 4\u00a0hores dissenyada per a professionals del sector metall que intervenen en Instal\u00b7laci\u00f3 d&#8217;ascensors\u00a0en obra. Aquesta acci\u00f3 correspon al reciclatge del conveni i complementa la formaci\u00f3 inicial de 20 o 6 hores, donant resposta a les obligacions del conveni del metall per poder accedir al centre de treball obra de construcci\u00f3. Treballem els [&hellip;]<\/p>\n","protected":false},"featured_media":5588,"comment_status":"open","ping_status":"closed","template":"","meta":{"_acf_changed":false},"product_brand":[],"product_cat":[52],"product_tag":[],"class_list":{"0":"post-5584","1":"product","2":"type-product","3":"status-publish","4":"has-post-thumbnail","6":"product_cat-metall-obra","8":"first","9":"instock","10":"virtual","11":"taxable","12":"purchasable","13":"product-type-curso"},"acf":[],"precio_regular_curso":121,"precio_bonificado_curso":127.05,"_links":{"self":[{"href":"https:\/\/previntegral.com\/es\/wp-json\/wp\/v2\/product\/5584","targetHints":{"allow":["GET"]}}],"collection":[{"href":"https:\/\/previntegral.com\/es\/wp-json\/wp\/v2\/product"}],"about":[{"href":"https:\/\/previntegral.com\/es\/wp-json\/wp\/v2\/types\/product"}],"replies":[{"embeddable":true,"href":"https:\/\/previntegral.com\/es\/wp-json\/wp\/v2\/comments?post=5584"}],"wp:featuredmedia":[{"embeddable":true,"href":"https:\/\/previntegral.com\/es\/wp-json\/wp\/v2\/media\/5588"}],"wp:attachment":[{"href":"https:\/\/previntegral.com\/es\/wp-json\/wp\/v2\/media?parent=5584"}],"wp:term":[{"taxonomy":"product_brand","embeddable":true,"href":"https:\/\/previntegral.com\/es\/wp-json\/wp\/v2\/product_brand?post=5584"},{"taxonomy":"product_cat","embeddable":true,"href":"https:\/\/previntegral.com\/es\/wp-json\/wp\/v2\/product_cat?post=5584"},{"taxonomy":"product_tag","embeddable":true,"href":"https:\/\/previntegral.com\/es\/wp-json\/wp\/v2\/product_tag?post=5584"}],"curies":[{"name":"WordPress","href":"https:\/\/api.w.org\/{rel}","templated":true}]}}