{"id":5585,"date":"2025-12-09T16:58:51","date_gmt":"2025-12-09T16:58:51","guid":{"rendered":"https:\/\/previntegral.com\/producto\/reciclatge-en-treballs-daillament-i-impermeabilitzacio\/"},"modified":"2026-03-17T09:38:09","modified_gmt":"2026-03-17T09:38:09","slug":"reciclaje-en-trabajos-de-enlucido-e-impermeabilizacion","status":"publish","type":"product","link":"https:\/\/previntegral.com\/es\/producto\/reciclatge-en-treballs-daillament-i-impermeabilitzacio\/","title":{"rendered":"Reciclaje en trabajos de aislamiento e impermeabilizaci\u00f3n"},"content":{"rendered":"<p>Formaci\u00f3n <strong>presencial<\/strong> de 4<strong>\u00a0horas<\/strong> dise\u00f1ada para profesionales del sector metal\u00fargico que intervienen en <strong>Trabajos de aislamiento e impermeabilizaci\u00f3n<\/strong>\u00a0en obra. Esta acci\u00f3n corresponde al reciclaje del convenio y complementa la formaci\u00f3n inicial de 20 o 6 horas, dando respuesta a las obligaciones del <strong>Acuerdo sobre metales<\/strong> Para acceder a la obra, nos encargaremos de identificar los riesgos. <strong>Trabajas en tejados.<\/strong>, la selecci\u00f3n de\u2019<strong>Equipo de protecci\u00f3n personal<\/strong>, protecci\u00f3n contra ca\u00eddas, uso seguro de l\u00e1minas de asfalto, EPDM, PVC y espumas (PIR\/PUR), aplicaciones t\u00e9rmicas y adhesivas, control de emisiones, prevenci\u00f3n de\u2019<strong>incendios<\/strong>, Manipulaci\u00f3n manual de cargas y buenas pr\u00e1cticas para el sellado de puntos \u00fanicos. Incluye la coordinaci\u00f3n de actividades en la obra, la se\u00f1alizaci\u00f3n y las comprobaciones previas. No sustituye a la formaci\u00f3n espec\u00edfica, como la relativa al amianto o a las PEMP. Una vez completado, estar\u00e1 preparado para trabajar seg\u00fan las normas de seguridad y calidad y estar\u00e1 al d\u00eda con sus obligaciones de formaci\u00f3n. Previntegral es un centro acreditado por la <strong>Comisionado Federal de Tierras<\/strong> (n.\u00ba 0505080031). Recuerde que el acuerdo exige <strong>reciclaje<\/strong> 4 horas cada 4 a\u00f1os.<\/p>","protected":false},"excerpt":{"rendered":"<p>Formaci\u00f3 presencial de 4\u00a0hores dissenyada per a professionals del sector metall que intervenen en Treballs d&#8217;a\u00efllament i impermeabilitzaci\u00f3\u00a0en obra. Aquesta acci\u00f3 correspon al reciclatge del conveni i complementa la formaci\u00f3 inicial de 20 o 6 hores, donant resposta a les obligacions del conveni del metall per poder accedir al centre de treball obra de construcci\u00f3 [&hellip;]<\/p>\n","protected":false},"featured_media":5589,"comment_status":"open","ping_status":"closed","template":"","meta":{"_acf_changed":false},"product_brand":[],"product_cat":[52],"product_tag":[],"class_list":{"0":"post-5585","1":"product","2":"type-product","3":"status-publish","4":"has-post-thumbnail","6":"product_cat-metall-obra","8":"first","9":"instock","10":"virtual","11":"taxable","12":"purchasable","13":"product-type-curso"},"acf":[],"precio_regular_curso":121,"precio_bonificado_curso":127.05,"_links":{"self":[{"href":"https:\/\/previntegral.com\/es\/wp-json\/wp\/v2\/product\/5585","targetHints":{"allow":["GET"]}}],"collection":[{"href":"https:\/\/previntegral.com\/es\/wp-json\/wp\/v2\/product"}],"about":[{"href":"https:\/\/previntegral.com\/es\/wp-json\/wp\/v2\/types\/product"}],"replies":[{"embeddable":true,"href":"https:\/\/previntegral.com\/es\/wp-json\/wp\/v2\/comments?post=5585"}],"wp:featuredmedia":[{"embeddable":true,"href":"https:\/\/previntegral.com\/es\/wp-json\/wp\/v2\/media\/5589"}],"wp:attachment":[{"href":"https:\/\/previntegral.com\/es\/wp-json\/wp\/v2\/media?parent=5585"}],"wp:term":[{"taxonomy":"product_brand","embeddable":true,"href":"https:\/\/previntegral.com\/es\/wp-json\/wp\/v2\/product_brand?post=5585"},{"taxonomy":"product_cat","embeddable":true,"href":"https:\/\/previntegral.com\/es\/wp-json\/wp\/v2\/product_cat?post=5585"},{"taxonomy":"product_tag","embeddable":true,"href":"https:\/\/previntegral.com\/es\/wp-json\/wp\/v2\/product_tag?post=5585"}],"curies":[{"name":"WordPress","href":"https:\/\/api.w.org\/{rel}","templated":true}]}}