{"id":5599,"date":"2025-12-09T17:00:46","date_gmt":"2025-12-09T17:00:46","guid":{"rendered":"https:\/\/previntegral.com\/producto\/reciclatge-en-operadors-daparells-elevadors\/"},"modified":"2026-03-17T09:49:32","modified_gmt":"2026-03-17T09:49:32","slug":"reciclaje-para-conductores-de-carretillas-elevadoras","status":"publish","type":"product","link":"https:\/\/previntegral.com\/es\/producto\/reciclatge-en-operadors-daparells-elevadors\/","title":{"rendered":"Reciclaje para operadores de carretillas elevadoras"},"content":{"rendered":"<p>Formaci\u00f3n <strong>presencial<\/strong> de 4<strong>\u00a0horas<\/strong> dise\u00f1ada para profesionales del sector metal\u00fargico que intervienen en <strong>Operadores de equipos de elevaci\u00f3n<\/strong> en obra. Esta acci\u00f3n corresponde al reciclaje del convenio y complementa la formaci\u00f3n inicial de 20 o 6 horas, dando respuesta a las obligaciones del <strong>Acuerdo sobre metales<\/strong> para acceder a la obra. En Previntegral, un centro acreditado por la <strong>Comisionado Federal de Tierras<\/strong> (n.\u00ba 0505080031), te ocupar\u00e1s de los riesgos y las medidas preventivas relacionados con el uso de\u2019<strong>Equipo de elevaci\u00f3n<\/strong> (PEMP, plataformas, elevadores), el <strong>Comprobaciones previas<\/strong>, el <strong>Maniobras seguras<\/strong> y la estabilidad, la se\u00f1alizaci\u00f3n y la comunicaci\u00f3n con <strong>se\u00f1alizador<\/strong>, zonas de influencia, trabajos en altura, equipos de protecci\u00f3n, procedimientos de emergencia y <strong>Normativa aplicable<\/strong>. Se trata de un curso de formaci\u00f3n pr\u00e1ctico y aplicado, dise\u00f1ado para operadores, capataces y trabajadores aut\u00f3nomos que manejan o supervisan ascensores en las obras. Si no has cursado el m\u00f3dulo b\u00e1sico, deber\u00e1s hacerlo por separado. El convenio colectivo estipula <strong>reciclaje<\/strong> 4 horas cada 4 a\u00f1os.<\/p>","protected":false},"excerpt":{"rendered":"<p>Formaci\u00f3 presencial de 4\u00a0hores dissenyada per a professionals del sector metall que intervenen en Operadors d\u2019aparells elevadors en obra. Aquesta acci\u00f3 correspon al reciclatge del conveni i complementa la formaci\u00f3 inicial de 20 o 6 hores, donant resposta a les obligacions del conveni del metall per poder accedir al centre de treball obra de construcci\u00f3. [&hellip;]<\/p>\n","protected":false},"featured_media":5601,"comment_status":"open","ping_status":"closed","template":"","meta":{"_acf_changed":false},"product_brand":[],"product_cat":[52],"product_tag":[],"class_list":{"0":"post-5599","1":"product","2":"type-product","3":"status-publish","4":"has-post-thumbnail","6":"product_cat-metall-obra","8":"first","9":"instock","10":"virtual","11":"taxable","12":"purchasable","13":"product-type-curso"},"acf":[],"precio_regular_curso":121,"precio_bonificado_curso":127.05,"_links":{"self":[{"href":"https:\/\/previntegral.com\/es\/wp-json\/wp\/v2\/product\/5599","targetHints":{"allow":["GET"]}}],"collection":[{"href":"https:\/\/previntegral.com\/es\/wp-json\/wp\/v2\/product"}],"about":[{"href":"https:\/\/previntegral.com\/es\/wp-json\/wp\/v2\/types\/product"}],"replies":[{"embeddable":true,"href":"https:\/\/previntegral.com\/es\/wp-json\/wp\/v2\/comments?post=5599"}],"wp:featuredmedia":[{"embeddable":true,"href":"https:\/\/previntegral.com\/es\/wp-json\/wp\/v2\/media\/5601"}],"wp:attachment":[{"href":"https:\/\/previntegral.com\/es\/wp-json\/wp\/v2\/media?parent=5599"}],"wp:term":[{"taxonomy":"product_brand","embeddable":true,"href":"https:\/\/previntegral.com\/es\/wp-json\/wp\/v2\/product_brand?post=5599"},{"taxonomy":"product_cat","embeddable":true,"href":"https:\/\/previntegral.com\/es\/wp-json\/wp\/v2\/product_cat?post=5599"},{"taxonomy":"product_tag","embeddable":true,"href":"https:\/\/previntegral.com\/es\/wp-json\/wp\/v2\/product_tag?post=5599"}],"curies":[{"name":"WordPress","href":"https:\/\/api.w.org\/{rel}","templated":true}]}}