{"id":5602,"date":"2025-12-09T17:01:19","date_gmt":"2025-12-09T17:01:19","guid":{"rendered":"https:\/\/previntegral.com\/producto\/reciclatge-en-treballs-en-dinstal%c2%b7lacions-de-telecomunicacions\/"},"modified":"2026-03-17T09:50:43","modified_gmt":"2026-03-17T09:50:43","slug":"reciclaje-en-trabajos-de-instalacion-de-telecomunicaciones","status":"publish","type":"product","link":"https:\/\/previntegral.com\/es\/producto\/reciclatge-en-treballs-en-dinstal%c2%b7lacions-de-telecomunicacions\/","title":{"rendered":"Reciclaje en Trabajos de instalaciones de telecomunicaciones"},"content":{"rendered":"<p>Formaci\u00f3n <strong>presencial<\/strong> de 4<strong>\u00a0horas<\/strong> dise\u00f1ada para profesionales del sector metal\u00fargico que intervienen en <strong>instalaciones de telecomunicaciones <\/strong>en obra. Esta acci\u00f3n corresponde al reciclaje del convenio y complementa la formaci\u00f3n inicial de 20 o 6 horas, dando respuesta a las obligaciones del <strong>Acuerdo sobre metales<\/strong> para acceder a la obra. Las tareas que se realizan all\u00ed son obras de construcci\u00f3n. <strong>riesgos espec\u00edficos<\/strong> de la instalaci\u00f3n de tuber\u00edas y cableado, el uso de herramientas el\u00e9ctricas, el trabajo en escaleras de mano y la proximidad a baja tensi\u00f3n, la interferencia con otros oficios, la ca\u00edda de objetos, el ruido y el polvo; as\u00ed como las medidas preventivas asociadas: <strong>\u00cdndice de protecci\u00f3n equivalente<\/strong>, procedimientos de trabajo seguros, bloqueo\/etiquetado, orden y limpieza, se\u00f1alizaci\u00f3n y respuesta ante emergencias. Tambi\u00e9n incluye la coordinaci\u00f3n de las actividades empresariales y la documentaci\u00f3n necesaria para acceder a un lugar de trabajo. Una vez completado con \u00e9xito, el alumno obtiene la acreditaci\u00f3n en la especialidad de telecomunicaciones seg\u00fan los t\u00e9rminos del acuerdo. Impartido por Previntegral, <strong>Centro acreditado por la FLC<\/strong> (n.\u00ba 0505080031). Recuerde que esta formaci\u00f3n debe renovarse cada cuatro a\u00f1os con un curso de actualizaci\u00f3n de cuatro horas.<\/p>","protected":false},"excerpt":{"rendered":"<p>Formaci\u00f3 presencial de 4\u00a0hores dissenyada per a professionals del sector metall que intervenen en instal\u00b7lacions de telecomunicacions en obra. Aquesta acci\u00f3 correspon al reciclatge del conveni i complementa la formaci\u00f3 inicial de 20 o 6 hores, donant resposta a les obligacions del conveni del metall per poder accedir al centre de treball obra de construcci\u00f3. [&hellip;]<\/p>\n","protected":false},"featured_media":5604,"comment_status":"open","ping_status":"closed","template":"","meta":{"_acf_changed":false},"product_brand":[],"product_cat":[52],"product_tag":[],"class_list":{"0":"post-5602","1":"product","2":"type-product","3":"status-publish","4":"has-post-thumbnail","6":"product_cat-metall-obra","8":"first","9":"instock","10":"virtual","11":"taxable","12":"purchasable","13":"product-type-curso"},"acf":[],"precio_regular_curso":121,"precio_bonificado_curso":127.05,"_links":{"self":[{"href":"https:\/\/previntegral.com\/es\/wp-json\/wp\/v2\/product\/5602","targetHints":{"allow":["GET"]}}],"collection":[{"href":"https:\/\/previntegral.com\/es\/wp-json\/wp\/v2\/product"}],"about":[{"href":"https:\/\/previntegral.com\/es\/wp-json\/wp\/v2\/types\/product"}],"replies":[{"embeddable":true,"href":"https:\/\/previntegral.com\/es\/wp-json\/wp\/v2\/comments?post=5602"}],"wp:featuredmedia":[{"embeddable":true,"href":"https:\/\/previntegral.com\/es\/wp-json\/wp\/v2\/media\/5604"}],"wp:attachment":[{"href":"https:\/\/previntegral.com\/es\/wp-json\/wp\/v2\/media?parent=5602"}],"wp:term":[{"taxonomy":"product_brand","embeddable":true,"href":"https:\/\/previntegral.com\/es\/wp-json\/wp\/v2\/product_brand?post=5602"},{"taxonomy":"product_cat","embeddable":true,"href":"https:\/\/previntegral.com\/es\/wp-json\/wp\/v2\/product_cat?post=5602"},{"taxonomy":"product_tag","embeddable":true,"href":"https:\/\/previntegral.com\/es\/wp-json\/wp\/v2\/product_tag?post=5602"}],"curies":[{"name":"WordPress","href":"https:\/\/api.w.org\/{rel}","templated":true}]}}