{"id":5611,"date":"2025-12-09T17:02:04","date_gmt":"2025-12-09T17:02:04","guid":{"rendered":"https:\/\/previntegral.com\/producto\/especialitat-en-ept-2001-01-08-formacio-preventiva-per-a-lexercici-del-lloc-doperador-de-maquinaria-darrencada-carrega-vials-en-activitats-dexterior\/"},"modified":"2026-03-27T14:23:52","modified_gmt":"2026-03-27T14:23:52","slug":"especializacion-en-ept-2001-01-08-formacion-preventiva-para-el-ejercicio-de-la-profesion-de-operador-de-maquinaria-todoterreno-y-cargadoras-en-actividades-al-aire-libre","status":"publish","type":"product","link":"https:\/\/previntegral.com\/es\/producto\/especialitat-en-ept-2001-01-08-formacio-preventiva-per-a-lexercici-del-lloc-doperador-de-maquinaria-darrencada-carrega-vials-en-activitats-dexterior\/","title":{"rendered":"RECICLAJE \u2013 N.\u00ba ET 2001-01-08 \u2013 Operador de maquinaria de desmontaje, carga y transporte, de cargadoras frontales y de excavadoras hidr\u00e1ulicas sobre orugas en trabajos al aire libre."},"content":{"rendered":"<p data-start=\"51\" data-end=\"574\">Este curso complementa el <strong>reciclaje regulado por la Orden ITC\/1316\/2008 y por la ITC 02.1.02,<\/strong> garantizar la formaci\u00f3n preventiva m\u00ednima obligatoria en el sector minero para los\u2019<strong>Operador de maquinaria para trabajos de desmonte, carga y caminos de transporte, palas cargadoras y excavadoras hidr\u00e1ulicas sobre orugas en operaciones al aire libre.<\/strong><br data-start=\"344\" data-end=\"347\" \/>Se imparte presencialmente, tiene una duraci\u00f3n de cinco horas y combina contenidos t\u00e9cnicos con casos pr\u00e1cticos. Esta formaci\u00f3n es obligatoria y requiere <strong>Reciclaje peri\u00f3dico de 5 horas cada dos a\u00f1os.<\/strong><\/p>\n<p data-start=\"581\" data-end=\"720\"><em>En caso de <strong>Si no tienes la especialidad correspondiente, ser\u00e1 necesario que realices la formaci\u00f3n de 20 horas.;<\/strong> P\u00f3ngase en contacto con nosotros para obtener m\u00e1s informaci\u00f3n.<\/em><\/p>","protected":false},"excerpt":{"rendered":"<p>Aquest curs dona compliment al reciclatge regulat per l\u2019Ordre ITC\/1316\/2008 i a la ITC 02.1.02, garantint la formaci\u00f3 preventiva m\u00ednima obligat\u00f2ria al sector miner per a l\u2019operador de maquin\u00e0ria d\u2019arrencada, c\u00e0rrega i vials, pala carregadora i excavadora hidr\u00e0ulica de cadenes en activitats d\u2019exterior.En modalitat presencial i amb una durada de 5 hores, combina continguts t\u00e8cnics [&hellip;]<\/p>\n","protected":false},"featured_media":5613,"comment_status":"open","ping_status":"closed","template":"","meta":{"_acf_changed":false},"product_brand":[],"product_cat":[43],"product_tag":[],"class_list":{"0":"post-5611","1":"product","2":"type-product","3":"status-publish","4":"has-post-thumbnail","6":"product_cat-miner","8":"first","9":"instock","10":"virtual","11":"taxable","12":"purchasable","13":"product-type-curso"},"acf":[],"precio_regular_curso":173.03,"precio_bonificado_curso":181.5,"_links":{"self":[{"href":"https:\/\/previntegral.com\/es\/wp-json\/wp\/v2\/product\/5611","targetHints":{"allow":["GET"]}}],"collection":[{"href":"https:\/\/previntegral.com\/es\/wp-json\/wp\/v2\/product"}],"about":[{"href":"https:\/\/previntegral.com\/es\/wp-json\/wp\/v2\/types\/product"}],"replies":[{"embeddable":true,"href":"https:\/\/previntegral.com\/es\/wp-json\/wp\/v2\/comments?post=5611"}],"wp:featuredmedia":[{"embeddable":true,"href":"https:\/\/previntegral.com\/es\/wp-json\/wp\/v2\/media\/5613"}],"wp:attachment":[{"href":"https:\/\/previntegral.com\/es\/wp-json\/wp\/v2\/media?parent=5611"}],"wp:term":[{"taxonomy":"product_brand","embeddable":true,"href":"https:\/\/previntegral.com\/es\/wp-json\/wp\/v2\/product_brand?post=5611"},{"taxonomy":"product_cat","embeddable":true,"href":"https:\/\/previntegral.com\/es\/wp-json\/wp\/v2\/product_cat?post=5611"},{"taxonomy":"product_tag","embeddable":true,"href":"https:\/\/previntegral.com\/es\/wp-json\/wp\/v2\/product_tag?post=5611"}],"curies":[{"name":"WordPress","href":"https:\/\/api.w.org\/{rel}","templated":true}]}}