{"id":5614,"date":"2025-12-09T17:02:52","date_gmt":"2025-12-09T17:02:52","guid":{"rendered":"https:\/\/previntegral.com\/producto\/especialitat-en-ept-2002-01-08-formacio-preventiva-per-a-lexercici-dels-llocs-doperador-darrencada-carrega-i-operador-de-perforacio-voladura-en-activitats-extractives-dinterior\/"},"modified":"2026-03-27T14:21:26","modified_gmt":"2026-03-27T14:21:26","slug":"especializacion-en-ept-2002-01-08-formacion-preventiva-para-el-ejercicio-de-los-puestos-de-operador-de-cargadora-operador-de-perforadora-y-operador-de-voladuras-en-actividades-extractivas-subterranea","status":"publish","type":"product","link":"https:\/\/previntegral.com\/es\/producto\/especialitat-en-ept-2002-01-08-formacio-preventiva-per-a-lexercici-dels-llocs-doperador-darrencada-carrega-i-operador-de-perforacio-voladura-en-activitats-extractives-dinterior\/","title":{"rendered":"RECICLAJE \u2013 N.\u00ba ET 2002-01-08 \u2013 Operador de transporte y carga y operador de perforaci\u00f3n y voladura, seleccionador, perforador y ayudante de minero, en actividades de extracci\u00f3n subterr\u00e1nea."},"content":{"rendered":"<p>Esta formaci\u00f3n da cumplimiento a<strong> reciclaje<\/strong> de la\u2019<strong>ITC 02.1.02<\/strong> aprobado mediante la Orden ITC\/1316\/2008 y establece la formaci\u00f3n preventiva m\u00ednima necesaria para el desempe\u00f1o de los puestos de\u2019<strong>Operador de arranque\/carga<\/strong> y de\u2019<strong>perforador y volador, perforador y ayudante de minero,<\/strong> en actividades extractivas subterr\u00e1neas. En <strong>Modo presencial<\/strong> y con una duraci\u00f3n concentrada de <strong>5 horas<\/strong>, combina explicaciones t\u00e9cnicas, casos reales y ejercicios de aplicaci\u00f3n para consolidar h\u00e1bitos de <strong>seguridad y salud<\/strong> de conformidad con el convenio del sector minero y la normativa vigente. Esta formaci\u00f3n es obligatoria y requiere un <strong>Reciclaje peri\u00f3dico de 5 horas cada dos a\u00f1os.<\/strong><\/p>\n<p>En caso de<strong><em> Si no cuenta con la especialidad correspondiente, deber\u00e1 completar la formaci\u00f3n de 20 horas.<\/em><\/strong>; ponte en contacto con nosotros para obtener m\u00e1s informaci\u00f3n.<\/p>","protected":false},"excerpt":{"rendered":"<p>Aquesta formaci\u00f3 dona compliment al reciclatge de l\u2019ITC 02.1.02 aprovada per l\u2019Ordre ITC\/1316\/2008 i proporciona la formaci\u00f3 preventiva m\u00ednima per a l\u2019exercici dels llocs d\u2019operador d\u2019arrencada\/c\u00e0rrega i d\u2019operador de perforaci\u00f3 i voladura picador, barrenista i ajudant miner, en activitats extractives d\u2019interior. En modalitat presencial i amb una durada concentrada de 5 hores, combina explicacions t\u00e8cniques, [&hellip;]<\/p>\n","protected":false},"featured_media":5616,"comment_status":"open","ping_status":"closed","template":"","meta":{"_acf_changed":false},"product_brand":[],"product_cat":[43],"product_tag":[],"class_list":{"0":"post-5614","1":"product","2":"type-product","3":"status-publish","4":"has-post-thumbnail","6":"product_cat-miner","8":"first","9":"instock","10":"virtual","11":"taxable","12":"purchasable","13":"product-type-curso"},"acf":[],"precio_regular_curso":173.03,"precio_bonificado_curso":181.5,"_links":{"self":[{"href":"https:\/\/previntegral.com\/es\/wp-json\/wp\/v2\/product\/5614","targetHints":{"allow":["GET"]}}],"collection":[{"href":"https:\/\/previntegral.com\/es\/wp-json\/wp\/v2\/product"}],"about":[{"href":"https:\/\/previntegral.com\/es\/wp-json\/wp\/v2\/types\/product"}],"replies":[{"embeddable":true,"href":"https:\/\/previntegral.com\/es\/wp-json\/wp\/v2\/comments?post=5614"}],"wp:featuredmedia":[{"embeddable":true,"href":"https:\/\/previntegral.com\/es\/wp-json\/wp\/v2\/media\/5616"}],"wp:attachment":[{"href":"https:\/\/previntegral.com\/es\/wp-json\/wp\/v2\/media?parent=5614"}],"wp:term":[{"taxonomy":"product_brand","embeddable":true,"href":"https:\/\/previntegral.com\/es\/wp-json\/wp\/v2\/product_brand?post=5614"},{"taxonomy":"product_cat","embeddable":true,"href":"https:\/\/previntegral.com\/es\/wp-json\/wp\/v2\/product_cat?post=5614"},{"taxonomy":"product_tag","embeddable":true,"href":"https:\/\/previntegral.com\/es\/wp-json\/wp\/v2\/product_tag?post=5614"}],"curies":[{"name":"WordPress","href":"https:\/\/api.w.org\/{rel}","templated":true}]}}