{"id":5617,"date":"2025-12-09T17:03:15","date_gmt":"2025-12-09T17:03:15","guid":{"rendered":"https:\/\/previntegral.com\/producto\/especialitat-en-ept-2003-01-10-formacio-preventiva-per-a-lexercici-dels-llocs-de-treball-enquadrats-en-els-grups-5-1-lletres-a-b-c-i-5-2-lletres-a-b-d-f-i-h-de-la-instruccio-tecnica-c\/"},"modified":"2026-03-27T14:22:25","modified_gmt":"2026-03-27T14:22:25","slug":"especializacion-en-ept-10-01-2003-formacion-preventiva-para-el-desempeno-de-puestos-de-trabajo-clasificados-en-los-grupos-5-1-letras-a-b-y-c-y-5-2-letras-a-b-d-f-y-h-de-la-instruccion-tecnica","status":"publish","type":"product","link":"https:\/\/previntegral.com\/es\/producto\/especialitat-en-ept-2003-01-10-formacio-preventiva-per-a-lexercici-dels-llocs-de-treball-enquadrats-en-els-grups-5-1-lletres-a-b-c-i-5-2-lletres-a-b-d-f-i-h-de-la-instruccio-tecnica-c\/","title":{"rendered":"RECICLAJE \u2013 N.\u00ba ET 2003.01.10 \u2013 Lugares de trabajo clasificados en los grupos 5.1 (letras a, b y c) y 5.2 (letras a, b, d, f y h) de la Instrucci\u00f3n T\u00e9cnica Complementaria 02.1.02"},"content":{"rendered":"<p>De conformidad con la Orden ITC\/1316\/2008, este curso ofrece la formaci\u00f3n de actualizaci\u00f3n establecida en dicha Orden. <strong>ITC 02.1.02<\/strong> para los lugares de los grupos 5.1 (a, b, c) y 5.2 (a, b, d, f, h), con especial atenci\u00f3n a <strong>investigaci\u00f3n y diversas actividades al aire libre<\/strong>. Est\u00e1 dirigido al personal de plantas de \u00e1ridos, canteras, graveras y minas subterr\u00e1neas, con el objetivo de satisfacer las necesidades de formaci\u00f3n del sector. En <strong>Modo presencial<\/strong> y con una duraci\u00f3n concentrada de <strong>5 horas<\/strong>, combina explicaciones t\u00e9cnicas, casos reales y ejercicios de aplicaci\u00f3n para consolidar h\u00e1bitos de <strong>seguridad y salud<\/strong> de conformidad con el convenio del sector minero y la normativa vigente. Esta formaci\u00f3n es obligatoria y requiere <strong data-start=\"549\" data-end=\"599\">reciclaje peri\u00f3dico de 5 horas cada 2 o 4 a\u00f1os<\/strong>, segons el lloc de treball.<\/p>\n<p>En caso de<strong><em> Si no cuenta con la especialidad correspondiente, deber\u00e1 completar la formaci\u00f3n de 20 horas.<\/em><\/strong>; ponte en contacto con nosotros para obtener m\u00e1s informaci\u00f3n.<\/p>\n<p>&nbsp;<\/p>","protected":false},"excerpt":{"rendered":"<p>En compliment de l\u2019Ordre ITC\/1316\/2008, aquest curs proporciona la formaci\u00f3 de reciclatge establerta a la ITC 02.1.02 per als llocs dels grups 5.1 (a, b, c) i 5.2 (a, b, d, f, h), amb focus en recerca i activitats diverses d\u2019exterior. Est\u00e0 dirigida al personal de plantes d\u2019\u00e0rids, pedreres, graveres i mineria subterr\u00e0nia, amb l\u2019objectiu [&hellip;]<\/p>\n","protected":false},"featured_media":5619,"comment_status":"open","ping_status":"closed","template":"","meta":{"_acf_changed":false},"product_brand":[],"product_cat":[43],"product_tag":[],"class_list":{"0":"post-5617","1":"product","2":"type-product","3":"status-publish","4":"has-post-thumbnail","6":"product_cat-miner","8":"first","9":"instock","10":"virtual","11":"taxable","12":"purchasable","13":"product-type-curso"},"acf":[],"precio_regular_curso":173.03,"precio_bonificado_curso":181.5,"_links":{"self":[{"href":"https:\/\/previntegral.com\/es\/wp-json\/wp\/v2\/product\/5617","targetHints":{"allow":["GET"]}}],"collection":[{"href":"https:\/\/previntegral.com\/es\/wp-json\/wp\/v2\/product"}],"about":[{"href":"https:\/\/previntegral.com\/es\/wp-json\/wp\/v2\/types\/product"}],"replies":[{"embeddable":true,"href":"https:\/\/previntegral.com\/es\/wp-json\/wp\/v2\/comments?post=5617"}],"wp:featuredmedia":[{"embeddable":true,"href":"https:\/\/previntegral.com\/es\/wp-json\/wp\/v2\/media\/5619"}],"wp:attachment":[{"href":"https:\/\/previntegral.com\/es\/wp-json\/wp\/v2\/media?parent=5617"}],"wp:term":[{"taxonomy":"product_brand","embeddable":true,"href":"https:\/\/previntegral.com\/es\/wp-json\/wp\/v2\/product_brand?post=5617"},{"taxonomy":"product_cat","embeddable":true,"href":"https:\/\/previntegral.com\/es\/wp-json\/wp\/v2\/product_cat?post=5617"},{"taxonomy":"product_tag","embeddable":true,"href":"https:\/\/previntegral.com\/es\/wp-json\/wp\/v2\/product_tag?post=5617"}],"curies":[{"name":"WordPress","href":"https:\/\/api.w.org\/{rel}","templated":true}]}}