{"id":7536,"date":"2026-02-19T15:41:38","date_gmt":"2026-02-19T15:41:38","guid":{"rendered":"https:\/\/previntegral.com\/producto\/directius-i-gerents-dempresa\/"},"modified":"2026-03-18T15:01:44","modified_gmt":"2026-03-18T15:01:44","slug":"directores-y-gerentes-de-empresas","status":"publish","type":"product","link":"https:\/\/previntegral.com\/es\/producto\/directius-i-gerents-dempresa\/","title":{"rendered":"Directores y gerentes de empresas"},"content":{"rendered":"<p>Este curso para <strong>Directores y gerentes<\/strong> El programa de la empresa est\u00e1 dise\u00f1ado para garantizar el cumplimiento de la Ley 32\/2006 que regula la subcontrataci\u00f3n en el sector de la construcci\u00f3n, que exige acreditar la formaci\u00f3n en <strong>Prevenci\u00f3n de riesgos laborales (PRL)<\/strong> tanto para el personal operativo como para los que desempe\u00f1an funciones directivas. Adaptado al sector de <strong>el cristal y las letras<\/strong>, cumple con <strong>convenio colectivo<\/strong> de las industrias extractivas, el vidrio y la cer\u00e1mica, y el comercio exclusivo de estos materiales. En <strong>Modo en l\u00ednea 100%<\/strong> y con una duraci\u00f3n de <strong>10 horas<\/strong>, El programa combina normativas aplicadas y casos pr\u00e1cticos para la gesti\u00f3n segura de los subcontratos. Abordaremos las responsabilidades en materia de salud y seguridad en el trabajo, la coordinaci\u00f3n de las actividades empresariales, la documentaci\u00f3n de las instalaciones y los requisitos. <strong>TPC<\/strong> para facilitar la acreditaci\u00f3n. Dirigido a ejecutivos y directivos que trabajan en obras de construcci\u00f3n como contratistas o subcontratistas en el sector del vidrio, ofrece un aprendizaje flexible y un certificado reconocido por la industria. Previntegral es un centro acreditado por la <strong>Comisionado Federal de Tierras<\/strong> (n.\u00ba 0505080031).<\/p>","protected":false},"excerpt":{"rendered":"<p>Aquest curs per a directius i gerents d\u2019empresa est\u00e0 dissenyat per garantir el compliment de la Llei 32\/2006 reguladora de la subcontractaci\u00f3 al sector de la construcci\u00f3, que exigeix acreditar formaci\u00f3 en prevenci\u00f3 de riscos laborals (PRL) tant del personal d\u2019obra com de qui exerceix funcions directives. Adaptat al sector del vidre i la retolaci\u00f3, [&hellip;]<\/p>\n","protected":false},"featured_media":7538,"comment_status":"open","ping_status":"closed","template":"","meta":{"_acf_changed":false},"product_brand":[],"product_cat":[40],"product_tag":[],"class_list":{"0":"post-7536","1":"product","2":"type-product","3":"status-publish","4":"has-post-thumbnail","6":"product_cat-vidre-i-retolacio","8":"first","9":"instock","10":"virtual","11":"taxable","12":"purchasable","13":"product-type-curso"},"acf":[],"precio_regular_curso":108.9,"precio_bonificado_curso":108.9,"_links":{"self":[{"href":"https:\/\/previntegral.com\/es\/wp-json\/wp\/v2\/product\/7536","targetHints":{"allow":["GET"]}}],"collection":[{"href":"https:\/\/previntegral.com\/es\/wp-json\/wp\/v2\/product"}],"about":[{"href":"https:\/\/previntegral.com\/es\/wp-json\/wp\/v2\/types\/product"}],"replies":[{"embeddable":true,"href":"https:\/\/previntegral.com\/es\/wp-json\/wp\/v2\/comments?post=7536"}],"wp:featuredmedia":[{"embeddable":true,"href":"https:\/\/previntegral.com\/es\/wp-json\/wp\/v2\/media\/7538"}],"wp:attachment":[{"href":"https:\/\/previntegral.com\/es\/wp-json\/wp\/v2\/media?parent=7536"}],"wp:term":[{"taxonomy":"product_brand","embeddable":true,"href":"https:\/\/previntegral.com\/es\/wp-json\/wp\/v2\/product_brand?post=7536"},{"taxonomy":"product_cat","embeddable":true,"href":"https:\/\/previntegral.com\/es\/wp-json\/wp\/v2\/product_cat?post=7536"},{"taxonomy":"product_tag","embeddable":true,"href":"https:\/\/previntegral.com\/es\/wp-json\/wp\/v2\/product_tag?post=7536"}],"curies":[{"name":"WordPress","href":"https:\/\/api.w.org\/{rel}","templated":true}]}}