{"id":7539,"date":"2026-02-19T15:42:16","date_gmt":"2026-02-19T15:42:16","guid":{"rendered":"https:\/\/previntegral.com\/producto\/muntador-destructures-de-fusta\/"},"modified":"2026-03-16T18:32:35","modified_gmt":"2026-03-16T18:32:35","slug":"desmontador-de-estructuras-de-madera","status":"publish","type":"product","link":"https:\/\/previntegral.com\/es\/producto\/muntador-destructures-de-fusta\/","title":{"rendered":"Montador de estructuras de madera"},"content":{"rendered":"<p>El curso de montador de estructuras de madera est\u00e1 dirigido a profesionales sujetos al convenio colectivo. <strong>Madera y mueble<\/strong> que desean consolidar su <strong>Habilidades t\u00e9cnicas y pr\u00e1cticas<\/strong> en el <strong>Montaje de estructuras de madera<\/strong>. Con una duraci\u00f3n de <strong>20 horas<\/strong> y modo <strong>100% en persona<\/strong>, combina sesiones te\u00f3ricas con talleres pr\u00e1cticos para trabajar en la disposici\u00f3n de las barras de refuerzo, la lectura de planos, los sistemas de anclaje, el encofrado y el uso seguro de herramientas y maquinaria port\u00e1til. La formaci\u00f3n integra el <strong>prevenci\u00f3n de riesgos laborales<\/strong> de conformidad con la normativa vigente y cumple con los requisitos de <strong>Normativa relativa a la Tarjeta de Profesional de la Construcci\u00f3n (TPC)<\/strong> para garantizar una ejecuci\u00f3n segura y eficiente en la obra. Se imparte en un centro acreditado por la Fundaci\u00f3n de Trabajadores de la Construcci\u00f3n y est\u00e1 dirigido al personal de producci\u00f3n, los operarios y los capataces que necesiten incorporarse al sector o reciclarse con garant\u00edas. Al finalizar, los alumnos ser\u00e1n capaces de organizar tareas, aplicar criterios de calidad y minimizar los incidentes durante el montaje y la instalaci\u00f3n de elementos de madera.<\/p>","protected":false},"excerpt":{"rendered":"<p>El curs de Muntador d\u2019estructures de fusta est\u00e0 pensat per a professionals del conveni de Fusta i moble que volen consolidar les seves compet\u00e8ncies t\u00e8cniques i pr\u00e0ctiques en el muntatge d\u2019estructures de fusta. Amb una durada de 20 hores i modalitat 100% presencial, combina sessions te\u00f2riques amb tallers aplicats per treballar replanteig, lectura de pl\u00e0nols, [&hellip;]<\/p>\n","protected":false},"featured_media":7541,"comment_status":"open","ping_status":"closed","template":"","meta":{"_acf_changed":false},"product_brand":[],"product_cat":[42],"product_tag":[],"class_list":{"0":"post-7539","1":"product","2":"type-product","3":"status-publish","4":"has-post-thumbnail","6":"product_cat-fusta-i-moble","8":"first","9":"instock","10":"virtual","11":"taxable","12":"purchasable","13":"product-type-curso"},"acf":[],"precio_regular_curso":340.01,"precio_bonificado_curso":358.16,"_links":{"self":[{"href":"https:\/\/previntegral.com\/es\/wp-json\/wp\/v2\/product\/7539","targetHints":{"allow":["GET"]}}],"collection":[{"href":"https:\/\/previntegral.com\/es\/wp-json\/wp\/v2\/product"}],"about":[{"href":"https:\/\/previntegral.com\/es\/wp-json\/wp\/v2\/types\/product"}],"replies":[{"embeddable":true,"href":"https:\/\/previntegral.com\/es\/wp-json\/wp\/v2\/comments?post=7539"}],"wp:featuredmedia":[{"embeddable":true,"href":"https:\/\/previntegral.com\/es\/wp-json\/wp\/v2\/media\/7541"}],"wp:attachment":[{"href":"https:\/\/previntegral.com\/es\/wp-json\/wp\/v2\/media?parent=7539"}],"wp:term":[{"taxonomy":"product_brand","embeddable":true,"href":"https:\/\/previntegral.com\/es\/wp-json\/wp\/v2\/product_brand?post=7539"},{"taxonomy":"product_cat","embeddable":true,"href":"https:\/\/previntegral.com\/es\/wp-json\/wp\/v2\/product_cat?post=7539"},{"taxonomy":"product_tag","embeddable":true,"href":"https:\/\/previntegral.com\/es\/wp-json\/wp\/v2\/product_tag?post=7539"}],"curies":[{"name":"WordPress","href":"https:\/\/api.w.org\/{rel}","templated":true}]}}