{"id":7542,"date":"2026-02-19T15:42:42","date_gmt":"2026-02-19T15:42:42","guid":{"rendered":"https:\/\/previntegral.com\/producto\/curs-de-seguretat-en-lus-de-transpalets\/"},"modified":"2026-03-16T18:32:35","modified_gmt":"2026-03-16T18:32:35","slug":"curso-de-seguridad-para-carretillas-elevadoras-2","status":"publish","type":"product","link":"https:\/\/previntegral.com\/es\/producto\/curs-de-seguretat-en-lus-de-transpalets\/","title":{"rendered":"Curso sobre seguridad en el uso de transpaletas"},"content":{"rendered":"<p>El curso de seguridad para el uso de transpaletas, conforme al art\u00edculo 19 de la <strong>Ley 31\/1995<\/strong> y el art\u00edculo 5 de <strong>RD 1215\/1997<\/strong>, ofrece a los trabajadores del sector <strong>Maquinaria<\/strong> de los conocimientos fundamentales necesarios para operar con garant\u00edas. Funciona sobre la <strong>Manipulaci\u00f3n segura<\/strong> de transpaletas, la selecci\u00f3n y el uso correcto de <strong>\u00cdndice de protecci\u00f3n equivalente<\/strong>, la identificaci\u00f3n de <strong>riesgos<\/strong> del medio ambiente y el reconocimiento de la <strong>dispositivos de seguridad<\/strong> de la m\u00e1quina. Mediante breves explicaciones y ejercicios pr\u00e1cticos guiados, se refuerzan las maniobras b\u00e1sicas, las comprobaciones previas, la estabilidad de la carga, la circulaci\u00f3n interna y la ergonom\u00eda. La formaci\u00f3n se imparte exclusivamente en <strong>Modo presencial<\/strong>, de car\u00e1cter <strong>Te\u00f3rico-pr\u00e1ctico<\/strong>, con una duraci\u00f3n habitual de <strong>Ocho horas<\/strong> (adaptable a 6 u 8 horas, seg\u00fan sea necesario) y con la opci\u00f3n <strong>En la empresa<\/strong> En el propio lugar de trabajo. Dirigida a personas que utilizan transpaletas en almacenes, log\u00edstica o producci\u00f3n, ayuda a reducir los incidentes, cumplir con la normativa y mejorar la eficiencia operativa. La formaci\u00f3n de actualizaci\u00f3n no es obligatoria, pero se recomienda realizarla cada cuatro a\u00f1os (sesi\u00f3n de cuatro horas).<\/p>","protected":false},"excerpt":{"rendered":"<p>El curs de seguretat en l\u2019\u00fas de transpalets, alineat amb l\u2019article 19 de la Llei 31\/1995 i l\u2019article 5 del RD 1215\/1997, dota els treballadors del sector de Maquin\u00e0ria dels coneixements clau per operar amb garanties. S\u2019hi treballen la manipulaci\u00f3 segura de transpalets, la selecci\u00f3 i \u00fas correcte dels EPI, la identificaci\u00f3 de riscos de [&hellip;]<\/p>\n","protected":false},"featured_media":7544,"comment_status":"open","ping_status":"closed","template":"","meta":{"_acf_changed":false},"product_brand":[],"product_cat":[53],"product_tag":[],"class_list":{"0":"post-7542","1":"product","2":"type-product","3":"status-publish","4":"has-post-thumbnail","6":"product_cat-maquinaria","8":"first","9":"instock","10":"virtual","11":"taxable","12":"purchasable","13":"product-type-curso"},"acf":[],"precio_regular_curso":278.3,"precio_bonificado_curso":292.82,"_links":{"self":[{"href":"https:\/\/previntegral.com\/es\/wp-json\/wp\/v2\/product\/7542","targetHints":{"allow":["GET"]}}],"collection":[{"href":"https:\/\/previntegral.com\/es\/wp-json\/wp\/v2\/product"}],"about":[{"href":"https:\/\/previntegral.com\/es\/wp-json\/wp\/v2\/types\/product"}],"replies":[{"embeddable":true,"href":"https:\/\/previntegral.com\/es\/wp-json\/wp\/v2\/comments?post=7542"}],"wp:featuredmedia":[{"embeddable":true,"href":"https:\/\/previntegral.com\/es\/wp-json\/wp\/v2\/media\/7544"}],"wp:attachment":[{"href":"https:\/\/previntegral.com\/es\/wp-json\/wp\/v2\/media?parent=7542"}],"wp:term":[{"taxonomy":"product_brand","embeddable":true,"href":"https:\/\/previntegral.com\/es\/wp-json\/wp\/v2\/product_brand?post=7542"},{"taxonomy":"product_cat","embeddable":true,"href":"https:\/\/previntegral.com\/es\/wp-json\/wp\/v2\/product_cat?post=7542"},{"taxonomy":"product_tag","embeddable":true,"href":"https:\/\/previntegral.com\/es\/wp-json\/wp\/v2\/product_tag?post=7542"}],"curies":[{"name":"WordPress","href":"https:\/\/api.w.org\/{rel}","templated":true}]}}