{"id":7545,"date":"2026-02-19T15:43:46","date_gmt":"2026-02-19T15:43:46","guid":{"rendered":"https:\/\/previntegral.com\/producto\/installador-de-retols\/"},"modified":"2026-03-16T18:32:35","modified_gmt":"2026-03-16T18:32:35","slug":"instalador-de-letreros","status":"publish","type":"product","link":"https:\/\/previntegral.com\/es\/producto\/installador-de-retols\/","title":{"rendered":"Instalador de letreros"},"content":{"rendered":"<p>El curso de instalador de letreros (<strong>8 de la tarde<\/strong>, <strong>presencial<\/strong>) forma a profesionales del sector <strong>el cristal y las letras<\/strong> intervenir de forma segura y con un alto nivel de calidad en obras e instalaciones comerciales. De acuerdo con la <strong>Ley 32\/2006<\/strong> Subcontrataci\u00f3n y el convenio colectivo de las industrias extractivas, vidrio y cer\u00e1mica, y comercio exclusivo, la formaci\u00f3n acredita conocimientos esenciales en <strong>prevenci\u00f3n de riesgos laborales<\/strong> para operarios y supervisores. Abarca la planificaci\u00f3n y lectura de planos, la selecci\u00f3n de\u2019<strong>anclajes<\/strong> y apoya el uso de\u2019<strong>\u00cdndice de protecci\u00f3n equivalente<\/strong> y el trabajo en <strong>altura<\/strong> con plataformas, la manipulaci\u00f3n segura de vidrio, acr\u00edlico y perfiles, riesgos el\u00e9ctricos y de corte, el <strong>se\u00f1alizaci\u00f3n<\/strong> y la delimitaci\u00f3n del emplazamiento, la gesti\u00f3n de residuos y la coordinaci\u00f3n de las actividades empresariales. Incluye ejercicios pr\u00e1cticos de montaje de r\u00f3tulos y vinilos, nivelaci\u00f3n y verificaci\u00f3n. Dise\u00f1ado para instaladores de r\u00f3tulos, instaladores de ventanas y cristales, capataces y jefes de equipo que necesitan demostrar el <strong>TPC<\/strong>. Previntegral es un centro acreditado por la <strong>Comisionado Federal de Tierras<\/strong> (n.\u00ba 0505080031), con validez sectorial y reconocimiento del certificado.<\/p>","protected":false},"excerpt":{"rendered":"<p>El curs Instal\u00b7lador de r\u00e8tols (20 h, presencial) capacita professionals del sector del vidre i la retolaci\u00f3 per intervenir amb seguretat i qualitat en obres i instal\u00b7lacions comercials. D\u2019acord amb la Llei 32\/2006 de subcontractaci\u00f3 i el conveni col\u00b7lectiu d\u2019ind\u00fastries extractives, del vidre i cer\u00e0miques i del comer\u00e7 exclusivista, la formaci\u00f3 acredita coneixements essencials en [&hellip;]<\/p>\n","protected":false},"featured_media":7547,"comment_status":"open","ping_status":"closed","template":"","meta":{"_acf_changed":false},"product_brand":[],"product_cat":[40],"product_tag":[],"class_list":{"0":"post-7545","1":"product","2":"type-product","3":"status-publish","4":"has-post-thumbnail","6":"product_cat-vidre-i-retolacio","8":"first","9":"instock","10":"virtual","11":"taxable","12":"purchasable","13":"product-type-curso"},"acf":[],"precio_regular_curso":340.01,"precio_bonificado_curso":358.16,"_links":{"self":[{"href":"https:\/\/previntegral.com\/es\/wp-json\/wp\/v2\/product\/7545","targetHints":{"allow":["GET"]}}],"collection":[{"href":"https:\/\/previntegral.com\/es\/wp-json\/wp\/v2\/product"}],"about":[{"href":"https:\/\/previntegral.com\/es\/wp-json\/wp\/v2\/types\/product"}],"replies":[{"embeddable":true,"href":"https:\/\/previntegral.com\/es\/wp-json\/wp\/v2\/comments?post=7545"}],"wp:featuredmedia":[{"embeddable":true,"href":"https:\/\/previntegral.com\/es\/wp-json\/wp\/v2\/media\/7547"}],"wp:attachment":[{"href":"https:\/\/previntegral.com\/es\/wp-json\/wp\/v2\/media?parent=7545"}],"wp:term":[{"taxonomy":"product_brand","embeddable":true,"href":"https:\/\/previntegral.com\/es\/wp-json\/wp\/v2\/product_brand?post=7545"},{"taxonomy":"product_cat","embeddable":true,"href":"https:\/\/previntegral.com\/es\/wp-json\/wp\/v2\/product_cat?post=7545"},{"taxonomy":"product_tag","embeddable":true,"href":"https:\/\/previntegral.com\/es\/wp-json\/wp\/v2\/product_tag?post=7545"}],"curies":[{"name":"WordPress","href":"https:\/\/api.w.org\/{rel}","templated":true}]}}